{"id":6326,"date":"2021-09-01T18:55:10","date_gmt":"2021-09-01T18:55:10","guid":{"rendered":"https:\/\/www.vechtecup.de\/?page_id=6326"},"modified":"2025-12-05T15:38:08","modified_gmt":"2025-12-05T15:38:08","slug":"datenschutz","status":"publish","type":"page","link":"https:\/\/www.ballfreunde.com\/sv\/datenschutz\/","title":{"rendered":"Skydd av personuppgifter"},"content":{"rendered":"<div data-elementor-type=\"wp-page\" data-elementor-id=\"6326\" class=\"elementor elementor-6326\" data-elementor-post-type=\"page\">\n\t\t\t\t\t\t<section class=\"elementor-section elementor-top-section elementor-element elementor-element-87ef35a elementor-section-full_width elementor-section-height-default elementor-section-height-default\" data-id=\"87ef35a\" data-element_type=\"section\" data-e-type=\"section\" data-settings=\"{&quot;background_background&quot;:&quot;classic&quot;}\">\n\t\t\t\t\t\t<div class=\"elementor-container elementor-column-gap-default\">\n\t\t\t\t\t<div class=\"elementor-column elementor-col-100 elementor-top-column elementor-element elementor-element-d5eb2a7\" data-id=\"d5eb2a7\" data-element_type=\"column\" data-e-type=\"column\">\n\t\t\t<div class=\"elementor-widget-wrap elementor-element-populated\">\n\t\t\t\t\t\t<div class=\"elementor-element elementor-element-85df69a elementor-hidden-tablet elementor-hidden-phone elementor-widget elementor-widget-heading\" data-id=\"85df69a\" data-element_type=\"widget\" data-e-type=\"widget\" data-widget_type=\"heading.default\">\n\t\t\t\t<div class=\"elementor-widget-container\">\n\t\t\t\t\t<h2 class=\"elementor-heading-title elementor-size-default\">Integritetspolicy<\/h2>\t\t\t\t<\/div>\n\t\t\t\t<\/div>\n\t\t\t\t<div class=\"elementor-element elementor-element-fde6b75 elementor-hidden-desktop elementor-widget elementor-widget-heading\" data-id=\"fde6b75\" data-element_type=\"widget\" data-e-type=\"widget\" data-widget_type=\"heading.default\">\n\t\t\t\t<div class=\"elementor-widget-container\">\n\t\t\t\t\t<h2 class=\"elementor-heading-title elementor-size-default\">Skydd av personuppgifter\n<br>f\u00f6rklaring<\/h2>\t\t\t\t<\/div>\n\t\t\t\t<\/div>\n\t\t\t\t<div class=\"elementor-element elementor-element-a71005e elementor-widget elementor-widget-text-editor\" data-id=\"a71005e\" data-element_type=\"widget\" data-e-type=\"widget\" data-widget_type=\"text-editor.default\">\n\t\t\t\t<div class=\"elementor-widget-container\">\n\t\t\t\t\t\t\t\t\t<p style=\"text-align: left;\"><strong>1. ansvarigt organ<\/strong><\/p><p style=\"text-align: left;\">BALLFREUNDE GmbH<br \/>Verkst\u00e4llande direkt\u00f6r: Fabian Ziethmann<\/p><p style=\"text-align: left;\">Waldweg 13<br \/>21465 Wentorf<\/p><p style=\"text-align: left;\">Tel.: +49 (0) 40 55895037<br \/>E-post: info@ballfreunde.com<\/p><p style=\"text-align: left;\"><strong>2. insamling, behandling och anv\u00e4ndning av personuppgifter<\/strong><\/p><p style=\"text-align: left;\"><strong>2.1 Personuppgifter<\/strong><\/p><p style=\"text-align: left;\">Personuppgifter \u00e4r information om faktiska eller personliga f\u00f6rh\u00e5llanden f\u00f6r en specifik eller identifierbar fysisk person. Detta inkluderar t.ex. namn, telefonnummer, adress och alla uppgifter som du l\u00e4mnar till oss i samband med deltagande i v\u00e5ra evenemang.<\/p><p style=\"text-align: left;\">Aggregerade uppgifter som vi samlar in, till exempel n\u00e4r du bes\u00f6ker v\u00e5r webbplats eller i form av r\u00e4kningar vid evenemang p\u00e5 plats, och som inte direkt kan kopplas till dig personligen, omfattas inte av detta.<\/p><p style=\"text-align: left;\"><strong>2.2 Insamling, behandling och anv\u00e4ndning av personuppgifter<\/strong><\/p><p style=\"text-align: left;\">Vi samlar in, lagrar och behandlar dina uppgifter f\u00f6r st\u00f6d inf\u00f6r och under deltagandet i v\u00e5ra evenemang, inklusive eventuella efterf\u00f6ljande garantier, f\u00f6r v\u00e5ra tj\u00e4nster, teknisk administration och v\u00e5ra egna marknadsf\u00f6rings\u00e4ndam\u00e5l. Dina personuppgifter kommer endast att vidarebefordras eller p\u00e5 annat s\u00e4tt \u00f6verf\u00f6ras till tredje part om detta \u00e4r n\u00f6dv\u00e4ndigt f\u00f6r avtalshantering eller fakturering eller om du har gett ditt samtycke i f\u00f6rv\u00e4g (till exempel m\u00e5ste vi vidarebefordra ditt namn till ett hotell eller flygbolag om du har bokat boendet eller transporttj\u00e4nsten via oss men ett tredje f\u00f6retag tillhandah\u00e5ller den relevanta tj\u00e4nsten). I samband med v\u00e5ra evenemang f\u00e5r t.ex. de tj\u00e4nsteleverant\u00f6rer som vi anv\u00e4nder h\u00e4r n\u00f6dv\u00e4ndiga uppgifter f\u00f6r orderbehandling. De uppgifter som vidarebefordras p\u00e5 detta s\u00e4tt f\u00e5r endast anv\u00e4ndas av v\u00e5ra tj\u00e4nsteleverant\u00f6rer f\u00f6r att fullg\u00f6ra deras uppdrag. N\u00e5gon annan anv\u00e4ndning av informationen \u00e4r inte till\u00e5ten och sker inte med n\u00e5gon av de tj\u00e4nsteleverant\u00f6rer som anf\u00f6rtrotts av oss. Dina personuppgifter kommer att raderas om detta inte strider mot lagstadgade lagringsskyldigheter och om du har h\u00e4vdat ett krav p\u00e5 radering, om uppgifterna inte l\u00e4ngre kr\u00e4vs f\u00f6r att uppfylla det syfte f\u00f6r vilket de lagrades eller om lagringen \u00e4r otill\u00e5ten av andra r\u00e4ttsliga sk\u00e4l.<\/p><p style=\"text-align: left;\"><strong>2.3 Reklam via e-post<\/strong><\/p><p style=\"text-align: left;\">Deltagare i v\u00e5ra evenemang kommer att f\u00e5 rekommendationer och information om framtida evenemang efter sitt deltagande. Du kommer att f\u00e5 dessa rekommendationer fr\u00e5n oss automatiskt. P\u00e5 detta s\u00e4tt vill vi skicka dig information om v\u00e5rt erbjudande som kan intressera dig baserat p\u00e5 ditt deltagande i tidigare evenemang. P\u00e5 s\u00e5 s\u00e4tt f\u00f6ljer vi strikt de r\u00e4ttsliga kraven. Om du inte l\u00e4ngre vill f\u00e5 rekommendationer eller marknadsf\u00f6ringsmeddelanden fr\u00e5n oss kan du n\u00e4r som helst inv\u00e4nda mot detta. Ett meddelande i textform till de kontaktuppgifter som anges i punkt 1 (t.ex. e-post, fax, brev) \u00e4r tillr\u00e4ckligt f\u00f6r detta \u00e4ndam\u00e5l. Naturligtvis hittar du ocks\u00e5 en avregistreringsl\u00e4nk i varje e-postmeddelande.<\/p><p style=\"text-align: left;\"><strong>3. loggfiler<\/strong><\/p><p style=\"text-align: left;\">Vid varje bes\u00f6k p\u00e5 v\u00e5ra webbplatser \u00f6verf\u00f6rs anv\u00e4ndningsdata av respektive webbl\u00e4sare och lagras i loggfiler, de s\u00e5 kallade serverloggfilerna. De lagrade dataposterna inneh\u00e5ller f\u00f6ljande data: Datum och tid f\u00f6r \u00e5tkomst, namn p\u00e5 den sida som n\u00e5s, IP-adress, referrer URL (ursprungsadress fr\u00e5n vilken du kom till webbsidorna), m\u00e4ngden \u00f6verf\u00f6rd data samt produkt- och versionsnummer f\u00f6r den webbl\u00e4sare som anv\u00e4nds. Anv\u00e4ndarnas IP-adresser raderas eller anonymiseras efter 30 dagar. Vid anonymisering \u00e4ndras IP-adresserna p\u00e5 ett s\u00e5dant s\u00e4tt att de enskilda detaljerna om personliga eller faktiska omst\u00e4ndigheter inte l\u00e4ngre kan tilldelas en specifik eller identifierbar fysisk person eller endast kan tilldelas en s\u00e5dan person med en oproportionerlig m\u00e4ngd tid, kostnad och anstr\u00e4ngning. Vi utv\u00e4rderar dessa loggfilsdataposter i anonymiserad form f\u00f6r att ytterligare f\u00f6rb\u00e4ttra v\u00e5r webbn\u00e4rvaro och f\u00f6r att snabbare hitta tekniska fel.<\/p><p style=\"text-align: left;\"><strong>4. Google Analytics<\/strong><\/p><p style=\"text-align: left;\">Denna webbplats anv\u00e4nder Google Analytics, en webbanalystj\u00e4nst som tillhandah\u00e5lls av Google, Inc (\"Google\"). Google Analytics anv\u00e4nder \"cookies\", som \u00e4r textfiler som placeras p\u00e5 din dator, f\u00f6r att hj\u00e4lpa webbplatsen att analysera hur anv\u00e4ndarna anv\u00e4nder webbplatsen. Den information som genereras av cookien om din anv\u00e4ndning av denna webbplats \u00f6verf\u00f6rs vanligtvis till en Google-server i USA och lagras d\u00e4r. Om IP-anonymisering \u00e4r aktiverad p\u00e5 denna webbplats kommer din IP-adress dock att f\u00f6rkortas i f\u00f6rv\u00e4g av Google inom medlemsstaterna i Europeiska unionen eller i andra avtalsslutande stater i avtalet om Europeiska ekonomiska samarbetsomr\u00e5det. Endast i undantagsfall kommer den fullst\u00e4ndiga IP-adressen att \u00f6verf\u00f6ras till en Google-server i USA och f\u00f6rkortas d\u00e4r. P\u00e5 uppdrag av operat\u00f6ren av denna webbplats kommer Google att anv\u00e4nda denna information i syfte att utv\u00e4rdera din anv\u00e4ndning av webbplatsen, sammanst\u00e4lla rapporter om webbplatsaktivitet och tillhandah\u00e5lla andra tj\u00e4nster relaterade till webbplatsaktivitet och internetanv\u00e4ndning till webbplatsoperat\u00f6ren. Den IP-adress som \u00f6verf\u00f6rs av din webbl\u00e4sare som en del av Google Analytics kommer inte att sl\u00e5s samman med andra Google-data. Du kan v\u00e4gra att anv\u00e4nda cookies genom att v\u00e4lja l\u00e4mpliga inst\u00e4llningar i din webbl\u00e4sare, men observera att om du g\u00f6r detta kanske du inte kan anv\u00e4nda alla funktioner p\u00e5 denna webbplats.<\/p><p style=\"text-align: left;\">Du kan ocks\u00e5 f\u00f6rhindra att Google samlar in data som genereras av cookien och som \u00e4r relaterade till din anv\u00e4ndning av webbplatsen (inklusive din IP-adress) och behandlingen av dessa data av Google genom att ladda ner och installera webbl\u00e4sarplugin som finns p\u00e5 f\u00f6ljande l\u00e4nk: http:\/\/tools.google.com\/dlpage\/gaoptout?hl=de<\/p><p style=\"text-align: left;\">Genom att anv\u00e4nda mannschaftsausfahrt.de samtycker du till att Google behandlar uppgifter om dig p\u00e5 det s\u00e4tt och f\u00f6r de syften som anges ovan.<\/p><p style=\"text-align: left;\">Om du inte vill att information om ditt bes\u00f6k p\u00e5 webbplatsen ska \u00f6verf\u00f6ras till Google Analytics, har du m\u00f6jlighet att installera ett \"avaktiveringstill\u00e4gg\" f\u00f6r din webbl\u00e4sare. Du kan ladda ner detta till\u00e4gg p\u00e5 http:\/\/tools.google.com\/dlpage\/gaoptout?hl=de. Observera dock att det f\u00f6r n\u00e4rvarande endast finns tillg\u00e4ngligt f\u00f6r Microsoft Internet Explorer, Google Chrome, Mozilla Firefox, Apple Safari och Opera.<\/p><p style=\"text-align: left;\">Utan ditt uttryckliga samtycke kommer vi inte att anv\u00e4nda sp\u00e5rningsverktygen f\u00f6r att samla in obem\u00e4rkta personuppgifter om dig, \u00f6verf\u00f6ra s\u00e5dana uppgifter till tredjepartsleverant\u00f6rer och marknadsf\u00f6ringsplattformar eller l\u00e4nka uppgifterna till dina personuppgifter (namn, adress etc.).<\/p><p data-path-to-node=\"5\"><strong>5. anv\u00e4ndning av WhatsApp-chatten p\u00e5 webbplatsen<\/strong><\/p><p data-path-to-node=\"3\">F\u00f6r att kunna erbjuda dig en snabb och direkt kommunikationskanal kan vi komma att anv\u00e4nda en <b>WhatsApp chattknapp<\/b> eller en motsvarande widget p\u00e5 v\u00e5r webbplats. Anv\u00e4ndningen av denna tj\u00e4nst kr\u00e4ver att s\u00e4rskilda dataskyddsbest\u00e4mmelser f\u00f6ljs:<\/p><ul data-path-to-node=\"4\"><li><p data-path-to-node=\"4,0,0\">Ansvarig tj\u00e4nsteleverant\u00f6r: WhatsApp-tj\u00e4nsten erbjuds av Meta Platforms, Inc. (tidigare Facebook Inc.) i USA. Metas integritetspolicy g\u00e4ller f\u00f6r anv\u00e4ndningen av tj\u00e4nsten.<\/p><\/li><li><p data-path-to-node=\"4,1,0\">Data\u00f6verf\u00f6ring: S\u00e5 snart du klickar p\u00e5 WhatsApp-knappen p\u00e5 v\u00e5r webbplats och startar chatten uppr\u00e4ttas en anslutning till Meta\/WhatsApp-servrarna. Personuppgifter kan \u00f6verf\u00f6ras till Meta i processen, i synnerhet<\/p><ul data-path-to-node=\"4,1,1\"><li><p data-path-to-node=\"4,1,1,0,0\">Ditt telefonnummer och motsvarande WhatsApp-ID.<\/p><\/li><li><p data-path-to-node=\"4,1,1,1,0\">Inneh\u00e5llet i de meddelanden du skickar.<\/p><\/li><li><p data-path-to-node=\"4,1,1,2,0\">Tekniska data (t.ex. tidpunkt f\u00f6r chatten, typ av enhet).<\/p><\/li><\/ul><\/li><li><p data-path-to-node=\"4,2,0\">Behandling av BALLFREUNDE: Den information som du skickar till oss via WhatsApp-chatten (t.ex. namn, f\u00f6rfr\u00e5gan, kontaktuppgifter) kommer att anv\u00e4ndas och behandlas av oss uteslutande f\u00f6r att behandla din f\u00f6rfr\u00e5gan eller f\u00f6r avtalsbehandling (registrering f\u00f6r evenemang).<\/p><\/li><li><p data-path-to-node=\"4,3,0\">R\u00e4ttslig grund: Anv\u00e4ndningen av WhatsApp-chatten \u00e4r frivillig och baseras p\u00e5 ditt uttryckliga samtycke (artikel 6.1 a i GDPR), som du ger genom att aktivt starta chatten.<\/p><\/li><li><p data-path-to-node=\"4,4,0\">Din kontroll: Om du vill f\u00f6rhindra \u00f6verf\u00f6ring av uppgifter till Meta\/WhatsApp, v\u00e4nligen anv\u00e4nd alternativa kontaktalternativ (t.ex. e-post eller telefon, se avsnitt 1). Observera att Meta\/WhatsApp, som ett amerikanskt f\u00f6retag, behandlar data utanf\u00f6r till\u00e4mpningsomr\u00e5det f\u00f6r GDPR.<\/p><\/li><\/ul><p data-path-to-node=\"5\"><b>Tips:<\/b> Vi har inget inflytande p\u00e5 datainsamling och vidare bearbetning av Meta\/WhatsApp. Vi rekommenderar att du l\u00e4ser Meta\/WhatsApps integritetspolicy innan du anv\u00e4nder tj\u00e4nsten.<\/p><p style=\"text-align: left;\"><strong>6. den registrerades r\u00e4tt till information<\/strong><\/p><p style=\"text-align: left;\">Enligt den tyska federala dataskyddslagen har du r\u00e4tt till kostnadsfri information om dina lagrade uppgifter och, om till\u00e4mpligt, r\u00e4tt att korrigera, blockera eller radera uppgifter. Vi tar skyddet av dina uppgifter p\u00e5 st\u00f6rsta allvar. F\u00f6r att s\u00e4kerst\u00e4lla att personuppgifter inte l\u00e4mnas ut till tredje part, v\u00e4nligen skicka din beg\u00e4ran via e-post eller post till den adress som anges under punkt 1.<\/p>\t\t\t\t\t\t\t\t<\/div>\n\t\t\t\t<\/div>\n\t\t\t\t\t<\/div>\n\t\t<\/div>\n\t\t\t\t\t<\/div>\n\t\t<\/section>\n\t\t\t\t<\/div>","protected":false},"excerpt":{"rendered":"<p>Datenschutzerkl\u00e4rung Datenschutz- erkl\u00e4rung 1. Verantwortliche Stelle BALLFREUNDE GmbHGesch\u00e4ftsf\u00fchrer: Fabian Ziethmann Waldweg 1321465 Wentorf Tel.: +49 (0) 40 55895037E-Mail: info@ballfreunde.com 2. Erhebung, Verarbeitung und Nutzung personenbezogener Daten 2.1 Personenbezogene Daten Personenbezogene Daten sind Angaben \u00fcber sachliche oder pers\u00f6nliche Verh\u00e4ltnisse einer bestimmten oder bestimmbaren nat\u00fcrlichen Person. Hierunter fallen beispielsweise Name, Telefonnummer, Anschrift sowie s\u00e4mtliche Daten, welche Sie [&hellip;]<\/p>\n","protected":false},"author":3,"featured_media":0,"parent":0,"menu_order":0,"comment_status":"closed","ping_status":"closed","template":"","meta":{"_jf_save_progress":"","_jet_sm_ready_style":"","_jet_sm_style":"","_jet_sm_controls_values":"","_jet_sm_fonts_collection":"","_jet_sm_fonts_links":"","_joinchat":[],"footnotes":""},"class_list":["post-6326","page","type-page","status-publish","hentry"],"_links":{"self":[{"href":"https:\/\/www.ballfreunde.com\/sv\/wp-json\/wp\/v2\/pages\/6326","targetHints":{"allow":["GET"]}}],"collection":[{"href":"https:\/\/www.ballfreunde.com\/sv\/wp-json\/wp\/v2\/pages"}],"about":[{"href":"https:\/\/www.ballfreunde.com\/sv\/wp-json\/wp\/v2\/types\/page"}],"author":[{"embeddable":true,"href":"https:\/\/www.ballfreunde.com\/sv\/wp-json\/wp\/v2\/users\/3"}],"replies":[{"embeddable":true,"href":"https:\/\/www.ballfreunde.com\/sv\/wp-json\/wp\/v2\/comments?post=6326"}],"version-history":[{"count":3,"href":"https:\/\/www.ballfreunde.com\/sv\/wp-json\/wp\/v2\/pages\/6326\/revisions"}],"predecessor-version":[{"id":44066,"href":"https:\/\/www.ballfreunde.com\/sv\/wp-json\/wp\/v2\/pages\/6326\/revisions\/44066"}],"wp:attachment":[{"href":"https:\/\/www.ballfreunde.com\/sv\/wp-json\/wp\/v2\/media?parent=6326"}],"curies":[{"name":"wp","href":"https:\/\/api.w.org\/{rel}","templated":true}]}}