{"id":16586,"date":"2022-09-09T07:18:15","date_gmt":"2022-09-09T07:18:15","guid":{"rendered":"https:\/\/www.ballfreunde.com\/?page_id=16586"},"modified":"2025-12-18T11:30:42","modified_gmt":"2025-12-18T11:30:42","slug":"elternabend","status":"publish","type":"page","link":"https:\/\/www.ballfreunde.com\/sv\/elternabend\/","title":{"rendered":"F\u00f6r\u00e4ldrakv\u00e4ll"},"content":{"rendered":"<div data-elementor-type=\"wp-page\" data-elementor-id=\"16586\" class=\"elementor elementor-16586\" data-elementor-post-type=\"page\">\n\t\t\t\t\t\t<section class=\"elementor-section elementor-top-section elementor-element elementor-element-ddc46c7 elementor-section-full_width elementor-section-height-default elementor-section-height-default\" data-id=\"ddc46c7\" data-element_type=\"section\" data-e-type=\"section\" data-settings=\"{&quot;background_background&quot;:&quot;classic&quot;}\">\n\t\t\t\t\t\t<div class=\"elementor-container elementor-column-gap-default\">\n\t\t\t\t\t<div class=\"elementor-column elementor-col-100 elementor-top-column elementor-element elementor-element-bf5db1f\" data-id=\"bf5db1f\" data-element_type=\"column\" data-e-type=\"column\">\n\t\t\t<div class=\"elementor-widget-wrap elementor-element-populated\">\n\t\t\t\t\t\t<div class=\"elementor-element elementor-element-06bef0c elementor-widget elementor-widget-heading\" data-id=\"06bef0c\" data-element_type=\"widget\" data-e-type=\"widget\" data-widget_type=\"heading.default\">\n\t\t\t\t<div class=\"elementor-widget-container\">\n\t\t\t\t\t<h2 class=\"elementor-heading-title elementor-size-default\">Beg\u00e4ran om f\u00f6r\u00e4ldrakv\u00e4ll<\/h2>\t\t\t\t<\/div>\n\t\t\t\t<\/div>\n\t\t\t\t<div class=\"elementor-element elementor-element-d1594ad elementor-widget elementor-widget-heading\" data-id=\"d1594ad\" data-element_type=\"widget\" data-e-type=\"widget\" data-widget_type=\"heading.default\">\n\t\t\t\t<div class=\"elementor-widget-container\">\n\t\t\t\t\t<h2 class=\"elementor-heading-title elementor-size-default\">Vi st\u00f6der er aktivt under f\u00f6r\u00e4ldrakv\u00e4llen och erbjuder <br>Vi kommer att besvara dina f\u00f6r\u00e4ldrars fr\u00e5gor direkt.<\/h2>\t\t\t\t<\/div>\n\t\t\t\t<\/div>\n\t\t\t\t<div class=\"elementor-element elementor-element-db18041 elementor-hidden-mobile elementor-widget elementor-widget-text-editor\" data-id=\"db18041\" data-element_type=\"widget\" data-e-type=\"widget\" data-widget_type=\"text-editor.default\">\n\t\t\t\t<div class=\"elementor-widget-container\">\n\t\t\t\t\t\t\t\t\t<p>Vi \u00e4lskar avslutningsresor och teambuilding-aktiviteter eftersom de formar oss och framf\u00f6r allt v\u00e5ra barn. Det \u00e4r d\u00e4rf\u00f6r vi som tr\u00e4nare alltid \u00e4r glada \u00f6ver att ta p\u00e5 oss organisationen av en avslutning. Men vi k\u00e4nner alla till \u00f6gonblicket n\u00e4r f\u00f6r\u00e4ldrarna st\u00e4ller fr\u00e5gor till oss och vi kort \u00e5ngrar att vi tog \u00f6ver organisationen.<\/p><p>Det \u00e4r h\u00e4r vi kommer att st\u00f6dja er fr\u00e5n och med nu. Vi kommer att delta aktivt i era f\u00f6r\u00e4ldram\u00f6ten och f\u00f6r\u00e4ldrarna kan st\u00e4lla sina fr\u00e5gor direkt till oss. Vi kommer att ge dig adekvata expertsvar och bespara dig ytterligare en f\u00f6r\u00e4ldrakv\u00e4ll och nervkittlande diskussioner.\u00a0<\/p><p>Vi ser fram emot din f\u00f6rfr\u00e5gan och v\u00e5r gemensamma f\u00f6r\u00e4ldrakv\u00e4ll!<\/p>\t\t\t\t\t\t\t\t<\/div>\n\t\t\t\t<\/div>\n\t\t\t\t<div class=\"elementor-element elementor-element-6f19270 elementor-hidden-mobile elementor-widget elementor-widget-heading\" data-id=\"6f19270\" data-element_type=\"widget\" data-e-type=\"widget\" data-widget_type=\"heading.default\">\n\t\t\t\t<div class=\"elementor-widget-container\">\n\t\t\t\t\t<h2 class=\"elementor-heading-title elementor-size-default\">Fyll i det korta kontaktformul\u00e4ret om du vill att vi ska skicka dig aktiva, kostnadsfria <br>Du skulle vilja ha st\u00f6d vid f\u00f6r\u00e4ldrakv\u00e4llen.<\/h2>\t\t\t\t<\/div>\n\t\t\t\t<\/div>\n\t\t\t\t\t<\/div>\n\t\t<\/div>\n\t\t\t\t\t<\/div>\n\t\t<\/section>\n\t\t\t\t<section class=\"elementor-section elementor-top-section elementor-element elementor-element-d46062f elementor-section-full_width elementor-section-stretched elementor-hidden-mobile elementor-section-height-default elementor-section-height-default\" data-id=\"d46062f\" data-element_type=\"section\" data-e-type=\"section\" data-settings=\"{&quot;stretch_section&quot;:&quot;section-stretched&quot;}\">\n\t\t\t\t\t\t<div class=\"elementor-container elementor-column-gap-default\">\n\t\t\t\t\t<div class=\"elementor-column elementor-col-100 elementor-top-column elementor-element elementor-element-d022515\" data-id=\"d022515\" data-element_type=\"column\" data-e-type=\"column\">\n\t\t\t<div class=\"elementor-widget-wrap elementor-element-populated\">\n\t\t\t\t\t\t<div class=\"elementor-element elementor-element-831210f elementor-widget elementor-widget-heading\" data-id=\"831210f\" data-element_type=\"widget\" data-e-type=\"widget\" data-widget_type=\"heading.default\">\n\t\t\t\t<div class=\"elementor-widget-container\">\n\t\t\t\t\t<h2 class=\"elementor-heading-title elementor-size-default\">Vilka \u00e4r f\u00f6rdelarna med SUPPORTING PARENTS' EVENING?<\/h2>\t\t\t\t<\/div>\n\t\t\t\t<\/div>\n\t\t\t\t<div class=\"elementor-element elementor-element-59deae5 elementor-align-center elementor-icon-list--layout-traditional elementor-list-item-link-full_width elementor-widget elementor-widget-icon-list\" data-id=\"59deae5\" data-element_type=\"widget\" data-e-type=\"widget\" data-widget_type=\"icon-list.default\">\n\t\t\t\t<div class=\"elementor-widget-container\">\n\t\t\t\t\t\t\t<ul class=\"elementor-icon-list-items\">\n\t\t\t\t\t\t\t<li class=\"elementor-icon-list-item\">\n\t\t\t\t\t\t\t\t\t\t\t<span class=\"elementor-icon-list-icon\">\n\t\t\t\t\t\t\t<i aria-hidden=\"true\" class=\"fas fa-check\"><\/i>\t\t\t\t\t\t<\/span>\n\t\t\t\t\t\t\t\t\t\t<span class=\"elementor-icon-list-text\">Stressfri organisation<\/span>\n\t\t\t\t\t\t\t\t\t<\/li>\n\t\t\t\t\t\t\t\t<li class=\"elementor-icon-list-item\">\n\t\t\t\t\t\t\t\t\t\t\t<span class=\"elementor-icon-list-icon\">\n\t\t\t\t\t\t\t<i aria-hidden=\"true\" class=\"fas fa-check\"><\/i>\t\t\t\t\t\t<\/span>\n\t\t\t\t\t\t\t\t\t\t<span class=\"elementor-icon-list-text\">Felfri kommunikation<\/span>\n\t\t\t\t\t\t\t\t\t<\/li>\n\t\t\t\t\t\t\t\t<li class=\"elementor-icon-list-item\">\n\t\t\t\t\t\t\t\t\t\t\t<span class=\"elementor-icon-list-icon\">\n\t\t\t\t\t\t\t<i aria-hidden=\"true\" class=\"fas fa-check\"><\/i>\t\t\t\t\t\t<\/span>\n\t\t\t\t\t\t\t\t\t\t<span class=\"elementor-icon-list-text\">Endast en f\u00f6r\u00e4ldrakv\u00e4ll \u00e4r n\u00f6dv\u00e4ndig, eftersom vi kan klarg\u00f6ra alla fr\u00e5gor direkt<\/span>\n\t\t\t\t\t\t\t\t\t<\/li>\n\t\t\t\t\t\t\t\t<li class=\"elementor-icon-list-item\">\n\t\t\t\t\t\t\t\t\t\t\t<span class=\"elementor-icon-list-icon\">\n\t\t\t\t\t\t\t<i aria-hidden=\"true\" class=\"fas fa-check\"><\/i>\t\t\t\t\t\t<\/span>\n\t\t\t\t\t\t\t\t\t\t<span class=\"elementor-icon-list-text\">Tidsbesparing<\/span>\n\t\t\t\t\t\t\t\t\t<\/li>\n\t\t\t\t\t\t\t\t<li class=\"elementor-icon-list-item\">\n\t\t\t\t\t\t\t\t\t\t\t<span class=\"elementor-icon-list-icon\">\n\t\t\t\t\t\t\t<i aria-hidden=\"true\" class=\"fas fa-check\"><\/i>\t\t\t\t\t\t<\/span>\n\t\t\t\t\t\t\t\t\t\t<span class=\"elementor-icon-list-text\">Uppb\u00f6rd av ansvar<\/span>\n\t\t\t\t\t\t\t\t\t<\/li>\n\t\t\t\t\t\t\t\t<li class=\"elementor-icon-list-item\">\n\t\t\t\t\t\t\t\t\t\t\t<span class=\"elementor-icon-list-icon\">\n\t\t\t\t\t\t\t<i aria-hidden=\"true\" class=\"fas fa-check\"><\/i>\t\t\t\t\t\t<\/span>\n\t\t\t\t\t\t\t\t\t\t<span class=\"elementor-icon-list-text\">ytterligare \u00f6vertalning<\/span>\n\t\t\t\t\t\t\t\t\t<\/li>\n\t\t\t\t\t\t<\/ul>\n\t\t\t\t\t\t<\/div>\n\t\t\t\t<\/div>\n\t\t\t\t\t<\/div>\n\t\t<\/div>\n\t\t\t\t\t<\/div>\n\t\t<\/section>\n\t\t\t\t<section class=\"elementor-section elementor-top-section elementor-element elementor-element-d614ac4 elementor-section-boxed elementor-section-height-default elementor-section-height-default\" data-id=\"d614ac4\" data-element_type=\"section\" data-e-type=\"section\">\n\t\t\t\t\t\t<div class=\"elementor-container elementor-column-gap-default\">\n\t\t\t\t\t<div class=\"elementor-column elementor-col-100 elementor-top-column elementor-element elementor-element-2a87c8a\" data-id=\"2a87c8a\" data-element_type=\"column\" data-e-type=\"column\">\n\t\t\t<div class=\"elementor-widget-wrap elementor-element-populated\">\n\t\t\t\t\t\t<div class=\"elementor-element elementor-element-edd487d elementor-widget elementor-widget-jet-engine-booking-form\" data-id=\"edd487d\" data-element_type=\"widget\" data-e-type=\"widget\" data-widget_type=\"jet-engine-booking-form.default\">\n\t\t\t\t<div class=\"elementor-widget-container\">\n\t\t\t\t\t<form  class=\"jet-form layout-column submit-type-reload\" action=\"\/sv\/wp-json\/wp\/v2\/pages\/16586?jet_engine_action=book&#038;nocache=1777391298\" method=\"POST\" data-form-id=\"16619\" data-trp-original-action=\"\/sv\/wp-json\/wp\/v2\/pages\/16586?jet_engine_action=book&#038;nocache=1777391298\"><input class=\"jet-form__field hidden-field\" type=\"hidden\" name=\"_jet_engine_booking_form_id\" value=\"16619\" data-field-name=\"_jet_engine_booking_form_id\"><input class=\"jet-form__field hidden-field\" type=\"hidden\" name=\"_jet_engine_refer\" value=\"https:\/\/www.ballfreunde.com\/sv\/wp-json\/wp\/v2\/pages\/16586\" data-field-name=\"_jet_engine_refer\"><div  class=\"jet-form-row jet-form-row--hidden\"><div class=\"jet-form-col jet-form-col-12  field-type-hidden  jet-form-field-container\" data-field=\"referrer\" data-conditional=\"false\"><input class=\"jet-form__field hidden-field\" type=\"hidden\" name=\"referrer\" value=\"Elternabend\" data-field-name=\"referrer\"><\/div><\/div><div  class=\"jet-form-row jet-form-row--first-visible\"><div class=\"jet-form-col jet-form-col-6  field-type-text  jet-form-field-container\" data-field=\"vorname\" data-conditional=\"false\"><div class=\"jet-form__label\">\n\t<span class=\"jet-form__label-text\" >F\u00f6rnamn<span class=\"jet-form__required\">*<\/span><\/span>\n\t<\/div><input class=\"jet-form__field text-field\" value=\"\" required=\"required\" name=\"vorname\" id=\"vorname\" type=\"text\" data-field-name=\"vorname\"><\/div><div class=\"jet-form-col jet-form-col-6  field-type-text  jet-form-field-container\" data-field=\"nachname\" data-conditional=\"false\"><div class=\"jet-form__label\">\n\t<span class=\"jet-form__label-text\" >Efternamn<span class=\"jet-form__required\">*<\/span><\/span>\n\t<\/div><input class=\"jet-form__field text-field\" value=\"\" required=\"required\" name=\"nachname\" id=\"nachname\" type=\"text\" data-field-name=\"nachname\"><\/div><\/div><div  class=\"jet-form-row\"><div class=\"jet-form-col jet-form-col-6  field-type-text  jet-form-field-container\" data-field=\"email\" data-conditional=\"false\"><div class=\"jet-form__label\">\n\t<span class=\"jet-form__label-text\" >E-post<span class=\"jet-form__required\">*<\/span><\/span>\n\t<\/div><input class=\"jet-form__field text-field\" value=\"\" required=\"required\" name=\"email\" id=\"email\" type=\"text\" data-field-name=\"email\"><\/div><div class=\"jet-form-col jet-form-col-6  field-type-text  jet-form-field-container\" data-field=\"mobilnummer\" data-conditional=\"false\"><div class=\"jet-form__label\">\n\t<span class=\"jet-form__label-text\" >Mobilnummer<\/span>\n\t<\/div><input class=\"jet-form__field text-field\" value=\"\" name=\"mobilnummer\" id=\"mobilnummer\" type=\"text\" data-field-name=\"mobilnummer\"><small class=\"jet-form__desc\"><span class=\"jet-form__desc-text\">Det \u00e4r inte obligatoriskt att ange mobilnumret, men det g\u00f6r kommunikationen mycket enklare efter\u00e5t.<\/span><\/small><\/div><\/div><div  class=\"jet-form-row\"><div class=\"jet-form-col jet-form-col-6  field-type-text  jet-form-field-container\" data-field=\"verein\" data-conditional=\"false\"><div class=\"jet-form__label\">\n\t<span class=\"jet-form__label-text\" >Namn klubb<span class=\"jet-form__required\">*<\/span><\/span>\n\t<\/div><input class=\"jet-form__field text-field\" value=\"\" required=\"required\" name=\"verein\" id=\"verein\" type=\"text\" data-field-name=\"verein\"><\/div><div class=\"jet-form-col jet-form-col-6  field-type-text  jet-form-field-container\" data-field=\"wunschtermin\" data-conditional=\"false\"><div class=\"jet-form__label\">\n\t<span class=\"jet-form__label-text\" >\u00d6nskat datum<\/span>\n\t<\/div><input class=\"jet-form__field text-field\" value=\"\" name=\"wunschtermin\" id=\"wunschtermin\" type=\"text\" data-field-name=\"wunschtermin\"><small class=\"jet-form__desc\"><span class=\"jet-form__desc-text\">Om du redan vet n\u00e4r din f\u00f6r\u00e4ldrakv\u00e4ll \u00e4ger rum, ange datum och tid h\u00e4r.<\/span><\/small><\/div><\/div><div  class=\"jet-form-row\"><div class=\"jet-form-col jet-form-col-12  field-type-textarea  jet-form-field-container\" data-field=\"hinweise\" data-conditional=\"false\"><div class=\"jet-form__label\">\n\t<span class=\"jet-form__label-text\" >Noter<\/span>\n\t<\/div><textarea class=\"jet-form__field textarea-field\" name=\"hinweise\" data-field-name=\"hinweise\" id=\"hinweise\"><\/textarea><\/div><\/div><div  class=\"jet-form-row jet-form-row--submit\"><div class=\"jet-form-col jet-form-col-12  field-type-submit  jet-form-field-container\" data-field=\"Submit\" data-conditional=\"false\"><div class=\"jet-form__submit-wrap\">\n\t\t<button class=\"jet-form__submit submit-type-reload\" type=\"submit\">Skicka f\u00f6rfr\u00e5gan<\/button>\n<\/div><\/div><\/div><div  class=\"jet-form-row jet-form-row--hidden\"><div class=\"jet-form-col jet-form-col-12  field-type-hidden  jet-form-field-container\" data-field=\"integromat_status\" data-conditional=\"false\"><input class=\"jet-form__field hidden-field\" type=\"hidden\" name=\"integromat_status\" value=\"0\" data-field-name=\"integromat_status\"><\/div><\/div><input class=\"jet-form__field hidden-field\" type=\"hidden\" name=\"_jet_engine_nonce\" value=\"3add286e23\" data-field-name=\"_jet_engine_nonce\"><input type=\"hidden\" name=\"trp-form-language\" value=\"sv\"\/><\/form>\t\t\t\t<\/div>\n\t\t\t\t<\/div>\n\t\t\t\t\t<\/div>\n\t\t<\/div>\n\t\t\t\t\t<\/div>\n\t\t<\/section>\n\t\t\t\t<\/div>","protected":false},"excerpt":{"rendered":"<p>Anfrage Elternabend Wir unterst\u00fctzen Dich aktiv beim Elternabend und stellen uns den Fragen Deiner Eltern direkt. Wir lieben Abschlussfahrten und teambildende Ma\u00dfnahmen, denn sie pr\u00e4gen uns und vor allem unsere Kinder. Daher nehmen wir als Trainer:innen auch jedes Mal wieder gerne die Organisation eines Abschlusses in die Hand. Nichtsdestotrotz kennen wir alle den Moment, in [&hellip;]<\/p>\n","protected":false},"author":2,"featured_media":0,"parent":0,"menu_order":0,"comment_status":"closed","ping_status":"closed","template":"","meta":{"_jf_save_progress":"","_jet_sm_ready_style":"","_jet_sm_style":"","_jet_sm_controls_values":"","_jet_sm_fonts_collection":"","_jet_sm_fonts_links":"","_joinchat":[],"footnotes":""},"class_list":["post-16586","page","type-page","status-publish","hentry"],"_links":{"self":[{"href":"https:\/\/www.ballfreunde.com\/sv\/wp-json\/wp\/v2\/pages\/16586","targetHints":{"allow":["GET"]}}],"collection":[{"href":"https:\/\/www.ballfreunde.com\/sv\/wp-json\/wp\/v2\/pages"}],"about":[{"href":"https:\/\/www.ballfreunde.com\/sv\/wp-json\/wp\/v2\/types\/page"}],"author":[{"embeddable":true,"href":"https:\/\/www.ballfreunde.com\/sv\/wp-json\/wp\/v2\/users\/2"}],"replies":[{"embeddable":true,"href":"https:\/\/www.ballfreunde.com\/sv\/wp-json\/wp\/v2\/comments?post=16586"}],"version-history":[{"count":3,"href":"https:\/\/www.ballfreunde.com\/sv\/wp-json\/wp\/v2\/pages\/16586\/revisions"}],"predecessor-version":[{"id":44496,"href":"https:\/\/www.ballfreunde.com\/sv\/wp-json\/wp\/v2\/pages\/16586\/revisions\/44496"}],"wp:attachment":[{"href":"https:\/\/www.ballfreunde.com\/sv\/wp-json\/wp\/v2\/media?parent=16586"}],"curies":[{"name":"wp","href":"https:\/\/api.w.org\/{rel}","templated":true}]}}