{"id":16129,"date":"2022-08-21T09:15:08","date_gmt":"2022-08-21T09:15:08","guid":{"rendered":"https:\/\/www.ballfreunde.com\/?page_id=16129"},"modified":"2022-09-14T11:08:34","modified_gmt":"2022-09-14T11:08:34","slug":"rueckblick-2022","status":"publish","type":"page","link":"https:\/\/www.ballfreunde.com\/nl\/rueckblick-2022\/","title":{"rendered":"Recensie 2022"},"content":{"rendered":"<div data-elementor-type=\"wp-page\" data-elementor-id=\"16129\" class=\"elementor elementor-16129\" data-elementor-post-type=\"page\">\n\t\t\t\t\t\t<section class=\"elementor-section elementor-top-section elementor-element elementor-element-66a0030 elementor-section-boxed elementor-section-height-default elementor-section-height-default\" data-id=\"66a0030\" data-element_type=\"section\" data-e-type=\"section\" data-settings=\"{&quot;background_background&quot;:&quot;classic&quot;}\">\n\t\t\t\t\t\t<div class=\"elementor-container elementor-column-gap-default\">\n\t\t\t\t\t<div class=\"elementor-column elementor-col-100 elementor-top-column elementor-element elementor-element-6f672da\" data-id=\"6f672da\" data-element_type=\"column\" data-e-type=\"column\">\n\t\t\t<div class=\"elementor-widget-wrap elementor-element-populated\">\n\t\t\t\t\t\t<div class=\"elementor-element elementor-element-6fcac80 elementor-widget elementor-widget-heading\" data-id=\"6fcac80\" data-element_type=\"widget\" data-e-type=\"widget\" data-widget_type=\"heading.default\">\n\t\t\t\t<div class=\"elementor-widget-container\">\n\t\t\t\t\t<h2 class=\"elementor-heading-title elementor-size-default\">Recensie 2022<\/h2>\t\t\t\t<\/div>\n\t\t\t\t<\/div>\n\t\t\t\t<div class=\"elementor-element elementor-element-68345a6 elementor-widget elementor-widget-heading\" data-id=\"68345a6\" data-element_type=\"widget\" data-e-type=\"widget\" data-widget_type=\"heading.default\">\n\t\t\t\t<div class=\"elementor-widget-container\">\n\t\t\t\t\t<h2 class=\"elementor-heading-title elementor-size-default\">Wat een geweldig 2022 toernooiseizoen<\/h2>\t\t\t\t<\/div>\n\t\t\t\t<\/div>\n\t\t\t\t<div class=\"elementor-element elementor-element-019e71f elementor-widget elementor-widget-text-editor\" data-id=\"019e71f\" data-element_type=\"widget\" data-e-type=\"widget\" data-widget_type=\"text-editor.default\">\n\t\t\t\t<div class=\"elementor-widget-container\">\n\t\t\t\t\t\t\t\t\t<p>\u00a0<\/p><p>We willen ook van de gelegenheid gebruik maken om alle deelnemers te bedanken voor het sensationele toernooiseizoen 2022! Hieronder vindt u een geweldige review video - we zijn er trots op u een deel van ons te mogen noemen.<\/p><p><\/p><p><\/p><p><\/p><p><\/p><p><\/p><p><\/p><p><\/p><p><\/p><p><\/p><p><\/p><p>Uiteraard zouden wij u volgend jaar graag weer op onze evenementen verwelkomen.<br \/>Uw BALLFREUNDE<\/p>\t\t\t\t\t\t\t\t<\/div>\n\t\t\t\t<\/div>\n\t\t\t\t\t<\/div>\n\t\t<\/div>\n\t\t\t\t\t<\/div>\n\t\t<\/section>\n\t\t\t\t<section class=\"elementor-section elementor-top-section elementor-element elementor-element-351f7e3 elementor-section-boxed elementor-section-height-default elementor-section-height-default\" data-id=\"351f7e3\" data-element_type=\"section\" data-e-type=\"section\">\n\t\t\t\t\t\t<div class=\"elementor-container elementor-column-gap-default\">\n\t\t\t\t\t<div class=\"elementor-column elementor-col-100 elementor-top-column elementor-element elementor-element-e3fe6a5\" data-id=\"e3fe6a5\" data-element_type=\"column\" data-e-type=\"column\">\n\t\t\t<div class=\"elementor-widget-wrap elementor-element-populated\">\n\t\t\t\t\t\t<div class=\"elementor-element elementor-element-aa6ce62 elementor-widget elementor-widget-video\" data-id=\"aa6ce62\" data-element_type=\"widget\" data-e-type=\"widget\" data-settings=\"{&quot;video_type&quot;:&quot;hosted&quot;,&quot;controls&quot;:&quot;yes&quot;}\" data-widget_type=\"video.default\">\n\t\t\t\t<div class=\"elementor-widget-container\">\n\t\t\t\t\t\t\t<div class=\"e-hosted-video elementor-wrapper elementor-open-inline\">\n\t\t\t\t\t<video class=\"elementor-video\" src=\"https:\/\/www.ballfreunde.com\/wp-content\/uploads\/Ballfreunde-Thanks-SeeYou2023-1.mp4\" controls=\"\" preload=\"metadata\" controlslist=\"nodownload\"><\/video>\n\t\t\t\t<\/div>\n\t\t\t\t\t\t<\/div>\n\t\t\t\t<\/div>\n\t\t\t\t\t<\/div>\n\t\t<\/div>\n\t\t\t\t\t<\/div>\n\t\t<\/section>\n\t\t\t\t<\/div>","protected":false},"excerpt":{"rendered":"<p>R\u00fcckblick 2022 Was f\u00fcr eine tolle Turniersaison 2022 \u00a0 Gerne m\u00f6chten wir uns auf diesem Wege auch bei allen Teilnehmer*innen f\u00fcr die sensationelle Turniersaison 2022 bedanken! Im Folgenden findet ihr ein tolles R\u00fcckblick-Video &#8211; wir sind stolz Euch einen Teil von uns zu nennen. Wir w\u00fcrden uns nat\u00fcrlich sehr freuen Euch im kommenden Jahr auch [&hellip;]<\/p>\n","protected":false},"author":2,"featured_media":0,"parent":0,"menu_order":0,"comment_status":"closed","ping_status":"closed","template":"","meta":{"_jf_save_progress":"","_jet_sm_ready_style":"","_jet_sm_style":"","_jet_sm_controls_values":"","_jet_sm_fonts_collection":"","_jet_sm_fonts_links":"","_joinchat":[],"footnotes":""},"class_list":["post-16129","page","type-page","status-publish","hentry"],"_links":{"self":[{"href":"https:\/\/www.ballfreunde.com\/nl\/wp-json\/wp\/v2\/pages\/16129","targetHints":{"allow":["GET"]}}],"collection":[{"href":"https:\/\/www.ballfreunde.com\/nl\/wp-json\/wp\/v2\/pages"}],"about":[{"href":"https:\/\/www.ballfreunde.com\/nl\/wp-json\/wp\/v2\/types\/page"}],"author":[{"embeddable":true,"href":"https:\/\/www.ballfreunde.com\/nl\/wp-json\/wp\/v2\/users\/2"}],"replies":[{"embeddable":true,"href":"https:\/\/www.ballfreunde.com\/nl\/wp-json\/wp\/v2\/comments?post=16129"}],"version-history":[{"count":0,"href":"https:\/\/www.ballfreunde.com\/nl\/wp-json\/wp\/v2\/pages\/16129\/revisions"}],"wp:attachment":[{"href":"https:\/\/www.ballfreunde.com\/nl\/wp-json\/wp\/v2\/media?parent=16129"}],"curies":[{"name":"wp","href":"https:\/\/api.w.org\/{rel}","templated":true}]}}