{"id":16586,"date":"2022-09-09T07:18:15","date_gmt":"2022-09-09T07:18:15","guid":{"rendered":"https:\/\/www.ballfreunde.com\/?page_id=16586"},"modified":"2025-12-18T11:30:42","modified_gmt":"2025-12-18T11:30:42","slug":"elternabend","status":"publish","type":"page","link":"https:\/\/www.ballfreunde.com\/nb\/elternabend\/","title":{"rendered":"Foreldrekveld"},"content":{"rendered":"<div data-elementor-type=\"wp-page\" data-elementor-id=\"16586\" class=\"elementor elementor-16586\" data-elementor-post-type=\"page\">\n\t\t\t\t\t\t<section class=\"elementor-section elementor-top-section elementor-element elementor-element-ddc46c7 elementor-section-full_width elementor-section-height-default elementor-section-height-default\" data-id=\"ddc46c7\" data-element_type=\"section\" data-e-type=\"section\" data-settings=\"{&quot;background_background&quot;:&quot;classic&quot;}\">\n\t\t\t\t\t\t<div class=\"elementor-container elementor-column-gap-default\">\n\t\t\t\t\t<div class=\"elementor-column elementor-col-100 elementor-top-column elementor-element elementor-element-bf5db1f\" data-id=\"bf5db1f\" data-element_type=\"column\" data-e-type=\"column\">\n\t\t\t<div class=\"elementor-widget-wrap elementor-element-populated\">\n\t\t\t\t\t\t<div class=\"elementor-element elementor-element-06bef0c elementor-widget elementor-widget-heading\" data-id=\"06bef0c\" data-element_type=\"widget\" data-e-type=\"widget\" data-widget_type=\"heading.default\">\n\t\t\t\t<div class=\"elementor-widget-container\">\n\t\t\t\t\t<h2 class=\"elementor-heading-title elementor-size-default\">Foresp\u00f8rsel om foreldrekveld<\/h2>\t\t\t\t<\/div>\n\t\t\t\t<\/div>\n\t\t\t\t<div class=\"elementor-element elementor-element-d1594ad elementor-widget elementor-widget-heading\" data-id=\"d1594ad\" data-element_type=\"widget\" data-e-type=\"widget\" data-widget_type=\"heading.default\">\n\t\t\t\t<div class=\"elementor-widget-container\">\n\t\t\t\t\t<h2 class=\"elementor-heading-title elementor-size-default\">Vi st\u00f8tter deg aktivt p\u00e5 foreldrekvelden og tilbyr <br>Vi svarer direkte p\u00e5 foreldrenes sp\u00f8rsm\u00e5l.<\/h2>\t\t\t\t<\/div>\n\t\t\t\t<\/div>\n\t\t\t\t<div class=\"elementor-element elementor-element-db18041 elementor-hidden-mobile elementor-widget elementor-widget-text-editor\" data-id=\"db18041\" data-element_type=\"widget\" data-e-type=\"widget\" data-widget_type=\"text-editor.default\">\n\t\t\t\t<div class=\"elementor-widget-container\">\n\t\t\t\t\t\t\t\t\t<p>Vi elsker avslutningsturer og teambuilding-aktiviteter fordi de former oss og fremfor alt barna v\u00e5re. Derfor tar vi trenere gjerne p\u00e5 oss ansvaret for \u00e5 organisere en avslutning. Likevel kjenner vi alle til det \u00f8yeblikket da foreldrene stiller oss sp\u00f8rsm\u00e5l og vi kort angrer p\u00e5 at vi har tatt p\u00e5 oss organiseringen.<\/p><p>Det er her vi vil st\u00f8tte dere fra n\u00e5 av. Vi deltar aktivt p\u00e5 foreldrem\u00f8tene, og foreldrene kan stille oss sp\u00f8rsm\u00e5l direkte og i sanntid. Vi vil gi deg adekvate ekspertsvar og spare deg for nok et foreldrem\u00f8te og nervepirrende diskusjoner.\u00a0<\/p><p>Vi ser frem til din henvendelse og v\u00e5r felles foreldrekveld!<\/p>\t\t\t\t\t\t\t\t<\/div>\n\t\t\t\t<\/div>\n\t\t\t\t<div class=\"elementor-element elementor-element-6f19270 elementor-hidden-mobile elementor-widget elementor-widget-heading\" data-id=\"6f19270\" data-element_type=\"widget\" data-e-type=\"widget\" data-widget_type=\"heading.default\">\n\t\t\t\t<div class=\"elementor-widget-container\">\n\t\t\t\t\t<h2 class=\"elementor-heading-title elementor-size-default\">Vennligst fyll ut det korte kontaktskjemaet hvis du \u00f8nsker at vi skal sende deg aktive, kostnadsfrie <br>Du vil gjerne ha st\u00f8tte p\u00e5 foreldrekvelden.<\/h2>\t\t\t\t<\/div>\n\t\t\t\t<\/div>\n\t\t\t\t\t<\/div>\n\t\t<\/div>\n\t\t\t\t\t<\/div>\n\t\t<\/section>\n\t\t\t\t<section class=\"elementor-section elementor-top-section elementor-element elementor-element-d46062f elementor-section-full_width elementor-section-stretched elementor-hidden-mobile elementor-section-height-default elementor-section-height-default\" data-id=\"d46062f\" data-element_type=\"section\" data-e-type=\"section\" data-settings=\"{&quot;stretch_section&quot;:&quot;section-stretched&quot;}\">\n\t\t\t\t\t\t<div class=\"elementor-container elementor-column-gap-default\">\n\t\t\t\t\t<div class=\"elementor-column elementor-col-100 elementor-top-column elementor-element elementor-element-d022515\" data-id=\"d022515\" data-element_type=\"column\" data-e-type=\"column\">\n\t\t\t<div class=\"elementor-widget-wrap elementor-element-populated\">\n\t\t\t\t\t\t<div class=\"elementor-element elementor-element-831210f elementor-widget elementor-widget-heading\" data-id=\"831210f\" data-element_type=\"widget\" data-e-type=\"widget\" data-widget_type=\"heading.default\">\n\t\t\t\t<div class=\"elementor-widget-container\">\n\t\t\t\t\t<h2 class=\"elementor-heading-title elementor-size-default\">Hva er fordelene med SUPPORTING PARENTS' EVENING?<\/h2>\t\t\t\t<\/div>\n\t\t\t\t<\/div>\n\t\t\t\t<div class=\"elementor-element elementor-element-59deae5 elementor-align-center elementor-icon-list--layout-traditional elementor-list-item-link-full_width elementor-widget elementor-widget-icon-list\" data-id=\"59deae5\" data-element_type=\"widget\" data-e-type=\"widget\" data-widget_type=\"icon-list.default\">\n\t\t\t\t<div class=\"elementor-widget-container\">\n\t\t\t\t\t\t\t<ul class=\"elementor-icon-list-items\">\n\t\t\t\t\t\t\t<li class=\"elementor-icon-list-item\">\n\t\t\t\t\t\t\t\t\t\t\t<span class=\"elementor-icon-list-icon\">\n\t\t\t\t\t\t\t<i aria-hidden=\"true\" class=\"fas fa-check\"><\/i>\t\t\t\t\t\t<\/span>\n\t\t\t\t\t\t\t\t\t\t<span class=\"elementor-icon-list-text\">Organisering uten stress<\/span>\n\t\t\t\t\t\t\t\t\t<\/li>\n\t\t\t\t\t\t\t\t<li class=\"elementor-icon-list-item\">\n\t\t\t\t\t\t\t\t\t\t\t<span class=\"elementor-icon-list-icon\">\n\t\t\t\t\t\t\t<i aria-hidden=\"true\" class=\"fas fa-check\"><\/i>\t\t\t\t\t\t<\/span>\n\t\t\t\t\t\t\t\t\t\t<span class=\"elementor-icon-list-text\">Feilfri kommunikasjon<\/span>\n\t\t\t\t\t\t\t\t\t<\/li>\n\t\t\t\t\t\t\t\t<li class=\"elementor-icon-list-item\">\n\t\t\t\t\t\t\t\t\t\t\t<span class=\"elementor-icon-list-icon\">\n\t\t\t\t\t\t\t<i aria-hidden=\"true\" class=\"fas fa-check\"><\/i>\t\t\t\t\t\t<\/span>\n\t\t\t\t\t\t\t\t\t\t<span class=\"elementor-icon-list-text\">Kun ett foreldrem\u00f8te er n\u00f8dvendig, da vi kan avklare alle sp\u00f8rsm\u00e5l direkte.<\/span>\n\t\t\t\t\t\t\t\t\t<\/li>\n\t\t\t\t\t\t\t\t<li class=\"elementor-icon-list-item\">\n\t\t\t\t\t\t\t\t\t\t\t<span class=\"elementor-icon-list-icon\">\n\t\t\t\t\t\t\t<i aria-hidden=\"true\" class=\"fas fa-check\"><\/i>\t\t\t\t\t\t<\/span>\n\t\t\t\t\t\t\t\t\t\t<span class=\"elementor-icon-list-text\">Tidsbesparende<\/span>\n\t\t\t\t\t\t\t\t\t<\/li>\n\t\t\t\t\t\t\t\t<li class=\"elementor-icon-list-item\">\n\t\t\t\t\t\t\t\t\t\t\t<span class=\"elementor-icon-list-icon\">\n\t\t\t\t\t\t\t<i aria-hidden=\"true\" class=\"fas fa-check\"><\/i>\t\t\t\t\t\t<\/span>\n\t\t\t\t\t\t\t\t\t\t<span class=\"elementor-icon-list-text\">Innkreving av ansvar<\/span>\n\t\t\t\t\t\t\t\t\t<\/li>\n\t\t\t\t\t\t\t\t<li class=\"elementor-icon-list-item\">\n\t\t\t\t\t\t\t\t\t\t\t<span class=\"elementor-icon-list-icon\">\n\t\t\t\t\t\t\t<i aria-hidden=\"true\" class=\"fas fa-check\"><\/i>\t\t\t\t\t\t<\/span>\n\t\t\t\t\t\t\t\t\t\t<span class=\"elementor-icon-list-text\">ytterligere overtalelse<\/span>\n\t\t\t\t\t\t\t\t\t<\/li>\n\t\t\t\t\t\t<\/ul>\n\t\t\t\t\t\t<\/div>\n\t\t\t\t<\/div>\n\t\t\t\t\t<\/div>\n\t\t<\/div>\n\t\t\t\t\t<\/div>\n\t\t<\/section>\n\t\t\t\t<section class=\"elementor-section elementor-top-section elementor-element elementor-element-d614ac4 elementor-section-boxed elementor-section-height-default elementor-section-height-default\" data-id=\"d614ac4\" data-element_type=\"section\" data-e-type=\"section\">\n\t\t\t\t\t\t<div class=\"elementor-container elementor-column-gap-default\">\n\t\t\t\t\t<div class=\"elementor-column elementor-col-100 elementor-top-column elementor-element elementor-element-2a87c8a\" data-id=\"2a87c8a\" data-element_type=\"column\" data-e-type=\"column\">\n\t\t\t<div class=\"elementor-widget-wrap elementor-element-populated\">\n\t\t\t\t\t\t<div class=\"elementor-element elementor-element-edd487d elementor-widget elementor-widget-jet-engine-booking-form\" data-id=\"edd487d\" data-element_type=\"widget\" data-e-type=\"widget\" data-widget_type=\"jet-engine-booking-form.default\">\n\t\t\t\t<div class=\"elementor-widget-container\">\n\t\t\t\t\t<form  class=\"jet-form layout-column submit-type-reload\" action=\"\/nb\/wp-json\/wp\/v2\/pages\/16586?jet_engine_action=book&#038;nocache=1777391469\" method=\"POST\" data-form-id=\"16619\" data-trp-original-action=\"\/nb\/wp-json\/wp\/v2\/pages\/16586?jet_engine_action=book&#038;nocache=1777391469\"><input class=\"jet-form__field hidden-field\" type=\"hidden\" name=\"_jet_engine_booking_form_id\" value=\"16619\" data-field-name=\"_jet_engine_booking_form_id\"><input class=\"jet-form__field hidden-field\" type=\"hidden\" name=\"_jet_engine_refer\" value=\"https:\/\/www.ballfreunde.com\/nb\/wp-json\/wp\/v2\/pages\/16586\" data-field-name=\"_jet_engine_refer\"><div  class=\"jet-form-row jet-form-row--hidden\"><div class=\"jet-form-col jet-form-col-12  field-type-hidden  jet-form-field-container\" data-field=\"referrer\" data-conditional=\"false\"><input class=\"jet-form__field hidden-field\" type=\"hidden\" name=\"referrer\" value=\"Elternabend\" data-field-name=\"referrer\"><\/div><\/div><div  class=\"jet-form-row jet-form-row--first-visible\"><div class=\"jet-form-col jet-form-col-6  field-type-text  jet-form-field-container\" data-field=\"vorname\" data-conditional=\"false\"><div class=\"jet-form__label\">\n\t<span class=\"jet-form__label-text\" >Fornavn<span class=\"jet-form__required\">*<\/span><\/span>\n\t<\/div><input class=\"jet-form__field text-field\" value=\"\" required=\"required\" name=\"vorname\" id=\"vorname\" type=\"text\" data-field-name=\"vorname\"><\/div><div class=\"jet-form-col jet-form-col-6  field-type-text  jet-form-field-container\" data-field=\"nachname\" data-conditional=\"false\"><div class=\"jet-form__label\">\n\t<span class=\"jet-form__label-text\" >Etternavn<span class=\"jet-form__required\">*<\/span><\/span>\n\t<\/div><input class=\"jet-form__field text-field\" value=\"\" required=\"required\" name=\"nachname\" id=\"nachname\" type=\"text\" data-field-name=\"nachname\"><\/div><\/div><div  class=\"jet-form-row\"><div class=\"jet-form-col jet-form-col-6  field-type-text  jet-form-field-container\" data-field=\"email\" data-conditional=\"false\"><div class=\"jet-form__label\">\n\t<span class=\"jet-form__label-text\" >E-post<span class=\"jet-form__required\">*<\/span><\/span>\n\t<\/div><input class=\"jet-form__field text-field\" value=\"\" required=\"required\" name=\"email\" id=\"email\" type=\"text\" data-field-name=\"email\"><\/div><div class=\"jet-form-col jet-form-col-6  field-type-text  jet-form-field-container\" data-field=\"mobilnummer\" data-conditional=\"false\"><div class=\"jet-form__label\">\n\t<span class=\"jet-form__label-text\" >Mobilnummer<\/span>\n\t<\/div><input class=\"jet-form__field text-field\" value=\"\" name=\"mobilnummer\" id=\"mobilnummer\" type=\"text\" data-field-name=\"mobilnummer\"><small class=\"jet-form__desc\"><span class=\"jet-form__desc-text\">Det er ikke obligatorisk \u00e5 oppgi mobilnummeret, men det gj\u00f8r kommunikasjonen mye enklere i etterkant.<\/span><\/small><\/div><\/div><div  class=\"jet-form-row\"><div class=\"jet-form-col jet-form-col-6  field-type-text  jet-form-field-container\" data-field=\"verein\" data-conditional=\"false\"><div class=\"jet-form__label\">\n\t<span class=\"jet-form__label-text\" >Navn p\u00e5 klubb<span class=\"jet-form__required\">*<\/span><\/span>\n\t<\/div><input class=\"jet-form__field text-field\" value=\"\" required=\"required\" name=\"verein\" id=\"verein\" type=\"text\" data-field-name=\"verein\"><\/div><div class=\"jet-form-col jet-form-col-6  field-type-text  jet-form-field-container\" data-field=\"wunschtermin\" data-conditional=\"false\"><div class=\"jet-form__label\">\n\t<span class=\"jet-form__label-text\" >\u00d8nsket dato<\/span>\n\t<\/div><input class=\"jet-form__field text-field\" value=\"\" name=\"wunschtermin\" id=\"wunschtermin\" type=\"text\" data-field-name=\"wunschtermin\"><small class=\"jet-form__desc\"><span class=\"jet-form__desc-text\">Hvis du allerede vet n\u00e5r foreldrem\u00f8tet finner sted, kan du skrive inn dato og klokkeslett her.<\/span><\/small><\/div><\/div><div  class=\"jet-form-row\"><div class=\"jet-form-col jet-form-col-12  field-type-textarea  jet-form-field-container\" data-field=\"hinweise\" data-conditional=\"false\"><div class=\"jet-form__label\">\n\t<span class=\"jet-form__label-text\" >Merknader<\/span>\n\t<\/div><textarea class=\"jet-form__field textarea-field\" name=\"hinweise\" data-field-name=\"hinweise\" id=\"hinweise\"><\/textarea><\/div><\/div><div  class=\"jet-form-row jet-form-row--submit\"><div class=\"jet-form-col jet-form-col-12  field-type-submit  jet-form-field-container\" data-field=\"Submit\" data-conditional=\"false\"><div class=\"jet-form__submit-wrap\">\n\t\t<button class=\"jet-form__submit submit-type-reload\" type=\"submit\">Send foresp\u00f8rsel<\/button>\n<\/div><\/div><\/div><div  class=\"jet-form-row jet-form-row--hidden\"><div class=\"jet-form-col jet-form-col-12  field-type-hidden  jet-form-field-container\" data-field=\"integromat_status\" data-conditional=\"false\"><input class=\"jet-form__field hidden-field\" type=\"hidden\" name=\"integromat_status\" value=\"0\" data-field-name=\"integromat_status\"><\/div><\/div><input class=\"jet-form__field hidden-field\" type=\"hidden\" name=\"_jet_engine_nonce\" value=\"3add286e23\" data-field-name=\"_jet_engine_nonce\"><input type=\"hidden\" name=\"trp-form-language\" value=\"nb\"\/><\/form>\t\t\t\t<\/div>\n\t\t\t\t<\/div>\n\t\t\t\t\t<\/div>\n\t\t<\/div>\n\t\t\t\t\t<\/div>\n\t\t<\/section>\n\t\t\t\t<\/div>","protected":false},"excerpt":{"rendered":"<p>Anfrage Elternabend Wir unterst\u00fctzen Dich aktiv beim Elternabend und stellen uns den Fragen Deiner Eltern direkt. Wir lieben Abschlussfahrten und teambildende Ma\u00dfnahmen, denn sie pr\u00e4gen uns und vor allem unsere Kinder. Daher nehmen wir als Trainer:innen auch jedes Mal wieder gerne die Organisation eines Abschlusses in die Hand. Nichtsdestotrotz kennen wir alle den Moment, in [&hellip;]<\/p>\n","protected":false},"author":2,"featured_media":0,"parent":0,"menu_order":0,"comment_status":"closed","ping_status":"closed","template":"","meta":{"_jf_save_progress":"","_jet_sm_ready_style":"","_jet_sm_style":"","_jet_sm_controls_values":"","_jet_sm_fonts_collection":"","_jet_sm_fonts_links":"","_joinchat":[],"footnotes":""},"class_list":["post-16586","page","type-page","status-publish","hentry"],"_links":{"self":[{"href":"https:\/\/www.ballfreunde.com\/nb\/wp-json\/wp\/v2\/pages\/16586","targetHints":{"allow":["GET"]}}],"collection":[{"href":"https:\/\/www.ballfreunde.com\/nb\/wp-json\/wp\/v2\/pages"}],"about":[{"href":"https:\/\/www.ballfreunde.com\/nb\/wp-json\/wp\/v2\/types\/page"}],"author":[{"embeddable":true,"href":"https:\/\/www.ballfreunde.com\/nb\/wp-json\/wp\/v2\/users\/2"}],"replies":[{"embeddable":true,"href":"https:\/\/www.ballfreunde.com\/nb\/wp-json\/wp\/v2\/comments?post=16586"}],"version-history":[{"count":3,"href":"https:\/\/www.ballfreunde.com\/nb\/wp-json\/wp\/v2\/pages\/16586\/revisions"}],"predecessor-version":[{"id":44496,"href":"https:\/\/www.ballfreunde.com\/nb\/wp-json\/wp\/v2\/pages\/16586\/revisions\/44496"}],"wp:attachment":[{"href":"https:\/\/www.ballfreunde.com\/nb\/wp-json\/wp\/v2\/media?parent=16586"}],"curies":[{"name":"wp","href":"https:\/\/api.w.org\/{rel}","templated":true}]}}