{"id":43263,"date":"2025-10-01T07:59:56","date_gmt":"2025-10-01T07:59:56","guid":{"rendered":"https:\/\/www.ballfreunde.com\/?page_id=43263"},"modified":"2025-10-01T08:43:51","modified_gmt":"2025-10-01T08:43:51","slug":"visa-formular-data-of-delegation","status":"publish","type":"page","link":"https:\/\/www.ballfreunde.com\/it\/visa-formular-data-of-delegation\/","title":{"rendered":"Dati personali del modulo di visto"},"content":{"rendered":"\t\t<div data-elementor-type=\"wp-page\" data-elementor-id=\"43263\" class=\"elementor elementor-43263\" data-elementor-post-type=\"page\">\n\t\t\t\t<div class=\"elementor-element elementor-element-d3d6f60 e-flex e-con-boxed e-con e-parent\" data-id=\"d3d6f60\" data-element_type=\"container\" data-e-type=\"container\" data-settings=\"{&quot;background_background&quot;:&quot;classic&quot;}\">\n\t\t\t\t\t<div class=\"e-con-inner\">\n\t\t\t\t<div class=\"elementor-element elementor-element-650d3b8 elementor-widget elementor-widget-image\" data-id=\"650d3b8\" data-element_type=\"widget\" data-e-type=\"widget\" data-widget_type=\"image.default\">\n\t\t\t\t<div class=\"elementor-widget-container\">\n\t\t\t\t\t\t\t\t\t\t\t\t\t\t\t<img decoding=\"async\" src=\"https:\/\/www.ballfreunde.com\/wp-content\/uploads\/Internationale_Fusballturniere_Logo_Ballfreunde_Vektor.png\" title=\"Internationale_Fu\u00dfballturniere_Logo_Ballfreunde_Vektor\" alt=\"Logo der ballfreunde als Vektorgrafik\" loading=\"lazy\" \/>\t\t\t\t\t\t\t\t\t\t\t\t\t\t\t<\/div>\n\t\t\t\t<\/div>\n\t\t\t\t<div class=\"elementor-element elementor-element-c41ece0 elementor-widget elementor-widget-heading\" data-id=\"c41ece0\" data-element_type=\"widget\" data-e-type=\"widget\" data-widget_type=\"heading.default\">\n\t\t\t\t<div class=\"elementor-widget-container\">\n\t\t\t\t\t<h2 class=\"elementor-heading-title elementor-size-default\">Personendaten Deiner Delegation<\/h2>\t\t\t\t<\/div>\n\t\t\t\t<\/div>\n\t\t\t\t<div class=\"elementor-element elementor-element-09d97b2 elementor-widget elementor-widget-text-editor\" data-id=\"09d97b2\" data-element_type=\"widget\" data-e-type=\"widget\" data-widget_type=\"text-editor.default\">\n\t\t\t\t<div class=\"elementor-widget-container\">\n\t\t\t\t\t\t\t\t\tNachfolgend findest Du ein Formular zur sicheren \u00dcbermittlung von Informationen f\u00fcr alle Personen, die zu einem unserer Turniere anreisen wollen. Bitte gebt alle Personen vollst\u00e4ndig an. Ihr braucht hierf\u00fcr folgende Information: Name, Vorname, Geburtsdatum, Nummer des Reisepasses von jeder Person.\n\nDieses Formular ist der letzte Schritt vor Erhalt des Invitation-Letters, den ihr f\u00fcr Euer Visum ben\u00f6tigt. Den vollst\u00e4ndigen Visa-Guide zur Anmeldung findest Du hier: <a href=\"https:\/\/www.ballfreunde.com\/de\/visa-guide\/\" target=\"_blank\">Visa-Guide<\/a>\t\t\t\t\t\t\t\t<\/div>\n\t\t\t\t<\/div>\n\t\t\t\t<div class=\"elementor-element elementor-element-6c88997 elementor-widget elementor-widget-jet-form-builder-form\" data-id=\"6c88997\" data-element_type=\"widget\" data-e-type=\"widget\" data-widget_type=\"jet-form-builder-form.default\">\n\t\t\t\t<div class=\"elementor-widget-container\">\n\t\t\t\t\t<link rel='stylesheet' id='wp-block-library-css' href='https:\/\/www.ballfreunde.com\/wp-includes\/css\/dist\/block-library\/style.min.css?ver=6.9.4' type='text\/css' media='all' \/>\n<link rel=\"preconnect\" href=\"https:\/\/fonts.gstatic.com\"><style id=\"jet-form-builder-18766-inline-css\">.jet-sm-gb-c96ae670-99a7-48f2-851e-ba9eb0868a57 .jet-form-builder__desc.jet-form-builder__desc.jet-form-builder__desc{background-color: ;} .jet-sm-gb-9f63b906-a0c5-4e49-80ac-3d7fe57da4c1 .jet-form-builder__desc.jet-form-builder__desc.jet-form-builder__desc{background-color: ;} .jet-sm-gb-61e6dd0c-a908-47c3-a346-e18da161f97a .jet-form-builder__desc.jet-form-builder__desc.jet-form-builder__desc{background-color: ;} .jet-sm-gb-d9b4fb3e-8922-447b-a994-6209ad3f9333 .jet-form-builder__desc.jet-form-builder__desc.jet-form-builder__desc{background-color: ;} .jet-sm-gb-ee1db619-b819-4882-8623-3a318b28f15b .jet-form-builder__desc.jet-form-builder__desc.jet-form-builder__desc{background-color: ;} .jet-sm-gb-2fc21e91-230f-42f7-a517-ccc9273db038 .jet-form-builder__desc.jet-form-builder__desc.jet-form-builder__desc{background-color: ;} .jet-sm-gb-22ec8780-e8e5-4f05-b8f1-a2b2945606ad .jet-form-builder__desc.jet-form-builder__desc.jet-form-builder__desc{background-color: ;} .jet-sm-gb-d0f531d9-0070-49be-9ee4-8cf2ef1808c4 .jet-form-builder__desc.jet-form-builder__desc.jet-form-builder__desc{background-color: ;} <\/style><form  class=\"jet-form-builder layout-column submit-type-ajax\" action=\"https:\/\/www.ballfreunde.com\/it\/wp-json\/wp\/v2\/pages\/43263\/?CJXRIb=J1XcOZVFaw&amp;method=reload\" method=\"POST\" data-form-id=\"18766\" data-layout=\"column\" enctype=\"multipart\/form-data\" novalidate=\"null\" ssr_validation_method=\"rest\"><input type=\"hidden\" id=\"_wpnonce\" name=\"_wpnonce\" value=\"fe040fc400\" \/><input type=\"hidden\" name=\"_wp_http_referer\" value=\"\/it\/wp-json\/wp\/v2\/pages\/43263\" \/>\r\n<input type=\"hidden\" name=\"_jfb_current_render_states[]\" value=\"DEFAULT.STATE\" data-jfb-sync \/><input type=\"hidden\" class=\"jet-form-builder__field hidden-field\" name=\"_jet_engine_booking_form_id\" data-field-name=\"_jet_engine_booking_form_id\" value=\"18766\">\n<input type=\"hidden\" class=\"jet-form-builder__field hidden-field\" name=\"_jet_engine_refer\" data-field-name=\"_jet_engine_refer\" value=\"https:\/\/www.ballfreunde.com\/it\/wp-json\/wp\/v2\/pages\/43263\/\">\n<input type=\"hidden\" class=\"jet-form-builder__field hidden-field\" name=\"__queried_post_id\" data-field-name=\"__queried_post_id\" value=\"43263\">\n\n<input type=\"hidden\" class=\"jet-form-builder__field hidden-field\" name=\"survey_type\" data-field-name=\"survey_type\" data-jfb-sync=\"null\" value=\"visa_personenformular\">\n\n\n\n\n<input type=\"hidden\" class=\"jet-form-builder__field hidden-field\" name=\"integromat_status\" data-field-name=\"integromat_status\" data-jfb-sync=\"null\" value=\"1\">\n\n\n\n\n<input type=\"hidden\" class=\"jet-form-builder__field hidden-field\" name=\"entry_count\" data-field-name=\"entry_count\" data-jfb-sync=\"null\" value=\"1\">\n\n\n\n<div class=\" jet-sm-gb-wrapper jet-sm-gb-c96ae670-99a7-48f2-851e-ba9eb0868a57\" data-block-id=\"jet-sm-gb-c96ae670-99a7-48f2-851e-ba9eb0868a57\" ><div  class=\"jet-form-builder-row field-type-text-field\" >\n<div class=\"jet-form-builder__label\">\r\n<div class=\"jet-form-builder__label-text\">Deine E-Mail-Adresse<\/div><\/div><div class=\"jet-form-builder__field-wrap\">\n\t\t\t\t<input name=\"deine_e-mail-adresse\" id=\"deine_e-mail-adresse\" type=\"text\" data-field-name=\"deine_e-mail-adresse\" class=\"jet-form-builder__field text-field\" data-jfb-sync=\"null\" autocomplete=\"off_Yqw3AyIJ\">\n\t\t\t\t\t<\/div><div class=\"jet-form-builder__desc\"><small>Bitte gib hier die gleiche E-Mail-Adresse an, die Du auch bei der \u00dcbermittlung Deiner Kontaktdaten angegeben hast.<\/small><\/div>\n<\/div><\/div>\n\n\n<div class=\"wp-block-columns is-layout-flex wp-container-core-columns-is-layout-9d6595d7 wp-block-columns-is-layout-flex\">\n<div class=\"wp-block-column is-layout-flow wp-block-column-is-layout-flow\"><div class=\" jet-sm-gb-wrapper jet-sm-gb-d9b4fb3e-8922-447b-a994-6209ad3f9333\" data-block-id=\"jet-sm-gb-d9b4fb3e-8922-447b-a994-6209ad3f9333\" ><div  class=\"jet-form-builder-row field-type-repeater-field\" >\n<div class=\"jet-form-builder__label\">\r\n<div class=\"jet-form-builder__label-text\">F\u00fcr jede neue Personen bitte den unten stehenden Button klicken und Informationen eingeben.<\/div><\/div><div class=\"jet-form-builder__field-wrap\"><div data-repeater=\"1\" data-field-name=\"personendaten\" name=\"personendaten\"  class=\"jet-form-builder-repeater jet-form-builder__field\" data-jfb-sync=\"null\">\n<template class=\"jet-form-builder-repeater__initial\"><div class=\"jet-form-builder-repeater__row\" data-repeater-row=\"1\"><div class=\"jet-form-builder-repeater__row-fields\">\n\n<div class=\"wp-block-columns is-layout-flex wp-container-core-columns-is-layout-9d6595d7 wp-block-columns-is-layout-flex\">\n<div class=\"wp-block-column is-layout-flow wp-block-column-is-layout-flow\"><div class=\" jet-sm-gb-wrapper jet-sm-gb-9f63b906-a0c5-4e49-80ac-3d7fe57da4c1\" data-block-id=\"jet-sm-gb-9f63b906-a0c5-4e49-80ac-3d7fe57da4c1\" ><div  class=\"jet-form-builder-row field-type-text-field\" >\n<div class=\"jet-form-builder__label\">\r\n<div class=\"jet-form-builder__label-text\">Vorname<\/div><\/div><div class=\"jet-form-builder__field-wrap\">\n\t\t\t\t<input name=\"personendaten[__i__][vorname]\" id=\"personendaten___i___vorname\" type=\"text\" data-field-name=\"vorname\" class=\"jet-form-builder__field text-field\" minlength=\"2\" data-jfb-sync=\"null\" autocomplete=\"off_OZAF3jxJ\">\n\t\t\t\t\t<\/div>\n<\/div><\/div><\/div>\n\n\n\n<div class=\"wp-block-column is-layout-flow wp-block-column-is-layout-flow\"><div class=\" jet-sm-gb-wrapper jet-sm-gb-2fc21e91-230f-42f7-a517-ccc9273db038\" data-block-id=\"jet-sm-gb-2fc21e91-230f-42f7-a517-ccc9273db038\" ><div  class=\"jet-form-builder-row field-type-text-field\" >\n<div class=\"jet-form-builder__label\">\r\n<div class=\"jet-form-builder__label-text\">Nachname<\/div><\/div><div class=\"jet-form-builder__field-wrap\">\n\t\t\t\t<input name=\"personendaten[__i__][nachname]\" id=\"personendaten___i___nachname\" type=\"text\" data-field-name=\"nachname\" class=\"jet-form-builder__field text-field\" minlength=\"2\" data-jfb-sync=\"null\" autocomplete=\"off_lITmea3j\">\n\t\t\t\t\t<\/div>\n<\/div><\/div><\/div>\n\n\n\n<div class=\"wp-block-column has-small-font-size is-layout-flow wp-block-column-is-layout-flow\"><div  class=\"jet-form-builder-row field-type-text-field\" >\n<div class=\"jet-form-builder__label\">\r\n<div class=\"jet-form-builder__label-text\">Geburtsdatum<\/div><\/div><div class=\"jet-form-builder__field-wrap\">\n\t\t\t\t<input name=\"personendaten[__i__][geburtsdatum]\" id=\"personendaten___i___geburtsdatum\" type=\"text\" data-field-name=\"geburtsdatum\" class=\"jet-form-builder__field text-field\" minlength=\"10\" maxlength=\"10\" data-jfb-sync=\"null\" autocomplete=\"off_jTS2QWXz\">\n\t\t\t\t\t<\/div><div class=\"jet-form-builder__desc\"><small>Format: YYYY-MM-DD z.B. 2005-05-31<\/small><\/div>\n<\/div><\/div>\n\n\n\n<div class=\"wp-block-column is-layout-flow wp-block-column-is-layout-flow\"><div class=\" jet-sm-gb-wrapper jet-sm-gb-ee1db619-b819-4882-8623-3a318b28f15b\" data-block-id=\"jet-sm-gb-ee1db619-b819-4882-8623-3a318b28f15b\" ><div  class=\"jet-form-builder-row field-type-text-field\" >\n<div class=\"jet-form-builder__label\">\r\n<div class=\"jet-form-builder__label-text\">Reisepassnummer<\/div><\/div><div class=\"jet-form-builder__field-wrap\">\n\t\t\t\t<input name=\"personendaten[__i__][reisepassnummer]\" id=\"personendaten___i___reisepassnummer\" type=\"text\" data-field-name=\"reisepassnummer\" class=\"jet-form-builder__field text-field\" minlength=\"2\" data-jfb-sync=\"null\" autocomplete=\"off_W6pK5NjQ\">\n\t\t\t\t\t<\/div>\n<\/div><\/div><\/div>\n<\/div>\n\n<\/div><div class=\"jet-form-builder-repeater__row-remove\"><button type=\"button\" class=\"jet-form-builder-repeater__remove\">&times;<\/button><\/div><\/div><\/template>\n<div class=\"jet-form-builder-repeater__items\"><\/div><div class=\"jet-form-builder-repeater__actions\">\n                <button type=\"button\" class=\"jet-form-builder-repeater__new\">Neue Person hinzuf\u00fcgen<\/button>\n                <\/div><\/div><\/div>\n<\/div><\/div><\/div>\n<\/div>\n\n\n<div class=\" jet-sm-gb-wrapper jet-sm-gb-61e6dd0c-a908-47c3-a346-e18da161f97a\" data-block-id=\"jet-sm-gb-61e6dd0c-a908-47c3-a346-e18da161f97a\" ><div  class=\"jet-form-builder-row field-type-text-field\" >\n<div class=\"jet-form-builder__label\">\r\n<div class=\"jet-form-builder__label-text\">Nachricht<\/div><\/div><div class=\"jet-form-builder__field-wrap\">\n\t\t\t\t<input name=\"nachricht\" id=\"nachricht\" type=\"text\" data-field-name=\"nachricht\" class=\"jet-form-builder__field text-field\" data-jfb-sync=\"null\" autocomplete=\"off_QMBHfyrI\">\n\t\t\t\t\t<\/div><div class=\"jet-form-builder__desc\"><small>Hier habt ihr die M\u00f6glichkeit uns zus\u00e4tzliche Informationen zu \u00fcbergeben.<\/small><\/div>\n<\/div><\/div>\n\n<div  class=\"jet-form-builder-row field-type-select-field wp-block-jet-forms-select-field\">\n<div class=\"jet-form-builder__label\">\r\n<div class=\"jet-form-builder__label-text\">Habt ihr alle Personen angegeben? Bitte vergewissert Euch, ob alle Personen vollst\u00e4ndig eingegeben wurden und schickt nur ein Formular f\u00fcr alle ab. <span class=\"jet-form-builder__required\">*<\/span><\/div><\/div><div class=\"jet-form-builder__field-wrap\">\n\t<select class=\"jet-form-builder__field select-field\" required=\"required\" name=\"check\" data-field-name=\"check\" id=\"check\" data-jfb-sync=\"null\">\n\t\t<option value=\"nein\" >Nein<\/option><option value=\"ja\" >Ja<\/option>\t<\/select>\n<\/div>\n<\/div>\n\n<div class=\"jet-form-builder__conditional \" data-jfb-conditional=\"[{&quot;operator&quot;:&quot;equal&quot;,&quot;value&quot;:&quot;ja&quot;,&quot;field&quot;:&quot;check&quot;,&quot;use_preset&quot;:false}]\" data-jfb-func=\"show\">\n<div  class=\"jet-form-builder-row field-type-submit-field\" >\n\t<div data-type=\"submit\" class=\"jet-form-builder__action-button-wrapper jet-form-builder__submit-wrap\">\n\t<button class=\"jet-form-builder__action-button jet-form-builder__submit submit-type-ajax\" type=\"submit\">Formular abschicken<\/button>\n\t<\/div>\n\t\n<\/div>\n<\/div>\t<div class=\"jet-form-builder-messages-wrap\" data-form-id=\"18766\"><\/div>\n<\/form>\n\t\t\t\t<\/div>\n\t\t\t\t<\/div>\n\t\t\t\t\t<\/div>\n\t\t\t\t<\/div>\n\t\t\t\t<\/div>\n\t\t","protected":false},"excerpt":{"rendered":"<p>Personendaten Deiner Delegation Nachfolgend findest Du ein Formular zur sicheren \u00dcbermittlung von Informationen f\u00fcr alle Personen, die zu einem unserer Turniere anreisen wollen. Bitte gebt alle Personen vollst\u00e4ndig an. Ihr braucht hierf\u00fcr folgende Information: Name, Vorname, Geburtsdatum, Nummer des Reisepasses von jeder Person. Dieses Formular ist der letzte Schritt vor Erhalt des Invitation-Letters, den ihr [&hellip;]<\/p>\n","protected":false},"author":3,"featured_media":0,"parent":0,"menu_order":0,"comment_status":"closed","ping_status":"closed","template":"","meta":{"_jf_save_progress":"","_jet_sm_ready_style":"","_jet_sm_style":"","_jet_sm_controls_values":"","_jet_sm_fonts_collection":"","_jet_sm_fonts_links":"","_joinchat":[],"footnotes":""},"class_list":["post-43263","page","type-page","status-publish","hentry"],"_links":{"self":[{"href":"https:\/\/www.ballfreunde.com\/it\/wp-json\/wp\/v2\/pages\/43263","targetHints":{"allow":["GET"]}}],"collection":[{"href":"https:\/\/www.ballfreunde.com\/it\/wp-json\/wp\/v2\/pages"}],"about":[{"href":"https:\/\/www.ballfreunde.com\/it\/wp-json\/wp\/v2\/types\/page"}],"author":[{"embeddable":true,"href":"https:\/\/www.ballfreunde.com\/it\/wp-json\/wp\/v2\/users\/3"}],"replies":[{"embeddable":true,"href":"https:\/\/www.ballfreunde.com\/it\/wp-json\/wp\/v2\/comments?post=43263"}],"version-history":[{"count":3,"href":"https:\/\/www.ballfreunde.com\/it\/wp-json\/wp\/v2\/pages\/43263\/revisions"}],"predecessor-version":[{"id":43288,"href":"https:\/\/www.ballfreunde.com\/it\/wp-json\/wp\/v2\/pages\/43263\/revisions\/43288"}],"wp:attachment":[{"href":"https:\/\/www.ballfreunde.com\/it\/wp-json\/wp\/v2\/media?parent=43263"}],"curies":[{"name":"wp","href":"https:\/\/api.w.org\/{rel}","templated":true}]}}