{"id":8570,"date":"2021-09-23T15:03:43","date_gmt":"2021-09-23T15:03:43","guid":{"rendered":"https:\/\/www.ballfreunde.com\/?page_id=8570"},"modified":"2024-01-17T07:40:33","modified_gmt":"2024-01-17T07:40:33","slug":"telefontermin","status":"publish","type":"page","link":"https:\/\/www.ballfreunde.com\/fr\/telefontermin\/","title":{"rendered":"Rendez-vous"},"content":{"rendered":"\t\t<div data-elementor-type=\"wp-page\" data-elementor-id=\"8570\" class=\"elementor elementor-8570\" data-elementor-post-type=\"page\">\n\t\t\t\t\t\t<section class=\"elementor-section elementor-top-section elementor-element elementor-element-ddc46c7 elementor-section-full_width elementor-section-height-default elementor-section-height-default\" data-id=\"ddc46c7\" data-element_type=\"section\" data-e-type=\"section\" data-settings=\"{&quot;background_background&quot;:&quot;classic&quot;}\">\n\t\t\t\t\t\t<div class=\"elementor-container elementor-column-gap-default\">\n\t\t\t\t\t<div class=\"elementor-column elementor-col-100 elementor-top-column elementor-element elementor-element-bf5db1f\" data-id=\"bf5db1f\" data-element_type=\"column\" data-e-type=\"column\">\n\t\t\t<div class=\"elementor-widget-wrap elementor-element-populated\">\n\t\t\t\t\t\t<div class=\"elementor-element elementor-element-06bef0c elementor-widget elementor-widget-heading\" data-id=\"06bef0c\" data-element_type=\"widget\" data-e-type=\"widget\" data-widget_type=\"heading.default\">\n\t\t\t\t<div class=\"elementor-widget-container\">\n\t\t\t\t\t<h2 class=\"elementor-heading-title elementor-size-default\">Telefontermin vereinbaren<\/h2>\t\t\t\t<\/div>\n\t\t\t\t<\/div>\n\t\t\t\t<div class=\"elementor-element elementor-element-d1594ad elementor-widget elementor-widget-heading\" data-id=\"d1594ad\" data-element_type=\"widget\" data-e-type=\"widget\" data-widget_type=\"heading.default\">\n\t\t\t\t<div class=\"elementor-widget-container\">\n\t\t\t\t\t<h2 class=\"elementor-heading-title elementor-size-default\">Wir rufen an, wenn es f\u00fcr Dich am Besten passt!<\/h2>\t\t\t\t<\/div>\n\t\t\t\t<\/div>\n\t\t\t\t<div class=\"elementor-element elementor-element-db18041 elementor-widget elementor-widget-text-editor\" data-id=\"db18041\" data-element_type=\"widget\" data-e-type=\"widget\" data-widget_type=\"text-editor.default\">\n\t\t\t\t<div class=\"elementor-widget-container\">\n\t\t\t\t\t\t\t\t\t<p>Such Dir die passende Sprache aus und gib uns Bescheid, wann wir Dich zur\u00fcckrufen sollen. So k\u00f6nnen wir ganz in Ruhe das perfekt passende Turnier f\u00fcr Euch finden und auch alle weiteren auftretenden Fragen kl\u00e4ren.<\/p>\t\t\t\t\t\t\t\t<\/div>\n\t\t\t\t<\/div>\n\t\t\t\t\t<\/div>\n\t\t<\/div>\n\t\t\t\t\t<\/div>\n\t\t<\/section>\n\t\t\t\t<section class=\"elementor-section elementor-top-section elementor-element elementor-element-d614ac4 elementor-section-boxed elementor-section-height-default elementor-section-height-default\" data-id=\"d614ac4\" data-element_type=\"section\" data-e-type=\"section\">\n\t\t\t\t\t\t<div class=\"elementor-container elementor-column-gap-default\">\n\t\t\t\t\t<div class=\"elementor-column elementor-col-100 elementor-top-column elementor-element elementor-element-2a87c8a\" data-id=\"2a87c8a\" data-element_type=\"column\" data-e-type=\"column\">\n\t\t\t<div class=\"elementor-widget-wrap elementor-element-populated\">\n\t\t\t\t\t\t<div class=\"elementor-element elementor-element-338e834 elementor-widget elementor-widget-jet-form-builder-form\" data-id=\"338e834\" data-element_type=\"widget\" data-e-type=\"widget\" data-widget_type=\"jet-form-builder-form.default\">\n\t\t\t\t<div class=\"elementor-widget-container\">\n\t\t\t\t\t<link rel='stylesheet' id='wp-block-library-css' href='https:\/\/www.ballfreunde.com\/wp-includes\/css\/dist\/block-library\/style.min.css?ver=6.9.4' type='text\/css' media='all' \/>\n<link rel=\"preconnect\" href=\"https:\/\/fonts.gstatic.com\"><style id=\"jet-form-builder-26964-inline-css\">.jet-sm-gb-7abe912b-4930-4041-9509-b7d6ae7b0e69 .jet-form-builder__desc.jet-form-builder__desc.jet-form-builder__desc{background-color: ;} .jet-sm-gb-007de11a-f58f-4446-b83f-955a7fefc447 .jet-form-builder__desc{background-color: ;} <\/style><form  class=\"jet-form-builder layout-column submit-type-reload\" action=\"https:\/\/www.ballfreunde.com\/fr\/wp-json\/wp\/v2\/pages\/8570\/?CJXRIb=J1XcOZVFaw&amp;method=reload\" method=\"POST\" data-form-id=\"26964\" data-layout=\"column\" enctype=\"multipart\/form-data\" novalidate=\"null\" ssr_validation_method=\"rest\"><input type=\"hidden\" id=\"_wpnonce\" name=\"_wpnonce\" value=\"54561bb9b5\" \/><input type=\"hidden\" name=\"_wp_http_referer\" value=\"\/fr\/wp-json\/wp\/v2\/pages\/8570\" \/>\r\n<input type=\"hidden\" name=\"_jfb_current_render_states[]\" value=\"DEFAULT.STATE\" data-jfb-sync \/><input type=\"hidden\" class=\"jet-form-builder__field hidden-field\" name=\"_jet_engine_booking_form_id\" data-field-name=\"_jet_engine_booking_form_id\" value=\"26964\">\n<input type=\"hidden\" class=\"jet-form-builder__field hidden-field\" name=\"_jet_engine_refer\" data-field-name=\"_jet_engine_refer\" value=\"https:\/\/www.ballfreunde.com\/fr\/wp-json\/wp\/v2\/pages\/8570\/\">\n<input type=\"hidden\" class=\"jet-form-builder__field hidden-field\" name=\"__queried_post_id\" data-field-name=\"__queried_post_id\" value=\"8570\">\n\n<input type=\"hidden\" class=\"jet-form-builder__field hidden-field\" name=\"post_id\" data-field-name=\"post_id\" data-jfb-sync=\"null\" value=\"8570\">\n\n\n\n<div class=\" jet-sm-gb-wrapper jet-sm-gb-7abe912b-4930-4041-9509-b7d6ae7b0e69\" data-block-id=\"jet-sm-gb-7abe912b-4930-4041-9509-b7d6ae7b0e69\" ><div  class=\"jet-form-builder-row field-type-radio-field wp-block-jet-forms-radio-field\">\n<div class=\"jet-form-builder__label\">\r\n<div class=\"jet-form-builder__label-text\">W\u00e4hle Deine bevorzugte Sprache f\u00fcr den Telefontermin.<\/div><\/div><div class=\"jet-form-builder__fields-group checkradio-wrap\" data-jfb-sync><div class=\"jet-form-builder__field-wrap radio-wrap checkradio-wrap\"><label class=\"jet-form-builder__field-label for-radio\">\n<input type=\"radio\" name=\"sprachauswahl\" value=\"deutsch\" data-field-name=\"sprachauswahl\"  class=\"jet-form-builder__field radio-field checkradio-field\"><span>deutsch<\/span><\/label><\/div><div class=\"jet-form-builder__field-wrap radio-wrap checkradio-wrap\"><label class=\"jet-form-builder__field-label for-radio\">\n<input type=\"radio\" name=\"sprachauswahl\" value=\"englisch\" data-field-name=\"sprachauswahl\"  class=\"jet-form-builder__field radio-field checkradio-field\"><span>englisch<\/span><\/label><\/div><div class=\"jet-form-builder__field-wrap radio-wrap checkradio-wrap\"><label class=\"jet-form-builder__field-label for-radio\">\n<input type=\"radio\" name=\"sprachauswahl\" value=\"d\u00e4nisch\" data-field-name=\"sprachauswahl\"  class=\"jet-form-builder__field radio-field checkradio-field\"><span>d\u00e4nisch<\/span><\/label><\/div><div class=\"jet-form-builder__field-wrap radio-wrap checkradio-wrap\"><label class=\"jet-form-builder__field-label for-radio\">\n<input type=\"radio\" name=\"sprachauswahl\" value=\"franz\u00f6sisch\" data-field-name=\"sprachauswahl\"  class=\"jet-form-builder__field radio-field checkradio-field\"><span>franz\u00f6sisch<\/span><\/label><\/div><\/div>\n<\/div><\/div>\n\n<div class=\" jet-sm-gb-wrapper jet-sm-gb-007de11a-f58f-4446-b83f-955a7fefc447\" data-block-id=\"jet-sm-gb-007de11a-f58f-4446-b83f-955a7fefc447\" ><div class=\"jet-form-builder__conditional \" data-jfb-conditional=\"[{&quot;operator&quot;:&quot;equal&quot;,&quot;value&quot;:&quot;deutsch&quot;,&quot;field&quot;:&quot;sprachauswahl&quot;,&quot;use_preset&quot;:false}]\" data-jfb-func=\"show\">\n\n<!-- Google Calendar Appointment Scheduling begin -->\n<iframe src=\"https:\/\/calendar.google.com\/calendar\/appointments\/schedules\/AcZssZ3s-aimETIMfGd7uPmZxX1l6TClvGR1USZErlHm-jacVT2TKTfgiLDVyE69mn-GI7zIOjqMb7ss?gv=true\" style=\"border: 0\" width=\"100%\" height=\"600\" frameborder=\"0\"><\/iframe>\n<!-- end Google Calendar Appointment Scheduling -->\n\n<\/div><\/div>\n\n<div class=\" jet-sm-gb-wrapper jet-sm-gb-007de11a-f58f-4446-b83f-955a7fefc447\" data-block-id=\"jet-sm-gb-007de11a-f58f-4446-b83f-955a7fefc447\" ><div class=\"jet-form-builder__conditional \" data-jfb-conditional=\"[{&quot;operator&quot;:&quot;equal&quot;,&quot;value&quot;:&quot;d\\u00e4nisch&quot;,&quot;field&quot;:&quot;sprachauswahl&quot;,&quot;use_preset&quot;:false}]\" data-jfb-func=\"show\">\n\n<!-- Google Calendar Appointment Scheduling begin -->\n<iframe src=\"https:\/\/calendar.google.com\/calendar\/appointments\/schedules\/AcZssZ2jAf98JsQI7FT1ds-ikOWLCpaUBimpGPwNTjIpnOc4bx0z-re2aY8wYZIk2FHI82ypJGgYBpIy?gv=true\" style=\"border: 0\" width=\"100%\" height=\"800\" frameborder=\"0\"><\/iframe>\n<!-- end Google Calendar Appointment Scheduling -->\n\n<\/div><\/div>\n\n<div class=\" jet-sm-gb-wrapper jet-sm-gb-007de11a-f58f-4446-b83f-955a7fefc447\" data-block-id=\"jet-sm-gb-007de11a-f58f-4446-b83f-955a7fefc447\" ><div class=\"jet-form-builder__conditional \" data-jfb-conditional=\"[{&quot;operator&quot;:&quot;one_of&quot;,&quot;value&quot;:[&quot;englisch&quot;,&quot;franz\\u00f6sisch&quot;,&quot;niederl\\u00e4ndisch&quot;],&quot;field&quot;:&quot;sprachauswahl&quot;,&quot;use_preset&quot;:false}]\" data-jfb-func=\"show\">\n\n<!-- Google Calendar Appointment Scheduling begin -->\n<iframe src=\"https:\/\/calendar.google.com\/calendar\/appointments\/schedules\/AcZssZ0XQZFI7Kwahm-R1moZC4PcYsrG8iL-zud7xinndkYcwH-1QDWl-1EymY612kPEZXIgQJY8J1QN?gv=true\" style=\"border: 0\" width=\"100%\" height=\"600\" frameborder=\"0\"><\/iframe>\n<!-- end Google Calendar Appointment Scheduling -->\n\n<\/div><\/div>\t<div class=\"jet-form-builder-messages-wrap\" data-form-id=\"26964\"><\/div>\n<\/form>\n\t\t\t\t<\/div>\n\t\t\t\t<\/div>\n\t\t\t\t\t<\/div>\n\t\t<\/div>\n\t\t\t\t\t<\/div>\n\t\t<\/section>\n\t\t\t\t<\/div>\n\t\t","protected":false},"excerpt":{"rendered":"<p>Telefontermin vereinbaren Wir rufen an, wenn es f\u00fcr Dich am Besten passt! Such Dir die passende Sprache aus und gib uns Bescheid, wann wir Dich zur\u00fcckrufen sollen. So k\u00f6nnen wir ganz in Ruhe das perfekt passende Turnier f\u00fcr Euch finden und auch alle weiteren auftretenden Fragen kl\u00e4ren. W\u00e4hle Deine bevorzugte Sprache f\u00fcr den Telefontermin. deutsch [&hellip;]<\/p>\n","protected":false},"author":3,"featured_media":0,"parent":0,"menu_order":0,"comment_status":"closed","ping_status":"closed","template":"","meta":{"_jf_save_progress":"","_jet_sm_ready_style":"","_jet_sm_style":"","_jet_sm_controls_values":"","_jet_sm_fonts_collection":"","_jet_sm_fonts_links":"","_joinchat":[],"footnotes":""},"class_list":["post-8570","page","type-page","status-publish","hentry"],"_links":{"self":[{"href":"https:\/\/www.ballfreunde.com\/fr\/wp-json\/wp\/v2\/pages\/8570","targetHints":{"allow":["GET"]}}],"collection":[{"href":"https:\/\/www.ballfreunde.com\/fr\/wp-json\/wp\/v2\/pages"}],"about":[{"href":"https:\/\/www.ballfreunde.com\/fr\/wp-json\/wp\/v2\/types\/page"}],"author":[{"embeddable":true,"href":"https:\/\/www.ballfreunde.com\/fr\/wp-json\/wp\/v2\/users\/3"}],"replies":[{"embeddable":true,"href":"https:\/\/www.ballfreunde.com\/fr\/wp-json\/wp\/v2\/comments?post=8570"}],"version-history":[{"count":3,"href":"https:\/\/www.ballfreunde.com\/fr\/wp-json\/wp\/v2\/pages\/8570\/revisions"}],"predecessor-version":[{"id":26986,"href":"https:\/\/www.ballfreunde.com\/fr\/wp-json\/wp\/v2\/pages\/8570\/revisions\/26986"}],"wp:attachment":[{"href":"https:\/\/www.ballfreunde.com\/fr\/wp-json\/wp\/v2\/media?parent=8570"}],"curies":[{"name":"wp","href":"https:\/\/api.w.org\/{rel}","templated":true}]}}