{"id":16586,"date":"2022-09-09T07:18:15","date_gmt":"2022-09-09T07:18:15","guid":{"rendered":"https:\/\/www.ballfreunde.com\/?page_id=16586"},"modified":"2025-12-18T11:30:42","modified_gmt":"2025-12-18T11:30:42","slug":"elternabend","status":"publish","type":"page","link":"https:\/\/www.ballfreunde.com\/fr\/elternabend\/","title":{"rendered":"Soir\u00e9e des parents"},"content":{"rendered":"<div data-elementor-type=\"wp-page\" data-elementor-id=\"16586\" class=\"elementor elementor-16586\" data-elementor-post-type=\"page\">\n\t\t\t\t\t\t<section class=\"elementor-section elementor-top-section elementor-element elementor-element-ddc46c7 elementor-section-full_width elementor-section-height-default elementor-section-height-default\" data-id=\"ddc46c7\" data-element_type=\"section\" data-e-type=\"section\" data-settings=\"{&quot;background_background&quot;:&quot;classic&quot;}\">\n\t\t\t\t\t\t<div class=\"elementor-container elementor-column-gap-default\">\n\t\t\t\t\t<div class=\"elementor-column elementor-col-100 elementor-top-column elementor-element elementor-element-bf5db1f\" data-id=\"bf5db1f\" data-element_type=\"column\" data-e-type=\"column\">\n\t\t\t<div class=\"elementor-widget-wrap elementor-element-populated\">\n\t\t\t\t\t\t<div class=\"elementor-element elementor-element-06bef0c elementor-widget elementor-widget-heading\" data-id=\"06bef0c\" data-element_type=\"widget\" data-e-type=\"widget\" data-widget_type=\"heading.default\">\n\t\t\t\t<div class=\"elementor-widget-container\">\n\t\t\t\t\t<h2 class=\"elementor-heading-title elementor-size-default\">Demande de r\u00e9union de parents<\/h2>\t\t\t\t<\/div>\n\t\t\t\t<\/div>\n\t\t\t\t<div class=\"elementor-element elementor-element-d1594ad elementor-widget elementor-widget-heading\" data-id=\"d1594ad\" data-element_type=\"widget\" data-e-type=\"widget\" data-widget_type=\"heading.default\">\n\t\t\t\t<div class=\"elementor-widget-container\">\n\t\t\t\t\t<h2 class=\"elementor-heading-title elementor-size-default\">Nous te soutenons activement lors de la soir\u00e9e des parents et mettons \u00e0 ta disposition <br>Nous r\u00e9pondons directement aux questions de tes parents.<\/h2>\t\t\t\t<\/div>\n\t\t\t\t<\/div>\n\t\t\t\t<div class=\"elementor-element elementor-element-db18041 elementor-hidden-mobile elementor-widget elementor-widget-text-editor\" data-id=\"db18041\" data-element_type=\"widget\" data-e-type=\"widget\" data-widget_type=\"text-editor.default\">\n\t\t\t\t<div class=\"elementor-widget-container\">\n\t\t\t\t\t\t\t\t\t<p>Nous aimons les voyages de fin d'ann\u00e9e et les activit\u00e9s de formation d'\u00e9quipe, car ils nous marquent, nous et surtout nos enfants. C'est pourquoi, en tant qu'entra\u00eeneurs, nous sommes toujours ravis de prendre en main l'organisation d'un voyage de fin d'ann\u00e9e. N\u00e9anmoins, nous connaissons tous le moment o\u00f9 les parents nous posent des questions et o\u00f9 nous regrettons un instant d'avoir pris en charge l'organisation.<\/p><p>C'est l\u00e0 que nous allons vous aider d\u00e8s maintenant. Nous nous connecterons activement \u00e0 votre r\u00e9union de parents et les parents pourront nous poser leurs questions directement et en direct. Nous vous donnerons des r\u00e9ponses d'experts et vous \u00e9viterez ainsi une autre r\u00e9union de parents et des discussions \u00e9puisantes pour vos nerfs.\u00a0<\/p><p>Nous nous r\u00e9jouissons de ta demande et de notre soir\u00e9e de parents commune !<\/p>\t\t\t\t\t\t\t\t<\/div>\n\t\t\t\t<\/div>\n\t\t\t\t<div class=\"elementor-element elementor-element-6f19270 elementor-hidden-mobile elementor-widget elementor-widget-heading\" data-id=\"6f19270\" data-element_type=\"widget\" data-e-type=\"widget\" data-widget_type=\"heading.default\">\n\t\t\t\t<div class=\"elementor-widget-container\">\n\t\t\t\t\t<h2 class=\"elementor-heading-title elementor-size-default\">Remplis le court formulaire de contact si tu souhaites recevoir de notre part des offres actives et gratuites. <br>tu souhaites avoir un soutien lors de la r\u00e9union de parents d'\u00e9l\u00e8ves<\/h2>\t\t\t\t<\/div>\n\t\t\t\t<\/div>\n\t\t\t\t\t<\/div>\n\t\t<\/div>\n\t\t\t\t\t<\/div>\n\t\t<\/section>\n\t\t\t\t<section class=\"elementor-section elementor-top-section elementor-element elementor-element-d46062f elementor-section-full_width elementor-section-stretched elementor-hidden-mobile elementor-section-height-default elementor-section-height-default\" data-id=\"d46062f\" data-element_type=\"section\" data-e-type=\"section\" data-settings=\"{&quot;stretch_section&quot;:&quot;section-stretched&quot;}\">\n\t\t\t\t\t\t<div class=\"elementor-container elementor-column-gap-default\">\n\t\t\t\t\t<div class=\"elementor-column elementor-col-100 elementor-top-column elementor-element elementor-element-d022515\" data-id=\"d022515\" data-element_type=\"column\" data-e-type=\"column\">\n\t\t\t<div class=\"elementor-widget-wrap elementor-element-populated\">\n\t\t\t\t\t\t<div class=\"elementor-element elementor-element-831210f elementor-widget elementor-widget-heading\" data-id=\"831210f\" data-element_type=\"widget\" data-e-type=\"widget\" data-widget_type=\"heading.default\">\n\t\t\t\t<div class=\"elementor-widget-container\">\n\t\t\t\t\t<h2 class=\"elementor-heading-title elementor-size-default\">Quels sont les avantages de l'aide \u00e0 la r\u00e9union de parents d'\u00e9l\u00e8ves ?<\/h2>\t\t\t\t<\/div>\n\t\t\t\t<\/div>\n\t\t\t\t<div class=\"elementor-element elementor-element-59deae5 elementor-align-center elementor-icon-list--layout-traditional elementor-list-item-link-full_width elementor-widget elementor-widget-icon-list\" data-id=\"59deae5\" data-element_type=\"widget\" data-e-type=\"widget\" data-widget_type=\"icon-list.default\">\n\t\t\t\t<div class=\"elementor-widget-container\">\n\t\t\t\t\t\t\t<ul class=\"elementor-icon-list-items\">\n\t\t\t\t\t\t\t<li class=\"elementor-icon-list-item\">\n\t\t\t\t\t\t\t\t\t\t\t<span class=\"elementor-icon-list-icon\">\n\t\t\t\t\t\t\t<i aria-hidden=\"true\" class=\"fas fa-check\"><\/i>\t\t\t\t\t\t<\/span>\n\t\t\t\t\t\t\t\t\t\t<span class=\"elementor-icon-list-text\">Une organisation sans stress<\/span>\n\t\t\t\t\t\t\t\t\t<\/li>\n\t\t\t\t\t\t\t\t<li class=\"elementor-icon-list-item\">\n\t\t\t\t\t\t\t\t\t\t\t<span class=\"elementor-icon-list-icon\">\n\t\t\t\t\t\t\t<i aria-hidden=\"true\" class=\"fas fa-check\"><\/i>\t\t\t\t\t\t<\/span>\n\t\t\t\t\t\t\t\t\t\t<span class=\"elementor-icon-list-text\">Communication sans erreur<\/span>\n\t\t\t\t\t\t\t\t\t<\/li>\n\t\t\t\t\t\t\t\t<li class=\"elementor-icon-list-item\">\n\t\t\t\t\t\t\t\t\t\t\t<span class=\"elementor-icon-list-icon\">\n\t\t\t\t\t\t\t<i aria-hidden=\"true\" class=\"fas fa-check\"><\/i>\t\t\t\t\t\t<\/span>\n\t\t\t\t\t\t\t\t\t\t<span class=\"elementor-icon-list-text\">Une seule r\u00e9union de parents est n\u00e9cessaire, car nous pouvons r\u00e9pondre directement \u00e0 toutes les questions.<\/span>\n\t\t\t\t\t\t\t\t\t<\/li>\n\t\t\t\t\t\t\t\t<li class=\"elementor-icon-list-item\">\n\t\t\t\t\t\t\t\t\t\t\t<span class=\"elementor-icon-list-icon\">\n\t\t\t\t\t\t\t<i aria-hidden=\"true\" class=\"fas fa-check\"><\/i>\t\t\t\t\t\t<\/span>\n\t\t\t\t\t\t\t\t\t\t<span class=\"elementor-icon-list-text\">Gain de temps<\/span>\n\t\t\t\t\t\t\t\t\t<\/li>\n\t\t\t\t\t\t\t\t<li class=\"elementor-icon-list-item\">\n\t\t\t\t\t\t\t\t\t\t\t<span class=\"elementor-icon-list-icon\">\n\t\t\t\t\t\t\t<i aria-hidden=\"true\" class=\"fas fa-check\"><\/i>\t\t\t\t\t\t<\/span>\n\t\t\t\t\t\t\t\t\t\t<span class=\"elementor-icon-list-text\">Responsabilisation<\/span>\n\t\t\t\t\t\t\t\t\t<\/li>\n\t\t\t\t\t\t\t\t<li class=\"elementor-icon-list-item\">\n\t\t\t\t\t\t\t\t\t\t\t<span class=\"elementor-icon-list-icon\">\n\t\t\t\t\t\t\t<i aria-hidden=\"true\" class=\"fas fa-check\"><\/i>\t\t\t\t\t\t<\/span>\n\t\t\t\t\t\t\t\t\t\t<span class=\"elementor-icon-list-text\">un travail de persuasion suppl\u00e9mentaire<\/span>\n\t\t\t\t\t\t\t\t\t<\/li>\n\t\t\t\t\t\t<\/ul>\n\t\t\t\t\t\t<\/div>\n\t\t\t\t<\/div>\n\t\t\t\t\t<\/div>\n\t\t<\/div>\n\t\t\t\t\t<\/div>\n\t\t<\/section>\n\t\t\t\t<section class=\"elementor-section elementor-top-section elementor-element elementor-element-d614ac4 elementor-section-boxed elementor-section-height-default elementor-section-height-default\" data-id=\"d614ac4\" data-element_type=\"section\" data-e-type=\"section\">\n\t\t\t\t\t\t<div class=\"elementor-container elementor-column-gap-default\">\n\t\t\t\t\t<div class=\"elementor-column elementor-col-100 elementor-top-column elementor-element elementor-element-2a87c8a\" data-id=\"2a87c8a\" data-element_type=\"column\" data-e-type=\"column\">\n\t\t\t<div class=\"elementor-widget-wrap elementor-element-populated\">\n\t\t\t\t\t\t<div class=\"elementor-element elementor-element-edd487d elementor-widget elementor-widget-jet-engine-booking-form\" data-id=\"edd487d\" data-element_type=\"widget\" data-e-type=\"widget\" data-widget_type=\"jet-engine-booking-form.default\">\n\t\t\t\t<div class=\"elementor-widget-container\">\n\t\t\t\t\t<form  class=\"jet-form layout-column submit-type-reload\" action=\"\/fr\/wp-json\/wp\/v2\/pages\/16586?jet_engine_action=book&#038;nocache=1776500634\" method=\"POST\" data-form-id=\"16619\" data-trp-original-action=\"\/fr\/wp-json\/wp\/v2\/pages\/16586?jet_engine_action=book&#038;nocache=1776500634\"><input class=\"jet-form__field hidden-field\" type=\"hidden\" name=\"_jet_engine_booking_form_id\" value=\"16619\" data-field-name=\"_jet_engine_booking_form_id\"><input class=\"jet-form__field hidden-field\" type=\"hidden\" name=\"_jet_engine_refer\" value=\"https:\/\/www.ballfreunde.com\/fr\/wp-json\/wp\/v2\/pages\/16586\" data-field-name=\"_jet_engine_refer\"><div  class=\"jet-form-row jet-form-row--hidden\"><div class=\"jet-form-col jet-form-col-12  field-type-hidden  jet-form-field-container\" data-field=\"referrer\" data-conditional=\"false\"><input class=\"jet-form__field hidden-field\" type=\"hidden\" name=\"referrer\" value=\"Elternabend\" data-field-name=\"referrer\"><\/div><\/div><div  class=\"jet-form-row jet-form-row--first-visible\"><div class=\"jet-form-col jet-form-col-6  field-type-text  jet-form-field-container\" data-field=\"vorname\" data-conditional=\"false\"><div class=\"jet-form__label\">\n\t<span class=\"jet-form__label-text\" >Pr\u00e9nom<span class=\"jet-form__required\">*<\/span><\/span>\n\t<\/div><input class=\"jet-form__field text-field\" value=\"\" required=\"required\" name=\"vorname\" id=\"vorname\" type=\"text\" data-field-name=\"vorname\"><\/div><div class=\"jet-form-col jet-form-col-6  field-type-text  jet-form-field-container\" data-field=\"nachname\" data-conditional=\"false\"><div class=\"jet-form__label\">\n\t<span class=\"jet-form__label-text\" >Nom de famille<span class=\"jet-form__required\">*<\/span><\/span>\n\t<\/div><input class=\"jet-form__field text-field\" value=\"\" required=\"required\" name=\"nachname\" id=\"nachname\" type=\"text\" data-field-name=\"nachname\"><\/div><\/div><div  class=\"jet-form-row\"><div class=\"jet-form-col jet-form-col-6  field-type-text  jet-form-field-container\" data-field=\"email\" data-conditional=\"false\"><div class=\"jet-form__label\">\n\t<span class=\"jet-form__label-text\" >e-mail<span class=\"jet-form__required\">*<\/span><\/span>\n\t<\/div><input class=\"jet-form__field text-field\" value=\"\" required=\"required\" name=\"email\" id=\"email\" type=\"text\" data-field-name=\"email\"><\/div><div class=\"jet-form-col jet-form-col-6  field-type-text  jet-form-field-container\" data-field=\"mobilnummer\" data-conditional=\"false\"><div class=\"jet-form__label\">\n\t<span class=\"jet-form__label-text\" >num\u00e9ro de t\u00e9l\u00e9phone portable<\/span>\n\t<\/div><input class=\"jet-form__field text-field\" value=\"\" name=\"mobilnummer\" id=\"mobilnummer\" type=\"text\" data-field-name=\"mobilnummer\"><small class=\"jet-form__desc\"><span class=\"jet-form__desc-text\">Il n&#039;est pas obligatoire de donner le num\u00e9ro de portable, mais cela rend la communication beaucoup plus facile par la suite.<\/span><\/small><\/div><\/div><div  class=\"jet-form-row\"><div class=\"jet-form-col jet-form-col-6  field-type-text  jet-form-field-container\" data-field=\"verein\" data-conditional=\"false\"><div class=\"jet-form__label\">\n\t<span class=\"jet-form__label-text\" >Nom du club<span class=\"jet-form__required\">*<\/span><\/span>\n\t<\/div><input class=\"jet-form__field text-field\" value=\"\" required=\"required\" name=\"verein\" id=\"verein\" type=\"text\" data-field-name=\"verein\"><\/div><div class=\"jet-form-col jet-form-col-6  field-type-text  jet-form-field-container\" data-field=\"wunschtermin\" data-conditional=\"false\"><div class=\"jet-form__label\">\n\t<span class=\"jet-form__label-text\" >Date souhait\u00e9e<\/span>\n\t<\/div><input class=\"jet-form__field text-field\" value=\"\" name=\"wunschtermin\" id=\"wunschtermin\" type=\"text\" data-field-name=\"wunschtermin\"><small class=\"jet-form__desc\"><span class=\"jet-form__desc-text\">Si vous savez d\u00e9j\u00e0 quand aura lieu votre r\u00e9union de parents, n'h\u00e9sitez pas \u00e0 inscrire ici la date et l'heure.<\/span><\/small><\/div><\/div><div  class=\"jet-form-row\"><div class=\"jet-form-col jet-form-col-12  field-type-textarea  jet-form-field-container\" data-field=\"hinweise\" data-conditional=\"false\"><div class=\"jet-form__label\">\n\t<span class=\"jet-form__label-text\" >Remarques<\/span>\n\t<\/div><textarea class=\"jet-form__field textarea-field\" name=\"hinweise\" data-field-name=\"hinweise\" id=\"hinweise\"><\/textarea><\/div><\/div><div  class=\"jet-form-row jet-form-row--submit\"><div class=\"jet-form-col jet-form-col-12  field-type-submit  jet-form-field-container\" data-field=\"Submit\" data-conditional=\"false\"><div class=\"jet-form__submit-wrap\">\n\t\t<button class=\"jet-form__submit submit-type-reload\" type=\"submit\">Envoyer une demande<\/button>\n<\/div><\/div><\/div><div  class=\"jet-form-row jet-form-row--hidden\"><div class=\"jet-form-col jet-form-col-12  field-type-hidden  jet-form-field-container\" data-field=\"integromat_status\" data-conditional=\"false\"><input class=\"jet-form__field hidden-field\" type=\"hidden\" name=\"integromat_status\" value=\"0\" data-field-name=\"integromat_status\"><\/div><\/div><input class=\"jet-form__field hidden-field\" type=\"hidden\" name=\"_jet_engine_nonce\" value=\"5d661b8ba0\" data-field-name=\"_jet_engine_nonce\"><input type=\"hidden\" name=\"trp-form-language\" value=\"fr\"\/><\/form>\t\t\t\t<\/div>\n\t\t\t\t<\/div>\n\t\t\t\t\t<\/div>\n\t\t<\/div>\n\t\t\t\t\t<\/div>\n\t\t<\/section>\n\t\t\t\t<\/div>","protected":false},"excerpt":{"rendered":"<p>Anfrage Elternabend Wir unterst\u00fctzen Dich aktiv beim Elternabend und stellen uns den Fragen Deiner Eltern direkt. Wir lieben Abschlussfahrten und teambildende Ma\u00dfnahmen, denn sie pr\u00e4gen uns und vor allem unsere Kinder. Daher nehmen wir als Trainer:innen auch jedes Mal wieder gerne die Organisation eines Abschlusses in die Hand. Nichtsdestotrotz kennen wir alle den Moment, in [&hellip;]<\/p>\n","protected":false},"author":2,"featured_media":0,"parent":0,"menu_order":0,"comment_status":"closed","ping_status":"closed","template":"","meta":{"_jf_save_progress":"","_jet_sm_ready_style":"","_jet_sm_style":"","_jet_sm_controls_values":"","_jet_sm_fonts_collection":"","_jet_sm_fonts_links":"","_joinchat":[],"footnotes":""},"class_list":["post-16586","page","type-page","status-publish","hentry"],"_links":{"self":[{"href":"https:\/\/www.ballfreunde.com\/fr\/wp-json\/wp\/v2\/pages\/16586","targetHints":{"allow":["GET"]}}],"collection":[{"href":"https:\/\/www.ballfreunde.com\/fr\/wp-json\/wp\/v2\/pages"}],"about":[{"href":"https:\/\/www.ballfreunde.com\/fr\/wp-json\/wp\/v2\/types\/page"}],"author":[{"embeddable":true,"href":"https:\/\/www.ballfreunde.com\/fr\/wp-json\/wp\/v2\/users\/2"}],"replies":[{"embeddable":true,"href":"https:\/\/www.ballfreunde.com\/fr\/wp-json\/wp\/v2\/comments?post=16586"}],"version-history":[{"count":3,"href":"https:\/\/www.ballfreunde.com\/fr\/wp-json\/wp\/v2\/pages\/16586\/revisions"}],"predecessor-version":[{"id":44496,"href":"https:\/\/www.ballfreunde.com\/fr\/wp-json\/wp\/v2\/pages\/16586\/revisions\/44496"}],"wp:attachment":[{"href":"https:\/\/www.ballfreunde.com\/fr\/wp-json\/wp\/v2\/media?parent=16586"}],"curies":[{"name":"wp","href":"https:\/\/api.w.org\/{rel}","templated":true}]}}