{"id":6326,"date":"2021-09-01T18:55:10","date_gmt":"2021-09-01T18:55:10","guid":{"rendered":"https:\/\/www.vechtecup.de\/?page_id=6326"},"modified":"2025-12-05T15:38:08","modified_gmt":"2025-12-05T15:38:08","slug":"datenschutz","status":"publish","type":"page","link":"https:\/\/www.ballfreunde.com\/dk\/datenschutz\/","title":{"rendered":"Data beskyttelse"},"content":{"rendered":"<div data-elementor-type=\"wp-page\" data-elementor-id=\"6326\" class=\"elementor elementor-6326\" data-elementor-post-type=\"page\">\n\t\t\t\t\t\t<section class=\"elementor-section elementor-top-section elementor-element elementor-element-87ef35a elementor-section-full_width elementor-section-height-default elementor-section-height-default\" data-id=\"87ef35a\" data-element_type=\"section\" data-e-type=\"section\" data-settings=\"{&quot;background_background&quot;:&quot;classic&quot;}\">\n\t\t\t\t\t\t<div class=\"elementor-container elementor-column-gap-default\">\n\t\t\t\t\t<div class=\"elementor-column elementor-col-100 elementor-top-column elementor-element elementor-element-d5eb2a7\" data-id=\"d5eb2a7\" data-element_type=\"column\" data-e-type=\"column\">\n\t\t\t<div class=\"elementor-widget-wrap elementor-element-populated\">\n\t\t\t\t\t\t<div class=\"elementor-element elementor-element-85df69a elementor-hidden-tablet elementor-hidden-phone elementor-widget elementor-widget-heading\" data-id=\"85df69a\" data-element_type=\"widget\" data-e-type=\"widget\" data-widget_type=\"heading.default\">\n\t\t\t\t<div class=\"elementor-widget-container\">\n\t\t\t\t\t<h2 class=\"elementor-heading-title elementor-size-default\">Data beskyttelse<\/h2>\t\t\t\t<\/div>\n\t\t\t\t<\/div>\n\t\t\t\t<div class=\"elementor-element elementor-element-fde6b75 elementor-hidden-desktop elementor-widget elementor-widget-heading\" data-id=\"fde6b75\" data-element_type=\"widget\" data-e-type=\"widget\" data-widget_type=\"heading.default\">\n\t\t\t\t<div class=\"elementor-widget-container\">\n\t\t\t\t\t<h2 class=\"elementor-heading-title elementor-size-default\">Data beskyttelse-\n<br>Forklaring<\/h2>\t\t\t\t<\/div>\n\t\t\t\t<\/div>\n\t\t\t\t<div class=\"elementor-element elementor-element-a71005e elementor-widget elementor-widget-text-editor\" data-id=\"a71005e\" data-element_type=\"widget\" data-e-type=\"widget\" data-widget_type=\"text-editor.default\">\n\t\t\t\t<div class=\"elementor-widget-container\">\n\t\t\t\t\t\t\t\t\t<p style=\"text-align: left;\"><strong>1. Ansvarlig instans<\/strong><\/p><p style=\"text-align: left;\">BALLFREUNDE GmbH<br \/>Administrerende direkt\u00f8r: Fabian Ziethmann<\/p><p style=\"text-align: left;\">Waldweg 13<br \/>21465 Wentorf<\/p><p style=\"text-align: left;\">Tlf .: +49 (0) 40 55895037<br \/>E -mail: info@ballfreunde.com<\/p><p style=\"text-align: left;\"><strong>2. Indsamling, behandling og brug af personoplysninger<\/strong><\/p><p style=\"text-align: left;\"><strong>2.1 Personoplysninger<\/strong><\/p><p style=\"text-align: left;\">Personoplysninger er oplysninger om faktiske eller personlige forhold for en bestemt eller identificerbar fysisk person. Dette omfatter f.eks. Dit navn, telefonnummer, adresse og alle data, som du giver os, n\u00e5r du deltager i vores arrangementer.<\/p><p style=\"text-align: left;\">Dette inkluderer ikke aggregerede data, som vi indsamler, f.eks. N\u00e5r du bes\u00f8ger vores websted eller i form af opt\u00e6llinger ved begivenheder p\u00e5 stedet, og som ikke kan knyttes direkte til din person.<\/p><p style=\"text-align: left;\"><strong>2.2 Indsamling, behandling og brug af personoplysninger<\/strong><\/p><p style=\"text-align: left;\">Vi indsamler, opbevarer og behandler dine data til support forud for og under din deltagelse i vores arrangementer, herunder eventuelle senere garantier, for vores tjenester, teknisk administration og vores egne marketingform\u00e5l. Dine personoplysninger videregives kun til tredjemand eller p\u00e5 anden m\u00e5de videregives, hvis dette er n\u00f8dvendigt med henblik p\u00e5 kontraktbehandling eller fakturering, eller hvis du har givet dit forudg\u00e5ende samtykke (for eksempel skal vi videregive dit navn til et hotel eller en flyselskab, hvis du leverer indkvartering eller transporttjeneste via os har bestilt, men et tredje selskab leverer den tilsvarende service). Som en del af vores arrangementer modtager f.eks. De tjenesteudbydere, vi bruger, de n\u00f8dvendige data til ordrebehandling. De data, der videregives p\u00e5 denne m\u00e5de, m\u00e5 kun bruges af vores tjenesteudbydere til at udf\u00f8re deres opgave. Enhver anden brug af oplysningerne er ikke tilladt og udf\u00f8res ikke af nogen af de tjenesteudbydere, som vi har betroet. Dine personoplysninger slettes, medmindre der er lovbestemte opbevaringskrav, og hvis du har gjort krav p\u00e5 sletning, hvis data ikke l\u00e6ngere er p\u00e5kr\u00e6vet for at opfylde det form\u00e5l, hvortil de blev gemt, eller hvis opbevaring af andre juridiske \u00e5rsager ikke er tilladt.<\/p><p style=\"text-align: left;\"><strong>2.3 Annoncering via e -mail<\/strong><\/p><p style=\"text-align: left;\">Deltagere i vores arrangementer vil modtage anbefalinger og oplysninger om fremtidige begivenheder fra os efter deres deltagelse. Du vil automatisk modtage disse anbefalinger fra os. P\u00e5 denne m\u00e5de vil vi sende dig oplysninger om vores tilbud, der kan have din interesse baseret p\u00e5 din deltagelse i tidligere begivenheder. P\u00e5 den m\u00e5de overholder vi de juridiske krav n\u00f8je. Hvis du ikke l\u00e6ngere \u00f8nsker at modtage anbefalinger eller flere reklamebeskeder fra os, kan du til enhver tid g\u00f8re indsigelse mod dette. En meddelelse i tekstform til kontaktoplysningerne n\u00e6vnt under punkt 1 (f.eks. E-mail, fax, brev) er tilstr\u00e6kkelig til dette. Selvf\u00f8lgelig finder du ogs\u00e5 et afmeldingslink i hver e -mail.<\/p><p style=\"text-align: left;\"><strong>3. Logfiler<\/strong><\/p><p style=\"text-align: left;\">Hver gang vi f\u00e5r adgang til vores websted, overf\u00f8res brugsdata via den respektive webbrowser og gemmes i logfiler, de s\u00e5kaldte serverlogfiler. De lagrede dataposter indeholder f\u00f8lgende data: dato og klokkesl\u00e6t for adgang, navn p\u00e5 siden, der blev \u00e5bnet, IP -adresse, henvisnings -URL (oprindelses -URL, hvorfra du kom til webstedet), m\u00e6ngden af data, der blev overf\u00f8rt, samt produkt og versionsnummer, som browseren brugte. Brugernes IP -adresser slettes eller anonymiseres efter 30 dage. I tilf\u00e6lde af anonymisering \u00e6ndres IP -adresserne p\u00e5 en s\u00e5dan m\u00e5de, at de enkelte detaljer om personlige eller faktiske omst\u00e6ndigheder ikke l\u00e6ngere kan tildeles en bestemt eller identificerbar fysisk person eller kun med uforholdsm\u00e6ssigt stor tid, omkostninger og arbejdskraft. Vi evaluerer disse logfildataposter i en anonymiseret form for yderligere at forbedre vores websted og for hurtigere at finde tekniske fejl.<\/p><p style=\"text-align: left;\"><strong>4. Google Analytics<\/strong><\/p><p style=\"text-align: left;\">Dette websted bruger Google Analytics, en webanalysetjeneste, der leveres af Google, Inc. (\"Google\"). Google Analytics bruger \"cookies\", som er tekstfiler, der placeres p\u00e5 din computer, til at hj\u00e6lpe webstedet med at analysere, hvordan brugerne bruger webstedet. De oplysninger, der genereres af cookien om din brug af dette websted, overf\u00f8res normalt til en Google-server i USA og gemmes der. Hvis IP-anonymisering er aktiveret p\u00e5 dette websted, vil din IP-adresse dog blive afkortet af Google inden for EU's medlemsstater eller i andre kontraherende stater til aftalen om Det Europ\u00e6iske \u00d8konomiske Samarbejdsomr\u00e5de. Kun i undtagelsestilf\u00e6lde vil den fulde IP-adresse blive overf\u00f8rt til en Google-server i USA og forkortet der. P\u00e5 vegne af operat\u00f8ren af dette websted vil Google bruge disse oplysninger til at evaluere din brug af webstedet, udarbejde rapporter om webstedsaktivitet og levere andre tjenester vedr\u00f8rende webstedsaktivitet og internetbrug til webstedsoperat\u00f8ren. Den IP-adresse, som din browser overf\u00f8rer som en del af Google Analytics, bliver ikke sl\u00e5et sammen med andre Google-data. Du kan afvise brugen af cookies ved at v\u00e6lge de relevante indstillinger i din browser, men v\u00e6r opm\u00e6rksom p\u00e5, at hvis du g\u00f8r dette, kan du muligvis ikke bruge alle funktionerne p\u00e5 dette websted.<\/p><p style=\"text-align: left;\">Du kan ogs\u00e5 forhindre Google i at indsamle de data, der genereres af cookien og vedr\u00f8rer din brug af webstedet (inklusive din IP-adresse) og fra at behandle disse data af Google ved at downloade browser-plug-in&#039;et, der er tilg\u00e6ngeligt under f\u00f8lgende link og installere: http : \/\/tools.google.com\/dlpage\/gaoptout? hl = de<\/p><p style=\"text-align: left;\">Ved at bruge mannschaftsausfahrt.de accepterer du behandlingen af de data, der indsamles om dig af Google p\u00e5 den m\u00e5de, der er beskrevet ovenfor og til det form\u00e5l, der er angivet ovenfor.<\/p><p style=\"text-align: left;\">Hvis du ikke \u00f8nsker, at oplysninger om dit webstedsbes\u00f8g skal overf\u00f8res til Google Analytics, har du mulighed for at installere et &quot;deaktiverings-tilf\u00f8jelsesprogram&quot; til din browser. Du kan downloade denne tilf\u00f8jelse fra http:\/\/tools.google.com\/dlpage\/gaoptout?hl=de. Bem\u00e6rk dog, at dette i \u00f8jeblikket kun er tilg\u00e6ngeligt til Microsoft Internet Explorer, Google Chrome, Mozilla Firefox, Apple Safari og Opera.<\/p><p style=\"text-align: left;\">Uden dit udtrykkelige samtykke vil vi ikke bruge sporingsv\u00e6rkt\u00f8jerne til at indsamle personlige data om dig ubem\u00e6rket, til at overf\u00f8re s\u00e5danne data til tredjepartsudbydere og marketingplatforme eller til at forbinde dataene med dine personlige data (navn, adresse osv.).<\/p><p data-path-to-node=\"5\"><strong>5. brug af WhatsApp-chatten p\u00e5 hjemmesiden<\/strong><\/p><p data-path-to-node=\"3\">For at kunne tilbyde dig en hurtig og direkte kommunikationskanal kan vi bruge en <b>WhatsApp chat-knap<\/b> eller en tilsvarende widget p\u00e5 vores hjemmeside. Brugen af denne tjeneste kr\u00e6ver overholdelse af s\u00e6rlige databeskyttelsesbestemmelser:<\/p><ul data-path-to-node=\"4\"><li><p data-path-to-node=\"4,0,0\">Ansvarlig tjenesteudbyder: WhatsApp-tjenesten tilbydes af Meta Platforms, Inc. (tidligere Facebook Inc.) i USA. Metas privatlivspolitik g\u00e6lder for brugen af tjenesten.<\/p><\/li><li><p data-path-to-node=\"4,1,0\">Datatransmission: S\u00e5 snart du klikker p\u00e5 WhatsApp-knappen p\u00e5 vores hjemmeside og starter chatten, oprettes der en forbindelse til Meta\/WhatsApp-serverne. Personlige data kan overf\u00f8res til Meta i processen, is\u00e6r<\/p><ul data-path-to-node=\"4,1,1\"><li><p data-path-to-node=\"4,1,1,0,0\">Dit telefonnummer og det tilsvarende WhatsApp-id.<\/p><\/li><li><p data-path-to-node=\"4,1,1,1,0\">Indholdet af de beskeder, du sender.<\/p><\/li><li><p data-path-to-node=\"4,1,1,2,0\">Tekniske data (f.eks. tidspunkt for chatten, enhedstype).<\/p><\/li><\/ul><\/li><li><p data-path-to-node=\"4,2,0\">Behandling af BALLFREUNDE: De oplysninger, du sender til os via WhatsApp-chatten (f.eks. navn, anmodning, kontaktoplysninger), vil udelukkende blive brugt og behandlet af os til at behandle din foresp\u00f8rgsel eller til kontraktbehandling (tilmelding til arrangementer).<\/p><\/li><li><p data-path-to-node=\"4,3,0\">Retsgrundlag: Brugen af WhatsApp-chatten er frivillig og er baseret p\u00e5 dit udtrykkelige samtykke (art. 6, stk. 1, litra a, i GDPR), som du giver ved aktivt at starte chatten.<\/p><\/li><li><p data-path-to-node=\"4,4,0\">Din kontrol: Hvis du \u00f8nsker at forhindre overf\u00f8rsel af data til Meta\/WhatsApp, bedes du bruge alternative kontaktmuligheder (f.eks. e-mail eller telefon, se afsnit 1). Bem\u00e6rk, at Meta\/WhatsApp som amerikansk virksomhed behandler data uden for GDPR's anvendelsesomr\u00e5de.<\/p><\/li><\/ul><p data-path-to-node=\"5\"><b>Et tip:<\/b> Vi har ingen indflydelse p\u00e5 Meta\/WhatsApps indsamling og videre behandling af data. Vi anbefaler, at du l\u00e6ser Meta\/WhatsApps privatlivspolitik, f\u00f8r du bruger tjenesten.<\/p><p style=\"text-align: left;\"><strong>6. den registreredes ret til information<\/strong><\/p><p style=\"text-align: left;\">I henhold til den f\u00f8derale databeskyttelseslov har du ret til gratis oplysninger om dine lagrede data og om n\u00f8dvendigt retten til at rette, blokere eller slette data. Vi tager beskyttelsen af dine data meget alvorligt. For at sikre, at personoplysninger ikke videregives til tredjemand, bedes du sende din anmodning via e -mail eller post til adressen angivet under punkt 1.<\/p>\t\t\t\t\t\t\t\t<\/div>\n\t\t\t\t<\/div>\n\t\t\t\t\t<\/div>\n\t\t<\/div>\n\t\t\t\t\t<\/div>\n\t\t<\/section>\n\t\t\t\t<\/div>","protected":false},"excerpt":{"rendered":"<p>Datenschutzerkl\u00e4rung Datenschutz- erkl\u00e4rung 1. Verantwortliche Stelle BALLFREUNDE GmbHGesch\u00e4ftsf\u00fchrer: Fabian Ziethmann Waldweg 1321465 Wentorf Tel.: +49 (0) 40 55895037E-Mail: info@ballfreunde.com 2. Erhebung, Verarbeitung und Nutzung personenbezogener Daten 2.1 Personenbezogene Daten Personenbezogene Daten sind Angaben \u00fcber sachliche oder pers\u00f6nliche Verh\u00e4ltnisse einer bestimmten oder bestimmbaren nat\u00fcrlichen Person. Hierunter fallen beispielsweise Name, Telefonnummer, Anschrift sowie s\u00e4mtliche Daten, welche Sie [&hellip;]<\/p>\n","protected":false},"author":3,"featured_media":0,"parent":0,"menu_order":0,"comment_status":"closed","ping_status":"closed","template":"","meta":{"_jf_save_progress":"","_jet_sm_ready_style":"","_jet_sm_style":"","_jet_sm_controls_values":"","_jet_sm_fonts_collection":"","_jet_sm_fonts_links":"","_joinchat":[],"footnotes":""},"class_list":["post-6326","page","type-page","status-publish","hentry"],"_links":{"self":[{"href":"https:\/\/www.ballfreunde.com\/dk\/wp-json\/wp\/v2\/pages\/6326","targetHints":{"allow":["GET"]}}],"collection":[{"href":"https:\/\/www.ballfreunde.com\/dk\/wp-json\/wp\/v2\/pages"}],"about":[{"href":"https:\/\/www.ballfreunde.com\/dk\/wp-json\/wp\/v2\/types\/page"}],"author":[{"embeddable":true,"href":"https:\/\/www.ballfreunde.com\/dk\/wp-json\/wp\/v2\/users\/3"}],"replies":[{"embeddable":true,"href":"https:\/\/www.ballfreunde.com\/dk\/wp-json\/wp\/v2\/comments?post=6326"}],"version-history":[{"count":3,"href":"https:\/\/www.ballfreunde.com\/dk\/wp-json\/wp\/v2\/pages\/6326\/revisions"}],"predecessor-version":[{"id":44066,"href":"https:\/\/www.ballfreunde.com\/dk\/wp-json\/wp\/v2\/pages\/6326\/revisions\/44066"}],"wp:attachment":[{"href":"https:\/\/www.ballfreunde.com\/dk\/wp-json\/wp\/v2\/media?parent=6326"}],"curies":[{"name":"wp","href":"https:\/\/api.w.org\/{rel}","templated":true}]}}