{"id":8581,"date":"2021-09-23T15:20:01","date_gmt":"2021-09-23T15:20:01","guid":{"rendered":"https:\/\/www.ballfreunde.com\/?page_id=8581"},"modified":"2024-01-17T08:16:31","modified_gmt":"2024-01-17T08:16:31","slug":"video-call","status":"publish","type":"page","link":"https:\/\/www.ballfreunde.com\/de\/video-call\/","title":{"rendered":"Video-Call"},"content":{"rendered":"\t\t<div data-elementor-type=\"wp-page\" data-elementor-id=\"8581\" class=\"elementor elementor-8581\" data-elementor-post-type=\"page\">\n\t\t\t\t\t\t<section class=\"elementor-section elementor-top-section elementor-element elementor-element-ddc46c7 elementor-section-full_width elementor-section-height-default elementor-section-height-default\" data-id=\"ddc46c7\" data-element_type=\"section\" data-e-type=\"section\" data-settings=\"{&quot;background_background&quot;:&quot;classic&quot;}\">\n\t\t\t\t\t\t<div class=\"elementor-container elementor-column-gap-default\">\n\t\t\t\t\t<div class=\"elementor-column elementor-col-100 elementor-top-column elementor-element elementor-element-bf5db1f\" data-id=\"bf5db1f\" data-element_type=\"column\" data-e-type=\"column\">\n\t\t\t<div class=\"elementor-widget-wrap elementor-element-populated\">\n\t\t\t\t\t\t<div class=\"elementor-element elementor-element-06bef0c elementor-widget elementor-widget-heading\" data-id=\"06bef0c\" data-element_type=\"widget\" data-e-type=\"widget\" data-widget_type=\"heading.default\">\n\t\t\t\t<div class=\"elementor-widget-container\">\n\t\t\t\t\t<h2 class=\"elementor-heading-title elementor-size-default\">Video-Call vereinbaren<\/h2>\t\t\t\t<\/div>\n\t\t\t\t<\/div>\n\t\t\t\t<div class=\"elementor-element elementor-element-d1594ad elementor-widget elementor-widget-heading\" data-id=\"d1594ad\" data-element_type=\"widget\" data-e-type=\"widget\" data-widget_type=\"heading.default\">\n\t\t\t\t<div class=\"elementor-widget-container\">\n\t\t\t\t\t<h2 class=\"elementor-heading-title elementor-size-default\">Wir pr\u00e4sentieren Euch unsere Turniere in einem Video-Call<\/h2>\t\t\t\t<\/div>\n\t\t\t\t<\/div>\n\t\t\t\t<div class=\"elementor-element elementor-element-db18041 elementor-hidden-mobile elementor-widget elementor-widget-text-editor\" data-id=\"db18041\" data-element_type=\"widget\" data-e-type=\"widget\" data-widget_type=\"text-editor.default\">\n\t\t\t\t<div class=\"elementor-widget-container\">\n\t\t\t\t\t\t\t\t\t<p>W\u00e4hle einfach Eure bevorzugte Sprache aus und vereinbare mit uns einen Video-Call. In einer Video-Pr\u00e4sentation stellen wir Dir\/Euch unsere Turniere vor und kl\u00e4ren alle auftretenden Fragen. Ihr habt somit auch die M\u00f6glichkeit andere Trainer:innen aus Eurem Verein zu dem Video-Call einzuladen, sodass direkt mehrere Teams informiert sind und Ihr gemeinsam an einem Turnier teilnehmen k\u00f6nnt.<\/p>\t\t\t\t\t\t\t\t<\/div>\n\t\t\t\t<\/div>\n\t\t\t\t\t<\/div>\n\t\t<\/div>\n\t\t\t\t\t<\/div>\n\t\t<\/section>\n\t\t\t\t<section class=\"elementor-section elementor-top-section elementor-element elementor-element-d614ac4 elementor-section-boxed elementor-section-height-default elementor-section-height-default\" data-id=\"d614ac4\" data-element_type=\"section\" data-e-type=\"section\">\n\t\t\t\t\t\t<div class=\"elementor-container elementor-column-gap-default\">\n\t\t\t\t\t<div class=\"elementor-column elementor-col-100 elementor-top-column elementor-element elementor-element-2a87c8a\" data-id=\"2a87c8a\" data-element_type=\"column\" data-e-type=\"column\">\n\t\t\t<div class=\"elementor-widget-wrap elementor-element-populated\">\n\t\t\t\t\t\t<div class=\"elementor-element elementor-element-b14351a elementor-widget elementor-widget-jet-form-builder-form\" data-id=\"b14351a\" data-element_type=\"widget\" data-e-type=\"widget\" data-widget_type=\"jet-form-builder-form.default\">\n\t\t\t\t<div class=\"elementor-widget-container\">\n\t\t\t\t\t<link rel='stylesheet' id='wp-block-library-css' href='https:\/\/www.ballfreunde.com\/wp-includes\/css\/dist\/block-library\/style.min.css?ver=6.9.4' type='text\/css' media='all' \/>\n<link rel=\"preconnect\" href=\"https:\/\/fonts.gstatic.com\"><style id=\"jet-form-builder-26987-inline-css\">.jet-sm-gb-7abe912b-4930-4041-9509-b7d6ae7b0e69 .jet-form-builder__desc.jet-form-builder__desc.jet-form-builder__desc{background-color: ;} .jet-sm-gb-007de11a-f58f-4446-b83f-955a7fefc447 .jet-form-builder__desc{background-color: ;} <\/style><form  class=\"jet-form-builder layout-column submit-type-reload\" action=\"https:\/\/www.ballfreunde.com\/de\/wp-json\/wp\/v2\/pages\/8581\/?CJXRIb=J1XcOZVFaw&amp;method=reload\" method=\"POST\" data-form-id=\"26987\" data-layout=\"column\" enctype=\"multipart\/form-data\" novalidate=\"null\" ssr_validation_method=\"rest\"><input type=\"hidden\" id=\"_wpnonce\" name=\"_wpnonce\" value=\"c584eb94ee\" \/><input type=\"hidden\" name=\"_wp_http_referer\" value=\"\/de\/wp-json\/wp\/v2\/pages\/8581\" \/>\r\n<input type=\"hidden\" name=\"_jfb_current_render_states[]\" value=\"DEFAULT.STATE\" data-jfb-sync \/><input type=\"hidden\" class=\"jet-form-builder__field hidden-field\" name=\"_jet_engine_booking_form_id\" data-field-name=\"_jet_engine_booking_form_id\" value=\"26987\">\n<input type=\"hidden\" class=\"jet-form-builder__field hidden-field\" name=\"_jet_engine_refer\" data-field-name=\"_jet_engine_refer\" value=\"https:\/\/www.ballfreunde.com\/de\/wp-json\/wp\/v2\/pages\/8581\/\">\n<input type=\"hidden\" class=\"jet-form-builder__field hidden-field\" name=\"__queried_post_id\" data-field-name=\"__queried_post_id\" value=\"8581\">\n\n<input type=\"hidden\" class=\"jet-form-builder__field hidden-field\" name=\"post_id\" data-field-name=\"post_id\" data-jfb-sync=\"null\" value=\"8581\">\n\n\n\n<div class=\" jet-sm-gb-wrapper jet-sm-gb-7abe912b-4930-4041-9509-b7d6ae7b0e69\" data-block-id=\"jet-sm-gb-7abe912b-4930-4041-9509-b7d6ae7b0e69\" ><div  class=\"jet-form-builder-row field-type-radio-field wp-block-jet-forms-radio-field\">\n<div class=\"jet-form-builder__label\">\r\n<div class=\"jet-form-builder__label-text\">W\u00e4hle Deine bevorzugte Sprache f\u00fcr den Videotermin.<\/div><\/div><div class=\"jet-form-builder__fields-group checkradio-wrap\" data-jfb-sync><div class=\"jet-form-builder__field-wrap radio-wrap checkradio-wrap\"><label class=\"jet-form-builder__field-label for-radio\">\n<input type=\"radio\" name=\"sprachauswahl\" value=\"deutsch\" data-field-name=\"sprachauswahl\"  class=\"jet-form-builder__field radio-field checkradio-field\"><span>deutsch<\/span><\/label><\/div><div class=\"jet-form-builder__field-wrap radio-wrap checkradio-wrap\"><label class=\"jet-form-builder__field-label for-radio\">\n<input type=\"radio\" name=\"sprachauswahl\" value=\"englisch\" data-field-name=\"sprachauswahl\"  class=\"jet-form-builder__field radio-field checkradio-field\"><span>englisch<\/span><\/label><\/div><div class=\"jet-form-builder__field-wrap radio-wrap checkradio-wrap\"><label class=\"jet-form-builder__field-label for-radio\">\n<input type=\"radio\" name=\"sprachauswahl\" value=\"d\u00e4nisch\" data-field-name=\"sprachauswahl\"  class=\"jet-form-builder__field radio-field checkradio-field\"><span>d\u00e4nisch<\/span><\/label><\/div><div class=\"jet-form-builder__field-wrap radio-wrap checkradio-wrap\"><label class=\"jet-form-builder__field-label for-radio\">\n<input type=\"radio\" name=\"sprachauswahl\" value=\"franz\u00f6sisch\" data-field-name=\"sprachauswahl\"  class=\"jet-form-builder__field radio-field checkradio-field\"><span>franz\u00f6sisch<\/span><\/label><\/div><\/div>\n<\/div><\/div>\n\n<div class=\" jet-sm-gb-wrapper jet-sm-gb-007de11a-f58f-4446-b83f-955a7fefc447\" data-block-id=\"jet-sm-gb-007de11a-f58f-4446-b83f-955a7fefc447\" ><div class=\"jet-form-builder__conditional \" data-jfb-conditional=\"[{&quot;operator&quot;:&quot;equal&quot;,&quot;value&quot;:&quot;deutsch&quot;,&quot;field&quot;:&quot;sprachauswahl&quot;,&quot;use_preset&quot;:false}]\" data-jfb-func=\"show\">\n\n<!-- Google Calendar Appointment Scheduling begin -->\n<iframe src=\"https:\/\/calendar.google.com\/calendar\/appointments\/schedules\/AcZssZ3iRi-vjHmSgzdmR2Kd6Sw-jOVTUzULamCgJbgMoj-gXRu5XYdBlVGVrM-9MoVlQl7QBsi6hgeI?gv=true\" style=\"border: 0\" width=\"100%\" height=\"600\" frameborder=\"0\"><\/iframe>\n<!-- end Google Calendar Appointment Scheduling -->\n\n<\/div><\/div>\n\n<div class=\" jet-sm-gb-wrapper jet-sm-gb-007de11a-f58f-4446-b83f-955a7fefc447\" data-block-id=\"jet-sm-gb-007de11a-f58f-4446-b83f-955a7fefc447\" ><div class=\"jet-form-builder__conditional \" data-jfb-conditional=\"[{&quot;operator&quot;:&quot;equal&quot;,&quot;value&quot;:&quot;d\\u00e4nisch&quot;,&quot;field&quot;:&quot;sprachauswahl&quot;,&quot;use_preset&quot;:false}]\" data-jfb-func=\"show\">\n\n<!-- Google Calendar Appointment Scheduling begin -->\n<iframe src=\"https:\/\/calendar.google.com\/calendar\/appointments\/schedules\/AcZssZ2JXBTx2TYNIfmiYgW2nOwa_iZAy0QajzA700L2pedHvOIhoWV3tKRf-Mj-dmERos8F5sHDU4De?gv=true\" style=\"border: 0\" width=\"100%\" height=\"600\" frameborder=\"0\"><\/iframe>\n<!-- end Google Calendar Appointment Scheduling -->\n\n<\/div><\/div>\n\n<div class=\" jet-sm-gb-wrapper jet-sm-gb-007de11a-f58f-4446-b83f-955a7fefc447\" data-block-id=\"jet-sm-gb-007de11a-f58f-4446-b83f-955a7fefc447\" ><div class=\"jet-form-builder__conditional \" data-jfb-conditional=\"[{&quot;operator&quot;:&quot;one_of&quot;,&quot;value&quot;:[&quot;englisch&quot;,&quot;franz\\u00f6sisch&quot;,&quot;niederl\\u00e4ndisch&quot;],&quot;field&quot;:&quot;sprachauswahl&quot;,&quot;use_preset&quot;:false}]\" data-jfb-func=\"show\">\n\n<!-- Google Calendar Appointment Scheduling begin -->\n<iframe src=\"https:\/\/calendar.google.com\/calendar\/appointments\/schedules\/AcZssZ2zhOiJM9R7mpZN-2IYAaQuMv2915F-Y20j_kYxIyok7HQOlU7TrGscoCZtpZPdC5BJdSnz1tKA?gv=true\" style=\"border: 0\" width=\"100%\" height=\"600\" frameborder=\"0\"><\/iframe>\n<!-- end Google Calendar Appointment Scheduling -->\n\n<\/div><\/div>\t<div class=\"jet-form-builder-messages-wrap\" data-form-id=\"26987\"><\/div>\n<\/form>\n\t\t\t\t<\/div>\n\t\t\t\t<\/div>\n\t\t\t\t\t<\/div>\n\t\t<\/div>\n\t\t\t\t\t<\/div>\n\t\t<\/section>\n\t\t\t\t<\/div>\n\t\t","protected":false},"excerpt":{"rendered":"<p>Video-Call vereinbaren Wir pr\u00e4sentieren Euch unsere Turniere in einem Video-Call W\u00e4hle einfach Eure bevorzugte Sprache aus und vereinbare mit uns einen Video-Call. In einer Video-Pr\u00e4sentation stellen wir Dir\/Euch unsere Turniere vor und kl\u00e4ren alle auftretenden Fragen. Ihr habt somit auch die M\u00f6glichkeit andere Trainer:innen aus Eurem Verein zu dem Video-Call einzuladen, sodass direkt mehrere Teams [&hellip;]<\/p>\n","protected":false},"author":3,"featured_media":0,"parent":0,"menu_order":0,"comment_status":"closed","ping_status":"closed","template":"","meta":{"_jf_save_progress":"","_jet_sm_ready_style":"","_jet_sm_style":"","_jet_sm_controls_values":"","_jet_sm_fonts_collection":"","_jet_sm_fonts_links":"","_joinchat":[],"footnotes":""},"class_list":["post-8581","page","type-page","status-publish","hentry"],"_links":{"self":[{"href":"https:\/\/www.ballfreunde.com\/de\/wp-json\/wp\/v2\/pages\/8581","targetHints":{"allow":["GET"]}}],"collection":[{"href":"https:\/\/www.ballfreunde.com\/de\/wp-json\/wp\/v2\/pages"}],"about":[{"href":"https:\/\/www.ballfreunde.com\/de\/wp-json\/wp\/v2\/types\/page"}],"author":[{"embeddable":true,"href":"https:\/\/www.ballfreunde.com\/de\/wp-json\/wp\/v2\/users\/3"}],"replies":[{"embeddable":true,"href":"https:\/\/www.ballfreunde.com\/de\/wp-json\/wp\/v2\/comments?post=8581"}],"version-history":[{"count":4,"href":"https:\/\/www.ballfreunde.com\/de\/wp-json\/wp\/v2\/pages\/8581\/revisions"}],"predecessor-version":[{"id":27000,"href":"https:\/\/www.ballfreunde.com\/de\/wp-json\/wp\/v2\/pages\/8581\/revisions\/27000"}],"wp:attachment":[{"href":"https:\/\/www.ballfreunde.com\/de\/wp-json\/wp\/v2\/media?parent=8581"}],"curies":[{"name":"wp","href":"https:\/\/api.w.org\/{rel}","templated":true}]}}