{"id":6325,"date":"2021-09-01T18:55:05","date_gmt":"2021-09-01T18:55:05","guid":{"rendered":"https:\/\/www.vechtecup.de\/?page_id=6325"},"modified":"2026-01-15T12:49:32","modified_gmt":"2026-01-15T12:49:32","slug":"agb","status":"publish","type":"page","link":"https:\/\/www.ballfreunde.com\/de\/agb\/","title":{"rendered":"AGB"},"content":{"rendered":"\t\t<div data-elementor-type=\"wp-page\" data-elementor-id=\"6325\" class=\"elementor elementor-6325\" data-elementor-post-type=\"page\">\n\t\t\t\t\t\t<section class=\"elementor-section elementor-top-section elementor-element elementor-element-ab46c91 elementor-section-boxed elementor-section-height-default elementor-section-height-default\" data-id=\"ab46c91\" data-element_type=\"section\" data-e-type=\"section\" data-settings=\"{&quot;background_background&quot;:&quot;classic&quot;}\">\n\t\t\t\t\t\t<div class=\"elementor-container elementor-column-gap-default\">\n\t\t\t\t\t<div class=\"elementor-column elementor-col-100 elementor-top-column elementor-element elementor-element-1511469\" data-id=\"1511469\" data-element_type=\"column\" data-e-type=\"column\">\n\t\t\t<div class=\"elementor-widget-wrap elementor-element-populated\">\n\t\t\t\t\t\t<div class=\"elementor-element elementor-element-305a811 elementor-hidden-phone elementor-widget elementor-widget-heading\" data-id=\"305a811\" data-element_type=\"widget\" data-e-type=\"widget\" data-widget_type=\"heading.default\">\n\t\t\t\t<div class=\"elementor-widget-container\">\n\t\t\t\t\t<h2 class=\"elementor-heading-title elementor-size-default\">Allgemeine Gesch\u00e4ftsbedingungen<\/h2>\t\t\t\t<\/div>\n\t\t\t\t<\/div>\n\t\t\t\t<div class=\"elementor-element elementor-element-9494570 elementor-hidden-desktop elementor-widget elementor-widget-heading\" data-id=\"9494570\" data-element_type=\"widget\" data-e-type=\"widget\" data-widget_type=\"heading.default\">\n\t\t\t\t<div class=\"elementor-widget-container\">\n\t\t\t\t\t<h2 class=\"elementor-heading-title elementor-size-default\">AGB<\/h2>\t\t\t\t<\/div>\n\t\t\t\t<\/div>\n\t\t\t\t<div class=\"elementor-element elementor-element-f8a8681 elementor-align-center elementor-hidden-desktop elementor-hidden-tablet elementor-hidden-mobile elementor-widget elementor-widget-button\" data-id=\"f8a8681\" data-element_type=\"widget\" data-e-type=\"widget\" data-widget_type=\"button.default\">\n\t\t\t\t<div class=\"elementor-widget-container\">\n\t\t\t\t\t\t\t\t\t<div class=\"elementor-button-wrapper\">\n\t\t\t\t\t<a class=\"elementor-button elementor-button-link elementor-size-sm\" href=\"https:\/\/www.ballfreunde.com\/wp-content\/uploads\/BALLFREUNDE_AGB_2024.pdf\" target=\"_blank\">\n\t\t\t\t\t\t<span class=\"elementor-button-content-wrapper\">\n\t\t\t\t\t\t<span class=\"elementor-button-icon\">\n\t\t\t\t<i aria-hidden=\"true\" class=\"fas fa-download\"><\/i>\t\t\t<\/span>\n\t\t\t\t\t\t\t\t\t<span class=\"elementor-button-text\">Download AGB<\/span>\n\t\t\t\t\t<\/span>\n\t\t\t\t\t<\/a>\n\t\t\t\t<\/div>\n\t\t\t\t\t\t\t\t<\/div>\n\t\t\t\t<\/div>\n\t\t\t\t<div class=\"elementor-element elementor-element-6488e28 elementor-widget elementor-widget-text-editor\" data-id=\"6488e28\" data-element_type=\"widget\" data-e-type=\"widget\" data-widget_type=\"text-editor.default\">\n\t\t\t\t<div class=\"elementor-widget-container\">\n\t\t\t\t\t\t\t\t\t<p style=\"text-align: left;\"><b>Allgemeine Gesch\u00e4ftsbedingungen der BALLFREUNDE GmbH,\u00a0<\/b><\/p><p style=\"text-align: left;\"><b>nachfolgend BALLFREUNDE genannt.<\/b><b><\/b><\/p><p><b>\u00a0<\/b><\/p><p>\u00a0<\/p><ol style=\"text-align: left;\"><li><b> Anmeldung, Best\u00e4tigung<\/b><\/li><\/ol><p style=\"text-align: left;\"><span style=\"font-weight: 400;\">1.1 Mit Ihrer Anmeldung bieten Sie BALLFREUNDE den Abschluss eines Vertrages zur Teilnahme an der gew\u00fcnschten Veranstaltung verbindlich an. Der Vertrag kommt zustande, wenn wir Ihnen die Buchung der Veranstaltung schriftlich best\u00e4tigen. Eine Best\u00e4tigung per E-Mail ist hierbei ausreichend. Telefonische und m\u00fcndliche Absprachen werden erst verbindlich, wenn sie von uns schriftlich best\u00e4tigt werden.\u00a0<\/span><\/p><p style=\"text-align: left;\"><span style=\"font-weight: 400;\">1.2 Die Anmeldung erfolgt durch den Anmelder auch f\u00fcr alle in der Anmeldung\/Listen mit aufgef\u00fchrten Teilnehmer, f\u00fcr deren Vertragsverpflichtung der Anmelder wie f\u00fcr eigene Verpflichtungen einsteht.\u00a0<\/span><\/p><p style=\"text-align: left;\"><span style=\"font-weight: 400;\">1.3 Mit Ihrer Anmeldung akzeptieren Sie die BALLFREUNDE-Turnierregeln.<\/span><\/p><ol style=\"text-align: left;\" start=\"2\"><li><b> Bezahlung\u00a0<\/b><\/li><\/ol><p style=\"text-align: left;\"><span style=\"font-weight: 400;\">2.1 Mit der Anmeldung wird die Anmeldegeb\u00fchr f\u00e4llig, welche nach Rechnungsstellung innerhalb des auf der Rechnung angegebenen Zahlungsziels zu zahlen ist. Diese ist grunds\u00e4tzlich nicht erstattungsf\u00e4hig. <\/span><span style=\"font-weight: 400;\"><br \/><\/span><span style=\"font-weight: 400;\">Wir weisen ausdr\u00fccklich darauf hin, dass die Anmeldegeb\u00fchr auch im Falle einer Absage der Veranstaltung durch eine Beh\u00f6rde oder einen anderen Dritten auf Grund einer von BALLFREUNDE nicht zu verantwortenden Gef\u00e4hrdung nicht erstattet wird. Ebenso, wenn die von BALLFREUNDE gemietete Sportanlage aus Gr\u00fcnden, die von BALLFREUNDE nicht zu vertreten sind, nicht genutzt werden kann.<\/span><\/p><p style=\"text-align: left;\"><span style=\"font-weight: 400;\">2.2 Die Teilnehmergeb\u00fchr ist, wie in der per Mail zugestellten Rechnung dargestellt, sp\u00e4testens acht Wochen vor Beginn der Veranstaltung zu leisten. <\/span><span style=\"font-weight: 400;\"><br \/><\/span><span style=\"font-weight: 400;\"><br \/><\/span><span style=\"font-weight: 400;\">Die Geb\u00fchren im Falle einer Stornierung, Bearbeitungs- und Umbuchungsgeb\u00fchren werden sofort f\u00e4llig. Die Betr\u00e4ge f\u00fcr An- und Restzahlung sowie ggf. Stornierung ergeben sich aus der Buchungsbest\u00e4tigung. Die Zahlungen m\u00fcssen jeweils in einer Summe f\u00fcr alle angemeldeten Teilnehmer unter Angabe der mitgeteilten Rechnungsnummer erfolgen.\u00a0<\/span><\/p><p style=\"text-align: left;\"><span style=\"font-weight: 400;\">2.3 Bei kurzfristigen Buchungen (ab acht Wochen vor Veranstaltungsbeginn) wird sofort der gesamte Teilnehmerpreis f\u00e4llig.<\/span><\/p><p style=\"text-align: left;\"><span style=\"font-weight: 400;\">2.4 Bei Nichteinhaltung des Restzahlungstermins kann BALLFREUNDE nach erfolgloser Mahnung mit Nachfristsetzung vom bestehenden Buchungsvertrag zur\u00fccktreten und als Entsch\u00e4digung R\u00fccktrittgeb\u00fchren nach Ziffer 4.2 verlangen. Die Aush\u00e4ndigung der letzten Informationen erfolgt erst nach Eingang der Restzahlung, fr\u00fchestens jedoch 14 Tage vor Veranstaltungsbeginn.\u00a0<\/span><\/p><ol style=\"text-align: left;\" start=\"3\"><li><b> Leistung<\/b><\/li><\/ol><p style=\"text-align: left;\"><span style=\"font-weight: 400;\">Die von BALLFREUNDE zu erbringenden Leistungen ergeben sich aus den Allgemeinen Informationen. Abweichungen hiervon bed\u00fcrfen der schriftlichen Vereinbarung.<\/span><\/p><ol style=\"text-align: left;\" start=\"4\"><li><b> R\u00fccktritt durch den\/die Teilnehmer\/innen, Stornogeb\u00fchren\u00a0<\/b><\/li><\/ol><p style=\"text-align: left;\"><span style=\"font-weight: 400;\">4.1 Es ist m\u00f6glich, jederzeit (unter Beachtung m\u00f6glicher Kosten nach Ziffer 4.2) vor Veranstaltungsbeginn von der Teilnahme zur\u00fcckzutreten. Ma\u00dfgeblich ist der Zugang der R\u00fccktrittserkl\u00e4rung bei BALLFREUNDE. Die Veranstaltungsr\u00fccktrittserkl\u00e4rung muss schriftlich erfolgen. Ein R\u00fccktritt per Email reicht nicht aus. Tritt ein Teilnehmer\/Mitreisender zur\u00fcck oder wird die Reise zur Veranstaltung aus Gr\u00fcnden (mit Ausnahme von unter Ziffer 10 geregelten F\u00e4llen H\u00f6herer Gewalt) nicht angetreten, die von BALLFREUNDE nicht zu vertreten sind, kann BALLFREUNDE angemessenen Ersatz f\u00fcr die getroffenen Vorkehrungen und Aufwendungen verlangen. Bei Berechnung des Ersatzes sind gew\u00f6hnlich ersparte Aufwendungen und eine gew\u00f6hnlich m\u00f6gliche anderweitige Verwendung der Veranstaltungsleistungen zu ber\u00fccksichtigen. Es bleibt Ihnen unbenommen, den Nachweis zu f\u00fchren, dass im Zusammenhang mit dem R\u00fccktritt oder Nichtantritt der Reise keine oder wesentlich niedrigere Kosten entstanden sind, als die von uns in der Pauschale (siehe 4.2) ausgewiesenen Kosten.<\/span><\/p><p style=\"text-align: left;\"><span style=\"font-weight: 400;\">4.2 Folgende Kosten sind zuz\u00fcglich zu der Bearbeitungsgeb\u00fchr von 25,- Euro pro Buchungsvorgang beim R\u00fccktritt (auch einzelner Personen) von der Veranstaltung in der Regel zu zahlen:<\/span><\/p><ul style=\"text-align: left;\"><li style=\"font-weight: 400;\" aria-level=\"1\"><span style=\"font-weight: 400;\">bis 90 Tage vor Veranstaltungsbeginn: keine weiteren Kosten<\/span><\/li><li style=\"font-weight: 400;\" aria-level=\"1\"><span style=\"font-weight: 400;\">vom 89. bis zum 31. Tag vor Veranstaltungsbeginn: 40% des <\/span><span style=\"font-weight: 400;\"><br \/><\/span><span style=\"font-weight: 400;\">Teilnehmerpreises (pro Person)<\/span><\/li><li style=\"font-weight: 400;\" aria-level=\"1\"><span style=\"font-weight: 400;\">vom 30. bis zum 16. Tag vor Veranstaltungsbeginn: 60% des Teilnehmerpreises (pro Person)<\/span><\/li><li style=\"font-weight: 400;\" aria-level=\"1\"><span style=\"font-weight: 400;\">ab dem 15. Tag vor Veranstaltungsbeginn: 90% des Teilnehmerpreises (pro Person)<\/span><\/li><li style=\"font-weight: 400;\" aria-level=\"1\"><span style=\"font-weight: 400;\">bei Nichterscheinen zu Veranstaltungsbeginn: 100% des Teilnehmerpreises (pro Person)<\/span><\/li><\/ul><p style=\"text-align: left;\"><span style=\"font-weight: 400;\">4.3 Auf Nachfrage nimmt BALLFREUNDE, soweit durchf\u00fchrbar, eine \u00c4nderung der Personenanzahl der Buchung um 10% (aufgerundet auf die n\u00e4chste volle Personenzahl) einmalig kostenlos vor.\u00a0<\/span><\/p><p style=\"text-align: left;\"><span style=\"font-weight: 400;\">Diese Regelung gilt nur bis acht Wochen vor Veranstaltungsbeginn.\u00a0<\/span><\/p><p style=\"text-align: left;\"><span style=\"font-weight: 400;\">F\u00fcr jede weitere \u00c4nderung der Buchungsbest\u00e4tigung beh\u00e4lt sich BALLFREUNDE vor, eine zus\u00e4tzliche Bearbeitungsgeb\u00fchr in H\u00f6he von 25,-EUR pro Vorgang zu verlangen.\u00a0<\/span><\/p><p style=\"text-align: left;\"><span style=\"font-weight: 400;\">\u00c4nderungen der Personenzahl der Buchung um mehr als 10 % (aufgerundet auf die n\u00e4chste volle Personenzahl) sind nur nach Zustimmung von BALLFREUNDE m\u00f6glich.\u00a0<\/span><\/p><p style=\"text-align: left;\"><span style=\"font-weight: 400;\">Gleiches gilt f\u00fcr \u00c4nderungen der Personenzahl der Buchung innerhalb des Zeitraums von acht Wochen bis zum Veranstaltungsbeginn.\u00a0<\/span><\/p><p style=\"text-align: left;\"><span style=\"font-weight: 400;\">4.4 Stornierungen einzelner Personen k\u00f6nnen den Verlust von Rabatten\/Paketpreisen f\u00fcr den Verein bedeuten.\u00a0<\/span><\/p><p style=\"text-align: left;\"><span style=\"font-weight: 400;\">4.5 BALLFREUNDE empfiehlt den Abschluss einer Reiser\u00fccktrittskostenabsicherung.<\/span><\/p><ol style=\"text-align: left;\" start=\"5\"><li><b> R\u00fccktritt und K\u00fcndigung durch BALLFREUNDE\u00a0<\/b><\/li><\/ol><p style=\"text-align: left;\"><span style=\"font-weight: 400;\">5.1 Absage des Turniers aufgrund h\u00f6herer Gewalt \/ Covid-19<\/span><\/p><p style=\"text-align: left;\"><span style=\"font-weight: 400;\">BALLFREUNDE geht davon aus, dass alle Turniere wie gewohnt stattfinden werden. F\u00fcr den unwahrscheinlichen Fall, dass dies nicht m\u00f6glich ist, wird BALLFREUNDE das Turnier absagen.<\/span><span style=\"font-weight: 400;\"><br \/><\/span><span style=\"font-weight: 400;\">Eine Absage erfolgt genau dann, wenn die zust\u00e4ndigen Beh\u00f6rden die Ausrichtung untersagen, ein Reiseverbot herrscht oder eine offizielle Reisewarnung f\u00fcr die betroffene Region vorliegt.<\/span><span style=\"font-weight: 400;\"><br \/><\/span><span style=\"font-weight: 400;\">BALLFREUNDE zahlt in diesem speziellen Fall den gesamten eingezahlten Teilnehmerpreis ohne Abz\u00fcge unverz\u00fcglich zur\u00fcck.<\/span><\/p><p style=\"text-align: left;\"><span style=\"font-weight: 400;\">5.2 Vertragswidriges Verhalten<\/span><\/p><p style=\"text-align: left;\"><span style=\"font-weight: 400;\">BALLFREUNDE kann den Vertrag ohne Einhaltung einer Frist k\u00fcndigen, wenn der Teilnehmer die Durchf\u00fchrung der Veranstaltung ungeachtet einer Abmahnung durch BALLFREUNDE nachhaltig st\u00f6rt oder wenn er sich in solchem Ma\u00dfe vertragswidrig verh\u00e4lt, dass die sofortige Aufhebung des Vertrages gerechtfertigt ist. K\u00fcndigt BALLFREUNDE den Vertrag auf, so beh\u00e4lt BALLFREUNDE den Anspruch auf den Teilnahmepreis abz\u00fcglich des Wertes der ersparten Aufwendungen sowie der ersparten Vorteile, die sich aus einer anderweitigen Verwendung der nicht in Anspruch genommenen Leistungen ergeben.\u00a0<\/span><\/p><ol style=\"text-align: left;\" start=\"6\"><li><b> Reiseleitung<\/b><\/li><\/ol><p style=\"text-align: left;\"><span style=\"font-weight: 400;\">Die Gruppe muss von drei vollj\u00e4hrigen Personen geleitet werden. Als Begleiter der Gruppe m\u00fcssen immer mindestens drei Vollj\u00e4hrige w\u00e4hrend der Veranstaltung anwesend sein. Der\/die Reiseleiter (-in\/-innen) haftet\/haften f\u00fcr die Sch\u00e4den, die durch Verschulden einer oder mehrerer Personen der Gruppe an dem Eigentum von Dritten entstehen, mit denen BALLFREUNDE in vertraglicher Beziehung steht (wie beispielsweise Hotelinhaber und Bef\u00f6rderungsunternehmen).\u00a0<\/span><\/p><ol style=\"text-align: left;\" start=\"7\"><li><b> Reisedauer<\/b><\/li><\/ol><p style=\"text-align: left;\"><span style=\"font-weight: 400;\">Die Dauer der Reise ist in ganzen Tagen angegeben. Der Anreisetag sowie der R\u00fcckreisetag werden als ganze Tage betrachtet.\u00a0<\/span><\/p><ol style=\"text-align: left;\" start=\"8\"><li><b> Hausregeln<\/b><\/li><\/ol><p style=\"text-align: left;\"><span style=\"font-weight: 400;\">In Unterbringungen, in denen es Hausregeln gibt, wie Schulen, Jugendherbergen, aber auch Hotels, m\u00fcssen diese eingehalten werden.\u00a0<\/span><\/p><ol style=\"text-align: left;\" start=\"9\"><li><b> Sportprogramm<\/b><\/li><\/ol><p style=\"text-align: left;\"><span style=\"font-weight: 400;\">Der Ausrichter und BALLFREUNDE behalten sich das Recht vor, das Programm zu \u00e4ndern, falls dazu berechtigte Gr\u00fcnde bestehen. BALLFREUNDE \u00fcbernimmt keine Haftung f\u00fcr die Nicht- oder nicht vollst\u00e4ndige Ausf\u00fchrung des Programms infolge von Umst\u00e4nden, die sich au\u00dferhalb des Verantwortungsbereiches von BALLFREUNDE befinden.\u00a0<\/span><\/p><ol style=\"text-align: left;\" start=\"10\"><li><b> Haftung, Ausschluss von Anspr\u00fcchen und Verj\u00e4hrung<\/b><\/li><\/ol><p style=\"text-align: left;\"><span style=\"font-weight: 400;\">10.1 Die vertragliche Haftung f\u00fcr Sch\u00e4den, die nicht K\u00f6rpersch\u00e4den sind, ist auf den dreifachen Teilnehmerpreis (pro Person) beschr\u00e4nkt, soweit ein Schaden des Teilnehmers weder\u00a0<\/span><span style=\"text-align: center;\">vors\u00e4tzlich noch grob fahrl\u00e4ssig herbeigef\u00fchrt wurde oder wir f\u00fcr einen dem Teilnehmer entstandenen Schaden allein wegen eines Verschuldens eines Leistungstr\u00e4gers verantwortlich sind. Haftungseinschr\u00e4nkende oder haftungsausschlie\u00dfende gesetzliche Vorschriften, die auf internationalen \u00dcbereinkommen beruhen und auf die sich ein von uns eingesetzter Leistungstr\u00e4ger berufen kann, gelten auch zu unseren Gunsten. F\u00fcr alle gegen BALLFREUNDE gerichteten Schadensersatzanspr\u00fcche aus unerlaubter Handlung, die nicht auf Vorsatz oder grober Fahrl\u00e4ssigkeit beruhen, ist die Haftung f\u00fcr Sachsch\u00e4den auf die H\u00f6he des dreifachen Teilnehmerpreises (pro Person und Veranstaltung) beschr\u00e4nkt.\u00a0<\/span><\/p><p style=\"text-align: left;\"><span style=\"font-weight: 400;\">10.2 BALLFREUNDE haftet nicht f\u00fcr Leistungsst\u00f6rungen, Personen und Sachsch\u00e4den in Zusammenhang mit Fremdleistungen, die lediglich vermittelt werden und in der Ausschreibung ausdr\u00fccklich als solche gekennzeichnet werden (z.B. Ausfl\u00fcge; Rundfahrten, Besuch von Parks und sonstigen Freizeiteinrichtungen).\u00a0<\/span><\/p><p style=\"text-align: left;\"><span style=\"font-weight: 400;\">10.3 BALLFREUNDE haftet generell nicht bei h\u00f6herer Gewalt.\u00a0<\/span><\/p><p style=\"text-align: left;\"><span style=\"font-weight: 400;\">10.4 Die Beteiligung an Sport- und anderen Freizeitaktivit\u00e4ten m\u00fcssen die Teilnehmer und Mitreisenden selbst verantworten. Sportanlagen, Ger\u00e4te und Fahrzeuge sollten Sie vor Inanspruchnahme \u00fcberpr\u00fcfen. F\u00fcr Unf\u00e4lle, die bei Sportveranstaltungen und anderen Freizeitaktivit\u00e4ten auftreten, haftet BALLFREUNDE nur, wenn das Unternehmen ein Verschulden trifft. BALLFREUNDE empfiehlt den Abschluss einer Unfall-Versicherung.\u00a0<\/span><\/p><p style=\"text-align: left;\"><span style=\"font-weight: 400;\">10.5 Jeder Teilnehmer\/Mitreisende ist verpflichtet, bei Leistungsst\u00f6rungen im Rahmen der gesetzlichen Bestimmungen daran mitzuwirken, evtl. Sch\u00e4den zu vermeiden oder gering zu halten. M\u00e4ngel und St\u00f6rungen sind den BALLFREUNDE-Mitarbeitern vor Ort sofort mitzuteilen, BALLFREUNDE empfiehlt die Schriftform. Kommt ein Teilnehmer\/Mitreisender durch eigenes Verschulden dieser Verpflichtung nicht nach, so stehen ihm Anspr\u00fcche insoweit nicht zu.<\/span><\/p><p style=\"text-align: left;\"><span style=\"font-weight: 400;\">10.6 BALLFREUNDE-Mitarbeiter vor Ort sind nicht berechtigt, Anspr\u00fcche jeglicher Art anzuerkennen. Anspr\u00fcche jeglicher Art sind bei dem\/der jeweiligen Leitung befugten Vertreter\/in von BALLFREUNDE vor Ort vorzutragen. BALLFREUNDE empfiehlt die Schriftform\u00a0<\/span><\/p><p style=\"text-align: left;\"><span style=\"font-weight: 400;\">10.7 Anspr\u00fcche wegen nicht vertragsgem\u00e4\u00dfer Erbringung der gebuchten Veranstaltung sind innerhalb eines Monats nach der vertraglich vorgesehenen Beendigung der Veranstaltung bei BALLFREUNDE geltend zu machen. Wir empfehlen die Schriftform. Nach Ablauf der Frist k\u00f6nnen Sie Anspr\u00fcche nur geltend machen, wenn Sie ohne Verschulden an der Einhaltung der Frist gehindert waren. Ihre Anspr\u00fcche aus diesem Vertrag verj\u00e4hren, ausdr\u00fccklich abweichend von der gesetzlichen Regelung, in einem Jahr. Die Verj\u00e4hrung beginnt mit dem Tag, an dem die Veranstaltung dem Vertrag nach enden sollte.<\/span><\/p><ol style=\"text-align: left;\" start=\"11\"><li><b> Teilnahmeausschluss<\/b><\/li><\/ol><p style=\"text-align: left;\"><span style=\"font-weight: 400;\">Wenn es sich herausstellt, dass ein Teilnehmer sich auf eine derartige Weise bel\u00e4stigend verh\u00e4lt, dass dadurch das Verh\u00e4ltnis zwischen BALLFREUNDE und dem Leistungstr\u00e4ger (z.B. Bef\u00f6rderung, Unterbringung, Ausrichter) ernsthaft gef\u00e4hrdet wird, kann der diesbez\u00fcgliche Teilnehmer ausgeschlossen werden. Ist der ausgeschlossene Teilnehmer minderj\u00e4hrig, so hat der Vertragspartner daf\u00fcr Sorge zu tragen, dass der ausgeschlossene Teilnehmer in Begleitung eines zur Aufsicht berechtigten Erwachsenen umgehend den Ort der Veranstaltung verl\u00e4sst und auf seine Kosten an den Ausgangspunkt der Reise zur\u00fcckgebracht wird.<\/span><\/p><p style=\"text-align: left;\"><span style=\"font-weight: 400;\">BALLFREUNDE ist behilflich, Mehrkosten sind aber auf alle F\u00e4lle vom Vertragspartner zu tragen. Diese Regelung gilt auch f\u00fcr Mannschaften und Vereine. Sollten keine drei erwachsenen Betreuer f\u00fcr die restliche Gruppe zur weiteren Aufsicht vorhanden sein, so muss die Gruppe insgesamt auf eigene Kosten von der Veranstaltung abreisen.\u00a0<\/span><\/p><ol style=\"text-align: left;\" start=\"12\"><li><b> Allgemein\u00a0<\/b><\/li><\/ol><p style=\"text-align: left;\"><span style=\"font-weight: 400;\">Bei Anmeldung einer Fahrt wird davon ausgegangen, dass der Vorstand des teilnehmenden Vereins und der\/die Reiseleiter(in) sich mit den allgemeinen Reisebedingungen einverstanden erkl\u00e4ren und dass alle Verpflichtungen mit BALLFREUNDE von einer dazu befugten Person eingehalten werden. Wir empfehlen den Abschluss entsprechender Versicherungen.\u00a0<\/span><\/p><ol style=\"text-align: left;\" start=\"13\"><li><b> Schlussbestimmung\u00a0<\/b><\/li><\/ol><p style=\"text-align: left;\"><span style=\"font-weight: 400;\">Die Bedingungen gelten f\u00fcr alle Absprachen zwischen BALLFREUNDE und dem Vertragspartner, ungeachtet der Domizile aller beteiligten Parteien und dem Ort, an dem der Vertrag zustande gekommen ist, sowie dem Ort, an dem die Leistung erbracht werden soll. Mit Sportvereinen werden alle Gruppen gleichgestellt, die Dienste von BALLFREUNDE in Anspruch nehmen.<\/span><\/p>\t\t\t\t\t\t\t\t<\/div>\n\t\t\t\t<\/div>\n\t\t\t\t\t<\/div>\n\t\t<\/div>\n\t\t\t\t\t<\/div>\n\t\t<\/section>\n\t\t\t\t<\/div>\n\t\t","protected":false},"excerpt":{"rendered":"<p>Allgemeine Gesch\u00e4ftsbedingungen AGB Download AGB Allgemeine Gesch\u00e4ftsbedingungen der BALLFREUNDE GmbH,\u00a0 nachfolgend BALLFREUNDE genannt. \u00a0 \u00a0 Anmeldung, Best\u00e4tigung 1.1 Mit Ihrer Anmeldung bieten Sie BALLFREUNDE den Abschluss eines Vertrages zur Teilnahme an der gew\u00fcnschten Veranstaltung verbindlich an. Der Vertrag kommt zustande, wenn wir Ihnen die Buchung der Veranstaltung schriftlich best\u00e4tigen. Eine Best\u00e4tigung per E-Mail ist hierbei [&hellip;]<\/p>\n","protected":false},"author":3,"featured_media":0,"parent":0,"menu_order":0,"comment_status":"closed","ping_status":"closed","template":"","meta":{"_jf_save_progress":"","_jet_sm_ready_style":"","_jet_sm_style":"","_jet_sm_controls_values":"","_jet_sm_fonts_collection":"","_jet_sm_fonts_links":"","_joinchat":[],"footnotes":""},"class_list":["post-6325","page","type-page","status-publish","hentry"],"_links":{"self":[{"href":"https:\/\/www.ballfreunde.com\/de\/wp-json\/wp\/v2\/pages\/6325","targetHints":{"allow":["GET"]}}],"collection":[{"href":"https:\/\/www.ballfreunde.com\/de\/wp-json\/wp\/v2\/pages"}],"about":[{"href":"https:\/\/www.ballfreunde.com\/de\/wp-json\/wp\/v2\/types\/page"}],"author":[{"embeddable":true,"href":"https:\/\/www.ballfreunde.com\/de\/wp-json\/wp\/v2\/users\/3"}],"replies":[{"embeddable":true,"href":"https:\/\/www.ballfreunde.com\/de\/wp-json\/wp\/v2\/comments?post=6325"}],"version-history":[{"count":3,"href":"https:\/\/www.ballfreunde.com\/de\/wp-json\/wp\/v2\/pages\/6325\/revisions"}],"predecessor-version":[{"id":44810,"href":"https:\/\/www.ballfreunde.com\/de\/wp-json\/wp\/v2\/pages\/6325\/revisions\/44810"}],"wp:attachment":[{"href":"https:\/\/www.ballfreunde.com\/de\/wp-json\/wp\/v2\/media?parent=6325"}],"curies":[{"name":"wp","href":"https:\/\/api.w.org\/{rel}","templated":true}]}}