{"id":6324,"date":"2021-09-01T18:54:57","date_gmt":"2021-09-01T18:54:57","guid":{"rendered":"https:\/\/www.vechtecup.de\/?page_id=6324"},"modified":"2025-07-22T13:45:53","modified_gmt":"2025-07-22T13:45:53","slug":"impressum","status":"publish","type":"page","link":"https:\/\/www.ballfreunde.com\/cs\/impressum\/","title":{"rendered":"Impresum"},"content":{"rendered":"<div data-elementor-type=\"wp-page\" data-elementor-id=\"6324\" class=\"elementor elementor-6324\" data-elementor-post-type=\"page\">\n\t\t\t\t\t\t<section class=\"elementor-section elementor-top-section elementor-element elementor-element-3e44f51 elementor-section-boxed elementor-section-height-default elementor-section-height-default\" data-id=\"3e44f51\" data-element_type=\"section\" data-e-type=\"section\" data-settings=\"{&quot;background_background&quot;:&quot;classic&quot;}\">\n\t\t\t\t\t\t<div class=\"elementor-container elementor-column-gap-default\">\n\t\t\t\t\t<div class=\"elementor-column elementor-col-100 elementor-top-column elementor-element elementor-element-b637f72\" data-id=\"b637f72\" data-element_type=\"column\" data-e-type=\"column\">\n\t\t\t<div class=\"elementor-widget-wrap elementor-element-populated\">\n\t\t\t\t\t\t<div class=\"elementor-element elementor-element-e08da2d elementor-widget elementor-widget-heading\" data-id=\"e08da2d\" data-element_type=\"widget\" data-e-type=\"widget\" data-widget_type=\"heading.default\">\n\t\t\t\t<div class=\"elementor-widget-container\">\n\t\t\t\t\t<h2 class=\"elementor-heading-title elementor-size-default\">Impresum<\/h2>\t\t\t\t<\/div>\n\t\t\t\t<\/div>\n\t\t\t\t<div class=\"elementor-element elementor-element-f55d44e elementor-widget elementor-widget-text-editor\" data-id=\"f55d44e\" data-element_type=\"widget\" data-e-type=\"widget\" data-widget_type=\"text-editor.default\">\n\t\t\t\t<div class=\"elementor-widget-container\">\n\t\t\t\t\t\t\t\t\t<p style=\"text-align: left;\"><strong>BALLFREUNDE GmbH<\/strong><strong><br \/><\/strong>Waldweg 13 <br \/>21465 Wentorf (bei Hamburg)<br \/>N\u011bmecko<\/p><p><strong>V\u00fdkonn\u00fd \u0159editel<br \/><\/strong>Fabian Ziethmann<br \/><strong><br \/>Kontakt<br \/>Tel: <\/strong>+49 40-55895037<strong><br \/>E-mail:\u00a0<\/strong>info@ballfreunde.com<\/p><p><b>Obchodn\u00ed rejst\u0159\u00edk\u00a0<\/b>HRB 14220HL M\u00edstn\u00ed soud v L\u00fcbecku DI\u010c: DE292841856 \u00a0<\/p><p><b>Pr\u00e1vn\u00ed upozorn\u011bn\u00ed\u00a0<\/b>Ve\u0161ker\u00e1 pr\u00e1va na obsah t\u011bchto internetov\u00fdch str\u00e1nek jsou vyhrazena. To plat\u00ed i pro pr\u00e1va k n\u00e1zv\u016fm zna\u010dek a log\u016fm. Spole\u010dnost Ballfreunde p\u0159ed um\u00edst\u011bn\u00edm odkaz\u016f zkontrolovala str\u00e1nky, na kter\u00e9 odkazuj\u00ed tyto webov\u00e9 str\u00e1nky, a nezjistila na nich \u017e\u00e1dn\u00fd nez\u00e1konn\u00fd obsah. Na sou\u010dasn\u00fd ani budouc\u00ed design a obsah odkazovan\u00fdch str\u00e1nek v\u0161ak nem\u00e1me \u017e\u00e1dn\u00fd vliv.<\/p>\t\t\t\t\t\t\t\t<\/div>\n\t\t\t\t<\/div>\n\t\t\t\t\t<\/div>\n\t\t<\/div>\n\t\t\t\t\t<\/div>\n\t\t<\/section>\n\t\t\t\t<\/div>","protected":false},"excerpt":{"rendered":"<p>Impressum BALLFREUNDE GmbHWaldweg 13 21465 Wentorf (bei Hamburg)Deutschland Gesch\u00e4ftsf\u00fchrerFabian ZiethmannKontaktTel.: +49 40-55895037E-Mail:\u00a0info@ballfreunde.com Handelsregister\u00a0HRB 14220HL Amtsgericht L\u00fcbeck USt.-IdNr.: DE292841856 \u00a0 Rechtlicher Hinweis\u00a0Alle Rechte an den Inhalten dieser Internetseiten bleiben vorbehalten. Das gilt ebenso f\u00fcr Rechte an Markenbezeichnungen und Logos. Ballfreunde hat die mit diesem Internetauftritt verkn\u00fcpften Seiten vor der Setzung von Links gepr\u00fcft und keine rechtswidrigen [&hellip;]<\/p>\n","protected":false},"author":3,"featured_media":0,"parent":0,"menu_order":0,"comment_status":"closed","ping_status":"closed","template":"","meta":{"_jf_save_progress":"","_jet_sm_ready_style":"","_jet_sm_style":"","_jet_sm_controls_values":"","_jet_sm_fonts_collection":"","_jet_sm_fonts_links":"","_joinchat":[],"footnotes":""},"class_list":["post-6324","page","type-page","status-publish","hentry"],"_links":{"self":[{"href":"https:\/\/www.ballfreunde.com\/cs\/wp-json\/wp\/v2\/pages\/6324","targetHints":{"allow":["GET"]}}],"collection":[{"href":"https:\/\/www.ballfreunde.com\/cs\/wp-json\/wp\/v2\/pages"}],"about":[{"href":"https:\/\/www.ballfreunde.com\/cs\/wp-json\/wp\/v2\/types\/page"}],"author":[{"embeddable":true,"href":"https:\/\/www.ballfreunde.com\/cs\/wp-json\/wp\/v2\/users\/3"}],"replies":[{"embeddable":true,"href":"https:\/\/www.ballfreunde.com\/cs\/wp-json\/wp\/v2\/comments?post=6324"}],"version-history":[{"count":3,"href":"https:\/\/www.ballfreunde.com\/cs\/wp-json\/wp\/v2\/pages\/6324\/revisions"}],"predecessor-version":[{"id":41016,"href":"https:\/\/www.ballfreunde.com\/cs\/wp-json\/wp\/v2\/pages\/6324\/revisions\/41016"}],"wp:attachment":[{"href":"https:\/\/www.ballfreunde.com\/cs\/wp-json\/wp\/v2\/media?parent=6324"}],"curies":[{"name":"wp","href":"https:\/\/api.w.org\/{rel}","templated":true}]}}