{"id":43681,"date":"2025-10-31T09:59:25","date_gmt":"2025-10-31T09:59:25","guid":{"rendered":"https:\/\/www.ballfreunde.com\/?page_id=43681"},"modified":"2026-02-11T14:52:50","modified_gmt":"2026-02-11T14:52:50","slug":"gewinnspiel","status":"publish","type":"page","link":"https:\/\/www.ballfreunde.com\/cs\/gewinnspiel\/","title":{"rendered":"Sout\u011b\u017e"},"content":{"rendered":"\t\t<div data-elementor-type=\"wp-page\" data-elementor-id=\"43681\" class=\"elementor elementor-43681\" data-elementor-post-type=\"page\">\n\t\t\t\t\t\t<section class=\"elementor-section elementor-top-section elementor-element elementor-element-3e44f51 elementor-section-boxed elementor-section-height-default elementor-section-height-default\" data-id=\"3e44f51\" data-element_type=\"section\" data-e-type=\"section\" data-settings=\"{&quot;background_background&quot;:&quot;classic&quot;}\">\n\t\t\t\t\t\t<div class=\"elementor-container elementor-column-gap-default\">\n\t\t\t\t\t<div class=\"elementor-column elementor-col-100 elementor-top-column elementor-element elementor-element-b637f72\" data-id=\"b637f72\" data-element_type=\"column\" data-e-type=\"column\">\n\t\t\t<div class=\"elementor-widget-wrap elementor-element-populated\">\n\t\t\t\t\t\t<div class=\"elementor-element elementor-element-e08da2d elementor-hidden-mobile elementor-widget elementor-widget-heading\" data-id=\"e08da2d\" data-element_type=\"widget\" data-e-type=\"widget\" data-widget_type=\"heading.default\">\n\t\t\t\t<div class=\"elementor-widget-container\">\n\t\t\t\t\t<h2 class=\"elementor-heading-title elementor-size-default\">Teilnahmebedingungen\n<br>Ballfreunde Gewinnspiel<\/h2>\t\t\t\t<\/div>\n\t\t\t\t<\/div>\n\t\t\t\t<div class=\"elementor-element elementor-element-98c7000 elementor-hidden-desktop elementor-hidden-tablet elementor-widget elementor-widget-heading\" data-id=\"98c7000\" data-element_type=\"widget\" data-e-type=\"widget\" data-widget_type=\"heading.default\">\n\t\t\t\t<div class=\"elementor-widget-container\">\n\t\t\t\t\t<h2 class=\"elementor-heading-title elementor-size-default\">Teilnahme-\n<br>bedingungen\n<br>Ballfreunde Gewinnspiel<\/h2>\t\t\t\t<\/div>\n\t\t\t\t<\/div>\n\t\t\t\t<div class=\"elementor-element elementor-element-f55d44e elementor-widget elementor-widget-text-editor\" data-id=\"f55d44e\" data-element_type=\"widget\" data-e-type=\"widget\" data-widget_type=\"text-editor.default\">\n\t\t\t\t<div class=\"elementor-widget-container\">\n\t\t\t\t\t\t\t\t\t<h3>Gewinne deine Beachsoccer-Reise nach Cavallino (Venedig) im Wert von \u00fcber 5.000 \u20ac!<br \/><br \/><\/h3><div><b>1. Veranstalter<\/b> <br \/>Veranstalter des Gewinnspiels ist die BALLFREUNDE GmbH, Waldweg 13, 21465 Wentorf, Deutschland.<br \/><br aria-hidden=\"true\" \/><b>2. Teilnahmeberechtigung<br \/><\/b> Teilnahmeberechtigt sind Trainer:innen, Betreuer:innen oder offizielle Teamverantwortliche (\u00fcber 18 Jahre), die im Namen eines Jugendfu\u00dfball-Teams mit Sitz in Deutschland handeln.<br \/><br aria-hidden=\"true\" \/><b>3. Ablauf des Gewinnspiels &amp; Modus<br \/><\/b>Das Gewinnspiel findet vom <b>11. Februar bis zum 18. Februar 2026 (23:59 Uhr)<\/b> statt. Ziel ist es, die h\u00f6chste Gesamtpunktzahl (Likes + Bonus-Punkte) f\u00fcr ein spezifisches Team zu sammeln.<br \/><br aria-hidden=\"true\" \/><b>4. Punktevergabe &amp; \u201cTurbo-Boost\u201d<br \/><\/b>Die Ermittlung des Gewinnerteams erfolgt \u00fcber ein Punktesystem:<\/div><ol data-list-tree=\"true\" data-indent=\"0\" data-border=\"0\"><li><b>Likes (ab sofort):<\/b> Jeder \u201eLike\u201d auf dem Team-Kommentar unter dem offiziellen Gewinnspiel-Video z\u00e4hlt als <b>1 Punkt<\/b>.<\/li><li><b>Bonus-Punkte (ab Freitag, 13.02.):<\/b> F\u00fcr jede vollst\u00e4ndige Registrierung \u00fcber das offizielle Meta-Lead-Formular (in unseren Werbeanzeigen) erh\u00e4lt das Team <b>10 Bonus-Punkte (Extra-Likes)<\/b>.<\/li><\/ol><div><b>5. Teilnahmevoraussetzungen (Eindeutige Team-Identifikation)<br \/><\/b>Um Missverst\u00e4ndnisse zu vermeiden, muss bei Kommentaren und im Formular zwingend die <b>eindeutige Team-Bezeichnung<\/b> (z. B. \u201eSV Musterstadt U13&#8243; oder \u201eBeispielverein 1. D-Jugend\u201d) angegeben werden. Punkte f\u00fcr unterschiedliche Teams desselben Vereins k\u00f6nnen nicht zusammengelegt werden. Nur Kommentare\/Registrierungen mit klarer Zuordnung von <b>Verein UND Altersklasse<\/b> werden gewertet.<br \/><br \/><\/div><div><b>6. Der Gewinn (Gesamtwert \u00fcber 5.000 \u20ac)<br \/><\/b>Verlost wird ein Reisepaket f\u00fcr ein Team (max. 14 Spieler:innen und 3 Betreuer:innen) zum Beachsoccer Cup in Cavallino (Venedig\/Italien) vom <b>07. April bis 11. April 2026<\/b>.<\/div><ul data-list-tree=\"true\" data-indent=\"0\" data-border=\"0\"><li>Inklusive: Turnierstartplatz, 4 \u00dcbernachtungen (5-Sterne-Village), Halbpension.<\/li><li><i>Hinweis: Die An- und Abreise erfolgt in Eigenregie und ist nicht im Gewinn enthalten.<\/i><\/li><\/ul><div><b>7. Gewinnerermittlung &amp; Benachrichtigung<br \/><\/b>Das Team mit der h\u00f6chsten Punktzahl am 18.02.2026 (23:59 Uhr) gewinnt. Die Bekanntgabe erfolgt am <b>19. Februar 2026<\/b>. Bei Gleichstand entscheidet das Los.<br \/><br aria-hidden=\"true\" \/><b>8. Datenschutz &amp; Meta-Freistellung<br \/><\/b>Die Daten werden zur Abwicklung und f\u00fcr Marketingzwecke von BALLFREUNDE genutzt. Das Gewinnspiel steht in keiner Verbindung zu Meta. Der Rechtsweg ist ausgeschlossen.<br \/><br aria-hidden=\"true\" \/><b>9. Kontakt<\/b> <a href=\"mailto:info@ballfreunde.com\" target=\"_blank\" rel=\"noopener noreferrer\" data-sk=\"tooltip_parent\" aria-haspopup=\"menu\">info@ballfreunde.com<\/a><\/div><p><strong>\u00a0<\/strong><\/p>\t\t\t\t\t\t\t\t<\/div>\n\t\t\t\t<\/div>\n\t\t\t\t\t<\/div>\n\t\t<\/div>\n\t\t\t\t\t<\/div>\n\t\t<\/section>\n\t\t<div class=\"elementor-element elementor-element-227c73b e-flex e-con-boxed e-con e-parent\" data-id=\"227c73b\" data-element_type=\"container\" data-e-type=\"container\">\n\t\t\t\t\t<div class=\"e-con-inner\">\n\t\t\t\t<div class=\"elementor-element elementor-element-0beb21e elementor-widget elementor-widget-template\" data-id=\"0beb21e\" data-element_type=\"widget\" data-e-type=\"widget\" data-widget_type=\"template.default\">\n\t\t\t\t<div class=\"elementor-widget-container\">\n\t\t\t\t\t\t\t<div class=\"elementor-template\">\n\t\t\t\t\t<div data-elementor-type=\"page\" data-elementor-id=\"34153\" class=\"elementor elementor-34153\" data-elementor-post-type=\"elementor_library\">\n\t\t\t\t\t\t<section class=\"elementor-section elementor-top-section elementor-element elementor-element-783043e elementor-section-boxed elementor-section-height-default elementor-section-height-default\" data-id=\"783043e\" data-element_type=\"section\" data-e-type=\"section\" data-settings=\"{&quot;motion_fx_motion_fx_scrolling&quot;:&quot;yes&quot;,&quot;motion_fx_scale_effect&quot;:&quot;yes&quot;,&quot;motion_fx_scale_speed&quot;:{&quot;unit&quot;:&quot;px&quot;,&quot;size&quot;:1,&quot;sizes&quot;:[]},&quot;motion_fx_scale_range&quot;:{&quot;unit&quot;:&quot;%&quot;,&quot;size&quot;:&quot;&quot;,&quot;sizes&quot;:{&quot;start&quot;:0,&quot;end&quot;:65}},&quot;motion_fx_scale_direction&quot;:&quot;out-in&quot;,&quot;motion_fx_devices&quot;:[&quot;desktop&quot;,&quot;tablet&quot;,&quot;mobile&quot;]}\">\n\t\t\t\t\t\t<div class=\"elementor-container elementor-column-gap-default\">\n\t\t\t\t\t<div class=\"elementor-column elementor-col-100 elementor-top-column elementor-element elementor-element-83fa79d\" data-id=\"83fa79d\" data-element_type=\"column\" data-e-type=\"column\">\n\t\t\t<div class=\"elementor-widget-wrap elementor-element-populated\">\n\t\t\t\t<div class=\"elementor-element elementor-element-1e49bf0 e-con-full e-flex e-con e-parent\" data-id=\"1e49bf0\" data-element_type=\"container\" data-e-type=\"container\">\n\t\t<div class=\"elementor-element elementor-element-84fa6c7 e-con-full e-flex e-con e-child\" data-id=\"84fa6c7\" data-element_type=\"container\" data-e-type=\"container\" data-settings=\"{&quot;background_background&quot;:&quot;classic&quot;}\">\n\t\t<div class=\"elementor-element elementor-element-ea991ad e-con-full e-flex e-con e-child\" data-id=\"ea991ad\" data-element_type=\"container\" data-e-type=\"container\">\n\t\t\t\t<div class=\"elementor-element elementor-element-60f78f6 elementor-widget-mobile__width-auto elementor-widget elementor-widget-image\" data-id=\"60f78f6\" data-element_type=\"widget\" data-e-type=\"widget\" data-widget_type=\"image.default\">\n\t\t\t\t<div class=\"elementor-widget-container\">\n\t\t\t\t\t\t\t\t\t\t\t\t\t\t\t<img decoding=\"async\" width=\"300\" height=\"86\" src=\"https:\/\/www.ballfreunde.com\/wp-content\/uploads\/Internationale_Fusballturniere_Logo_Ballfreunde_Weiss-1.png\" class=\"attachment-large size-large wp-image-11562\" alt=\"Logo Ballfreunde-Turniere in wei\u00df\" srcset=\"https:\/\/www.ballfreunde.com\/wp-content\/uploads\/Internationale_Fusballturniere_Logo_Ballfreunde_Weiss-1.png 300w, https:\/\/www.ballfreunde.com\/wp-content\/uploads\/Internationale_Fusballturniere_Logo_Ballfreunde_Weiss-1-18x5.png 18w\" sizes=\"(max-width: 300px) 100vw, 300px\" loading=\"eager\" \/>\t\t\t\t\t\t\t\t\t\t\t\t\t\t\t<\/div>\n\t\t\t\t<\/div>\n\t\t\t\t<div class=\"elementor-element elementor-element-cb5f39c elementor-widget elementor-widget-heading\" data-id=\"cb5f39c\" data-element_type=\"widget\" data-e-type=\"widget\" data-widget_type=\"heading.default\">\n\t\t\t\t<div class=\"elementor-widget-container\">\n\t\t\t\t\t<h3 class=\"elementor-heading-title elementor-size-default\">Jetzt Infos zu einem Turnier anfragen &amp; unverbindlich einen Startplatz reservieren!<\/h3>\t\t\t\t<\/div>\n\t\t\t\t<\/div>\n\t\t\t\t<\/div>\n\t\t<div class=\"elementor-element elementor-element-26f07be e-con-full e-flex e-con e-child\" data-id=\"26f07be\" data-element_type=\"container\" data-e-type=\"container\">\n\t\t\t\t<div class=\"elementor-element elementor-element-70bc600 elementor-hidden-mobile elementor-widget elementor-widget-heading\" data-id=\"70bc600\" data-element_type=\"widget\" data-e-type=\"widget\" data-widget_type=\"heading.default\">\n\t\t\t\t<div class=\"elementor-widget-container\">\n\t\t\t\t\t<h3 class=\"elementor-heading-title elementor-size-default\"><a href=\"\/kontakt\/\">Kontaktiert uns per Mail, per Telefon, per WhatsApp oder nutzt das Kontaktformular. Wir schicken Euch dann detaillierte Infos &amp; die zugeh\u00f6rigen Preise f\u00fcr das jeweilige Turnier zu.<\/a><\/h3>\t\t\t\t<\/div>\n\t\t\t\t<\/div>\n\t\t\t\t<div class=\"elementor-element elementor-element-5781d77 elementor-align-left elementor-mobile-align-center elementor-widget elementor-widget-button\" data-id=\"5781d77\" data-element_type=\"widget\" data-e-type=\"widget\" data-widget_type=\"button.default\">\n\t\t\t\t<div class=\"elementor-widget-container\">\n\t\t\t\t\t\t\t\t\t<div class=\"elementor-button-wrapper\">\n\t\t\t\t\t<a class=\"elementor-button elementor-button-link elementor-size-xs elementor-animation-shrink\" href=\"\/kontakt\/\">\n\t\t\t\t\t\t<span class=\"elementor-button-content-wrapper\">\n\t\t\t\t\t\t\t\t\t<span class=\"elementor-button-text\">zum Kontaktformular<\/span>\n\t\t\t\t\t<\/span>\n\t\t\t\t\t<\/a>\n\t\t\t\t<\/div>\n\t\t\t\t\t\t\t\t<\/div>\n\t\t\t\t<\/div>\n\t\t\t\t<\/div>\n\t\t\t\t<\/div>\n\t\t\t\t<\/div>\n\t\t\t\t\t<\/div>\n\t\t<\/div>\n\t\t\t\t\t<\/div>\n\t\t<\/section>\n\t\t\t\t<\/div>\n\t\t\t\t<\/div>\n\t\t\t\t\t\t<\/div>\n\t\t\t\t<\/div>\n\t\t\t\t\t<\/div>\n\t\t\t\t<\/div>\n\t\t\t\t<\/div>\n\t\t","protected":false},"excerpt":{"rendered":"<p>Teilnahmebedingungen Ballfreunde Gewinnspiel Teilnahme- bedingungen Ballfreunde Gewinnspiel Gewinne deine Beachsoccer-Reise nach Cavallino (Venedig) im Wert von \u00fcber 5.000 \u20ac! 1. Veranstalter Veranstalter des Gewinnspiels ist die BALLFREUNDE GmbH, Waldweg 13, 21465 Wentorf, Deutschland.2. Teilnahmeberechtigung Teilnahmeberechtigt sind Trainer:innen, Betreuer:innen oder offizielle Teamverantwortliche (\u00fcber 18 Jahre), die im Namen eines Jugendfu\u00dfball-Teams mit Sitz in Deutschland handeln.3. Ablauf [&hellip;]<\/p>\n","protected":false},"author":3,"featured_media":0,"parent":0,"menu_order":0,"comment_status":"closed","ping_status":"closed","template":"","meta":{"_jf_save_progress":"","_jet_sm_ready_style":"","_jet_sm_style":"","_jet_sm_controls_values":"","_jet_sm_fonts_collection":"","_jet_sm_fonts_links":"","_joinchat":[],"footnotes":""},"class_list":["post-43681","page","type-page","status-publish","hentry"],"_links":{"self":[{"href":"https:\/\/www.ballfreunde.com\/cs\/wp-json\/wp\/v2\/pages\/43681","targetHints":{"allow":["GET"]}}],"collection":[{"href":"https:\/\/www.ballfreunde.com\/cs\/wp-json\/wp\/v2\/pages"}],"about":[{"href":"https:\/\/www.ballfreunde.com\/cs\/wp-json\/wp\/v2\/types\/page"}],"author":[{"embeddable":true,"href":"https:\/\/www.ballfreunde.com\/cs\/wp-json\/wp\/v2\/users\/3"}],"replies":[{"embeddable":true,"href":"https:\/\/www.ballfreunde.com\/cs\/wp-json\/wp\/v2\/comments?post=43681"}],"version-history":[{"count":3,"href":"https:\/\/www.ballfreunde.com\/cs\/wp-json\/wp\/v2\/pages\/43681\/revisions"}],"predecessor-version":[{"id":44919,"href":"https:\/\/www.ballfreunde.com\/cs\/wp-json\/wp\/v2\/pages\/43681\/revisions\/44919"}],"wp:attachment":[{"href":"https:\/\/www.ballfreunde.com\/cs\/wp-json\/wp\/v2\/media?parent=43681"}],"curies":[{"name":"wp","href":"https:\/\/api.w.org\/{rel}","templated":true}]}}