{"id":16586,"date":"2022-09-09T07:18:15","date_gmt":"2022-09-09T07:18:15","guid":{"rendered":"https:\/\/www.ballfreunde.com\/?page_id=16586"},"modified":"2025-12-18T11:30:42","modified_gmt":"2025-12-18T11:30:42","slug":"elternabend","status":"publish","type":"page","link":"https:\/\/www.ballfreunde.com\/cs\/elternabend\/","title":{"rendered":"Rodi\u010dovsk\u00fd ve\u010der"},"content":{"rendered":"<div data-elementor-type=\"wp-page\" data-elementor-id=\"16586\" class=\"elementor elementor-16586\" data-elementor-post-type=\"page\">\n\t\t\t\t\t\t<section class=\"elementor-section elementor-top-section elementor-element elementor-element-ddc46c7 elementor-section-full_width elementor-section-height-default elementor-section-height-default\" data-id=\"ddc46c7\" data-element_type=\"section\" data-e-type=\"section\" data-settings=\"{&quot;background_background&quot;:&quot;classic&quot;}\">\n\t\t\t\t\t\t<div class=\"elementor-container elementor-column-gap-default\">\n\t\t\t\t\t<div class=\"elementor-column elementor-col-100 elementor-top-column elementor-element elementor-element-bf5db1f\" data-id=\"bf5db1f\" data-element_type=\"column\" data-e-type=\"column\">\n\t\t\t<div class=\"elementor-widget-wrap elementor-element-populated\">\n\t\t\t\t\t\t<div class=\"elementor-element elementor-element-06bef0c elementor-widget elementor-widget-heading\" data-id=\"06bef0c\" data-element_type=\"widget\" data-e-type=\"widget\" data-widget_type=\"heading.default\">\n\t\t\t\t<div class=\"elementor-widget-container\">\n\t\t\t\t\t<h2 class=\"elementor-heading-title elementor-size-default\">\u017d\u00e1dost o rodi\u010dovsk\u00fd ve\u010der<\/h2>\t\t\t\t<\/div>\n\t\t\t\t<\/div>\n\t\t\t\t<div class=\"elementor-element elementor-element-d1594ad elementor-widget elementor-widget-heading\" data-id=\"d1594ad\" data-element_type=\"widget\" data-e-type=\"widget\" data-widget_type=\"heading.default\">\n\t\t\t\t<div class=\"elementor-widget-container\">\n\t\t\t\t\t<h2 class=\"elementor-heading-title elementor-size-default\">Aktivn\u011b v\u00e1s podpo\u0159\u00edme na rodi\u010dovsk\u00e9m ve\u010deru a poskytneme v\u00e1m <br>Na ot\u00e1zky va\u0161ich rodi\u010d\u016f odpov\u00edme p\u0159\u00edmo.<\/h2>\t\t\t\t<\/div>\n\t\t\t\t<\/div>\n\t\t\t\t<div class=\"elementor-element elementor-element-db18041 elementor-hidden-mobile elementor-widget elementor-widget-text-editor\" data-id=\"db18041\" data-element_type=\"widget\" data-e-type=\"widget\" data-widget_type=\"text-editor.default\">\n\t\t\t\t<div class=\"elementor-widget-container\">\n\t\t\t\t\t\t\t\t\t<p>Milujeme absolventsk\u00e9 v\u00fdlety a teambuildingov\u00e9 aktivity, proto\u017ee formuj\u00ed n\u00e1s a p\u0159edev\u0161\u00edm na\u0161e d\u011bti. Proto se jako tren\u00e9\u0159i v\u017edy r\u00e1di ujmeme organizace promoce. Nicm\u00e9n\u011b v\u0161ichni zn\u00e1me ten okam\u017eik, kdy se n\u00e1s rodi\u010de ptaj\u00ed a my kr\u00e1tce litujeme, \u017ee jsme se ujali organizace.<\/p><p>Od t\u00e9to chv\u00edle v\u00e1s budeme podporovat. Aktivn\u011b se zapoj\u00edme do va\u0161eho rodi\u010dovsk\u00e9ho ve\u010dera a rodi\u010de n\u00e1m mohou p\u0159\u00edmo a \u017eiv\u011b polo\u017eit sv\u00e9 dotazy. Poskytneme v\u00e1m adekv\u00e1tn\u00ed odborn\u00e9 odpov\u011bdi a u\u0161et\u0159\u00edme v\u00e1m dal\u0161\u00ed rodi\u010dovsk\u00fd ve\u010der a nervy dr\u00e1saj\u00edc\u00ed diskuse.\u00a0<\/p><p>T\u011b\u0161\u00edme se na va\u0161e dotazy a na n\u00e1\u0161 spole\u010dn\u00fd rodi\u010dovsk\u00fd ve\u010der!<\/p>\t\t\t\t\t\t\t\t<\/div>\n\t\t\t\t<\/div>\n\t\t\t\t<div class=\"elementor-element elementor-element-6f19270 elementor-hidden-mobile elementor-widget elementor-widget-heading\" data-id=\"6f19270\" data-element_type=\"widget\" data-e-type=\"widget\" data-widget_type=\"heading.default\">\n\t\t\t\t<div class=\"elementor-widget-container\">\n\t\t\t\t\t<h2 class=\"elementor-heading-title elementor-size-default\">Vypl\u0148te pros\u00edm kr\u00e1tk\u00fd kontaktn\u00ed formul\u00e1\u0159, pokud si p\u0159ejete, abychom v\u00e1m zdarma zaslali aktivn\u00ed <br>R\u00e1di byste m\u011bli podporu na rodi\u010dovsk\u00e9m ve\u010deru.<\/h2>\t\t\t\t<\/div>\n\t\t\t\t<\/div>\n\t\t\t\t\t<\/div>\n\t\t<\/div>\n\t\t\t\t\t<\/div>\n\t\t<\/section>\n\t\t\t\t<section class=\"elementor-section elementor-top-section elementor-element elementor-element-d46062f elementor-section-full_width elementor-section-stretched elementor-hidden-mobile elementor-section-height-default elementor-section-height-default\" data-id=\"d46062f\" data-element_type=\"section\" data-e-type=\"section\" data-settings=\"{&quot;stretch_section&quot;:&quot;section-stretched&quot;}\">\n\t\t\t\t\t\t<div class=\"elementor-container elementor-column-gap-default\">\n\t\t\t\t\t<div class=\"elementor-column elementor-col-100 elementor-top-column elementor-element elementor-element-d022515\" data-id=\"d022515\" data-element_type=\"column\" data-e-type=\"column\">\n\t\t\t<div class=\"elementor-widget-wrap elementor-element-populated\">\n\t\t\t\t\t\t<div class=\"elementor-element elementor-element-831210f elementor-widget elementor-widget-heading\" data-id=\"831210f\" data-element_type=\"widget\" data-e-type=\"widget\" data-widget_type=\"heading.default\">\n\t\t\t\t<div class=\"elementor-widget-container\">\n\t\t\t\t\t<h2 class=\"elementor-heading-title elementor-size-default\">Jak\u00e9 jsou v\u00fdhody PODPORUJ\u00cdC\u00cdHO VE\u010cERA PRO RODI\u010cE?<\/h2>\t\t\t\t<\/div>\n\t\t\t\t<\/div>\n\t\t\t\t<div class=\"elementor-element elementor-element-59deae5 elementor-align-center elementor-icon-list--layout-traditional elementor-list-item-link-full_width elementor-widget elementor-widget-icon-list\" data-id=\"59deae5\" data-element_type=\"widget\" data-e-type=\"widget\" data-widget_type=\"icon-list.default\">\n\t\t\t\t<div class=\"elementor-widget-container\">\n\t\t\t\t\t\t\t<ul class=\"elementor-icon-list-items\">\n\t\t\t\t\t\t\t<li class=\"elementor-icon-list-item\">\n\t\t\t\t\t\t\t\t\t\t\t<span class=\"elementor-icon-list-icon\">\n\t\t\t\t\t\t\t<i aria-hidden=\"true\" class=\"fas fa-check\"><\/i>\t\t\t\t\t\t<\/span>\n\t\t\t\t\t\t\t\t\t\t<span class=\"elementor-icon-list-text\">Organizace bez stresu<\/span>\n\t\t\t\t\t\t\t\t\t<\/li>\n\t\t\t\t\t\t\t\t<li class=\"elementor-icon-list-item\">\n\t\t\t\t\t\t\t\t\t\t\t<span class=\"elementor-icon-list-icon\">\n\t\t\t\t\t\t\t<i aria-hidden=\"true\" class=\"fas fa-check\"><\/i>\t\t\t\t\t\t<\/span>\n\t\t\t\t\t\t\t\t\t\t<span class=\"elementor-icon-list-text\">Bezchybn\u00e1 komunikace<\/span>\n\t\t\t\t\t\t\t\t\t<\/li>\n\t\t\t\t\t\t\t\t<li class=\"elementor-icon-list-item\">\n\t\t\t\t\t\t\t\t\t\t\t<span class=\"elementor-icon-list-icon\">\n\t\t\t\t\t\t\t<i aria-hidden=\"true\" class=\"fas fa-check\"><\/i>\t\t\t\t\t\t<\/span>\n\t\t\t\t\t\t\t\t\t\t<span class=\"elementor-icon-list-text\">Je nutn\u00fd pouze jeden rodi\u010dovsk\u00fd ve\u010der, proto\u017ee v\u0161echny ot\u00e1zky m\u016f\u017eeme objasnit p\u0159\u00edmo.<\/span>\n\t\t\t\t\t\t\t\t\t<\/li>\n\t\t\t\t\t\t\t\t<li class=\"elementor-icon-list-item\">\n\t\t\t\t\t\t\t\t\t\t\t<span class=\"elementor-icon-list-icon\">\n\t\t\t\t\t\t\t<i aria-hidden=\"true\" class=\"fas fa-check\"><\/i>\t\t\t\t\t\t<\/span>\n\t\t\t\t\t\t\t\t\t\t<span class=\"elementor-icon-list-text\">\u00daspora \u010dasu<\/span>\n\t\t\t\t\t\t\t\t\t<\/li>\n\t\t\t\t\t\t\t\t<li class=\"elementor-icon-list-item\">\n\t\t\t\t\t\t\t\t\t\t\t<span class=\"elementor-icon-list-icon\">\n\t\t\t\t\t\t\t<i aria-hidden=\"true\" class=\"fas fa-check\"><\/i>\t\t\t\t\t\t<\/span>\n\t\t\t\t\t\t\t\t\t\t<span class=\"elementor-icon-list-text\">Odvod odpov\u011bdnosti<\/span>\n\t\t\t\t\t\t\t\t\t<\/li>\n\t\t\t\t\t\t\t\t<li class=\"elementor-icon-list-item\">\n\t\t\t\t\t\t\t\t\t\t\t<span class=\"elementor-icon-list-icon\">\n\t\t\t\t\t\t\t<i aria-hidden=\"true\" class=\"fas fa-check\"><\/i>\t\t\t\t\t\t<\/span>\n\t\t\t\t\t\t\t\t\t\t<span class=\"elementor-icon-list-text\">dal\u0161\u00ed p\u0159esv\u011bd\u010dov\u00e1n\u00ed<\/span>\n\t\t\t\t\t\t\t\t\t<\/li>\n\t\t\t\t\t\t<\/ul>\n\t\t\t\t\t\t<\/div>\n\t\t\t\t<\/div>\n\t\t\t\t\t<\/div>\n\t\t<\/div>\n\t\t\t\t\t<\/div>\n\t\t<\/section>\n\t\t\t\t<section class=\"elementor-section elementor-top-section elementor-element elementor-element-d614ac4 elementor-section-boxed elementor-section-height-default elementor-section-height-default\" data-id=\"d614ac4\" data-element_type=\"section\" data-e-type=\"section\">\n\t\t\t\t\t\t<div class=\"elementor-container elementor-column-gap-default\">\n\t\t\t\t\t<div class=\"elementor-column elementor-col-100 elementor-top-column elementor-element elementor-element-2a87c8a\" data-id=\"2a87c8a\" data-element_type=\"column\" data-e-type=\"column\">\n\t\t\t<div class=\"elementor-widget-wrap elementor-element-populated\">\n\t\t\t\t\t\t<div class=\"elementor-element elementor-element-edd487d elementor-widget elementor-widget-jet-engine-booking-form\" data-id=\"edd487d\" data-element_type=\"widget\" data-e-type=\"widget\" data-widget_type=\"jet-engine-booking-form.default\">\n\t\t\t\t<div class=\"elementor-widget-container\">\n\t\t\t\t\t<form  class=\"jet-form layout-column submit-type-reload\" action=\"\/cs\/wp-json\/wp\/v2\/pages\/16586?jet_engine_action=book&#038;nocache=1777476237\" method=\"POST\" data-form-id=\"16619\" data-trp-original-action=\"\/cs\/wp-json\/wp\/v2\/pages\/16586?jet_engine_action=book&#038;nocache=1777476237\"><input class=\"jet-form__field hidden-field\" type=\"hidden\" name=\"_jet_engine_booking_form_id\" value=\"16619\" data-field-name=\"_jet_engine_booking_form_id\"><input class=\"jet-form__field hidden-field\" type=\"hidden\" name=\"_jet_engine_refer\" value=\"https:\/\/www.ballfreunde.com\/cs\/wp-json\/wp\/v2\/pages\/16586\" data-field-name=\"_jet_engine_refer\"><div  class=\"jet-form-row jet-form-row--hidden\"><div class=\"jet-form-col jet-form-col-12  field-type-hidden  jet-form-field-container\" data-field=\"referrer\" data-conditional=\"false\"><input class=\"jet-form__field hidden-field\" type=\"hidden\" name=\"referrer\" value=\"Elternabend\" data-field-name=\"referrer\"><\/div><\/div><div  class=\"jet-form-row jet-form-row--first-visible\"><div class=\"jet-form-col jet-form-col-6  field-type-text  jet-form-field-container\" data-field=\"vorname\" data-conditional=\"false\"><div class=\"jet-form__label\">\n\t<span class=\"jet-form__label-text\" >K\u0159estn\u00ed jm\u00e9no<span class=\"jet-form__required\">*<\/span><\/span>\n\t<\/div><input class=\"jet-form__field text-field\" value=\"\" required=\"required\" name=\"vorname\" id=\"vorname\" type=\"text\" data-field-name=\"vorname\"><\/div><div class=\"jet-form-col jet-form-col-6  field-type-text  jet-form-field-container\" data-field=\"nachname\" data-conditional=\"false\"><div class=\"jet-form__label\">\n\t<span class=\"jet-form__label-text\" >P\u0159\u00edjmen\u00ed<span class=\"jet-form__required\">*<\/span><\/span>\n\t<\/div><input class=\"jet-form__field text-field\" value=\"\" required=\"required\" name=\"nachname\" id=\"nachname\" type=\"text\" data-field-name=\"nachname\"><\/div><\/div><div  class=\"jet-form-row\"><div class=\"jet-form-col jet-form-col-6  field-type-text  jet-form-field-container\" data-field=\"email\" data-conditional=\"false\"><div class=\"jet-form__label\">\n\t<span class=\"jet-form__label-text\" >E-mail<span class=\"jet-form__required\">*<\/span><\/span>\n\t<\/div><input class=\"jet-form__field text-field\" value=\"\" required=\"required\" name=\"email\" id=\"email\" type=\"text\" data-field-name=\"email\"><\/div><div class=\"jet-form-col jet-form-col-6  field-type-text  jet-form-field-container\" data-field=\"mobilnummer\" data-conditional=\"false\"><div class=\"jet-form__label\">\n\t<span class=\"jet-form__label-text\" >\u010c\u00edslo mobiln\u00edho telefonu<\/span>\n\t<\/div><input class=\"jet-form__field text-field\" value=\"\" name=\"mobilnummer\" id=\"mobilnummer\" type=\"text\" data-field-name=\"mobilnummer\"><small class=\"jet-form__desc\"><span class=\"jet-form__desc-text\">Poskytnut\u00ed \u010d\u00edsla mobiln\u00edho telefonu nen\u00ed povinn\u00e9, ale usnad\u0148uje n\u00e1slednou komunikaci.<\/span><\/small><\/div><\/div><div  class=\"jet-form-row\"><div class=\"jet-form-col jet-form-col-6  field-type-text  jet-form-field-container\" data-field=\"verein\" data-conditional=\"false\"><div class=\"jet-form__label\">\n\t<span class=\"jet-form__label-text\" >N\u00e1zev klubu<span class=\"jet-form__required\">*<\/span><\/span>\n\t<\/div><input class=\"jet-form__field text-field\" value=\"\" required=\"required\" name=\"verein\" id=\"verein\" type=\"text\" data-field-name=\"verein\"><\/div><div class=\"jet-form-col jet-form-col-6  field-type-text  jet-form-field-container\" data-field=\"wunschtermin\" data-conditional=\"false\"><div class=\"jet-form__label\">\n\t<span class=\"jet-form__label-text\" >Po\u017eadovan\u00e9 datum<\/span>\n\t<\/div><input class=\"jet-form__field text-field\" value=\"\" name=\"wunschtermin\" id=\"wunschtermin\" type=\"text\" data-field-name=\"wunschtermin\"><small class=\"jet-form__desc\"><span class=\"jet-form__desc-text\">Pokud ji\u017e v\u00edte, kdy se bude konat rodi\u010dovsk\u00fd ve\u010der, zadejte zde datum a \u010das.<\/span><\/small><\/div><\/div><div  class=\"jet-form-row\"><div class=\"jet-form-col jet-form-col-12  field-type-textarea  jet-form-field-container\" data-field=\"hinweise\" data-conditional=\"false\"><div class=\"jet-form__label\">\n\t<span class=\"jet-form__label-text\" >Pozn\u00e1mky<\/span>\n\t<\/div><textarea class=\"jet-form__field textarea-field\" name=\"hinweise\" data-field-name=\"hinweise\" id=\"hinweise\"><\/textarea><\/div><\/div><div  class=\"jet-form-row jet-form-row--submit\"><div class=\"jet-form-col jet-form-col-12  field-type-submit  jet-form-field-container\" data-field=\"Submit\" data-conditional=\"false\"><div class=\"jet-form__submit-wrap\">\n\t\t<button class=\"jet-form__submit submit-type-reload\" type=\"submit\">Odeslat \u017e\u00e1dost<\/button>\n<\/div><\/div><\/div><div  class=\"jet-form-row jet-form-row--hidden\"><div class=\"jet-form-col jet-form-col-12  field-type-hidden  jet-form-field-container\" data-field=\"integromat_status\" data-conditional=\"false\"><input class=\"jet-form__field hidden-field\" type=\"hidden\" name=\"integromat_status\" value=\"0\" data-field-name=\"integromat_status\"><\/div><\/div><input class=\"jet-form__field hidden-field\" type=\"hidden\" name=\"_jet_engine_nonce\" value=\"cc4eed0f2c\" data-field-name=\"_jet_engine_nonce\"><input type=\"hidden\" name=\"trp-form-language\" value=\"cs\"\/><\/form>\t\t\t\t<\/div>\n\t\t\t\t<\/div>\n\t\t\t\t\t<\/div>\n\t\t<\/div>\n\t\t\t\t\t<\/div>\n\t\t<\/section>\n\t\t\t\t<\/div>","protected":false},"excerpt":{"rendered":"<p>Anfrage Elternabend Wir unterst\u00fctzen Dich aktiv beim Elternabend und stellen uns den Fragen Deiner Eltern direkt. Wir lieben Abschlussfahrten und teambildende Ma\u00dfnahmen, denn sie pr\u00e4gen uns und vor allem unsere Kinder. Daher nehmen wir als Trainer:innen auch jedes Mal wieder gerne die Organisation eines Abschlusses in die Hand. Nichtsdestotrotz kennen wir alle den Moment, in [&hellip;]<\/p>\n","protected":false},"author":2,"featured_media":0,"parent":0,"menu_order":0,"comment_status":"closed","ping_status":"closed","template":"","meta":{"_jf_save_progress":"","_jet_sm_ready_style":"","_jet_sm_style":"","_jet_sm_controls_values":"","_jet_sm_fonts_collection":"","_jet_sm_fonts_links":"","_joinchat":[],"footnotes":""},"class_list":["post-16586","page","type-page","status-publish","hentry"],"_links":{"self":[{"href":"https:\/\/www.ballfreunde.com\/cs\/wp-json\/wp\/v2\/pages\/16586","targetHints":{"allow":["GET"]}}],"collection":[{"href":"https:\/\/www.ballfreunde.com\/cs\/wp-json\/wp\/v2\/pages"}],"about":[{"href":"https:\/\/www.ballfreunde.com\/cs\/wp-json\/wp\/v2\/types\/page"}],"author":[{"embeddable":true,"href":"https:\/\/www.ballfreunde.com\/cs\/wp-json\/wp\/v2\/users\/2"}],"replies":[{"embeddable":true,"href":"https:\/\/www.ballfreunde.com\/cs\/wp-json\/wp\/v2\/comments?post=16586"}],"version-history":[{"count":3,"href":"https:\/\/www.ballfreunde.com\/cs\/wp-json\/wp\/v2\/pages\/16586\/revisions"}],"predecessor-version":[{"id":44496,"href":"https:\/\/www.ballfreunde.com\/cs\/wp-json\/wp\/v2\/pages\/16586\/revisions\/44496"}],"wp:attachment":[{"href":"https:\/\/www.ballfreunde.com\/cs\/wp-json\/wp\/v2\/media?parent=16586"}],"curies":[{"name":"wp","href":"https:\/\/api.w.org\/{rel}","templated":true}]}}